{"id":5089,"date":"2015-05-13T01:41:19","date_gmt":"2015-05-13T04:41:19","guid":{"rendered":"https:\/\/www.pnst.com.br\/da\/alliances\/"},"modified":"2025-02-25T12:28:19","modified_gmt":"2025-02-25T15:28:19","slug":"alliancer","status":"publish","type":"page","link":"https:\/\/www.pnst.com.br\/da\/alliancer\/","title":{"rendered":"Alliancer"},"content":{"rendered":"\n<h3 class=\"wp-block-heading\">Alliancer<\/h3>\n\n\n\n<hr class=\"wp-block-separator has-css-opacity is-style-wide\"\/>\n\n\n\n<div class=\"wp-block-genesis-blocks-gb-container gb-block-container\"><div class=\"gb-container-inside\"><div class=\"gb-container-content\" style=\"max-width:1600px\">\n<div class=\"wp-block-genesis-blocks-gb-columns gb-layout-columns-2 gb-2-col-equal\"><div class=\"gb-layout-column-wrap gb-block-layout-column-gap-2 gb-is-responsive-column\">\n<div class=\"wp-block-genesis-blocks-gb-column gb-block-layout-column\"><div class=\"gb-block-layout-column-inner\">\n<figure class=\"wp-block-image size-large\"><a href=\"http:\/\/alliuris.com\/\" target=\"_blank\" rel=\"noreferrer noopener\"><img loading=\"lazy\" decoding=\"async\" width=\"210\" height=\"68\" src=\"https:\/\/www.pnst.com.br\/wp-content\/uploads\/2015\/05\/logos-parceiros_0000s_0016_Alliuris.png\" alt=\"\" class=\"wp-image-8459\"\/><\/a><\/figure>\n\n\n\n<p>Et internationalt netv\u00e6rk af uafh\u00e6ngige advokatfirmaer, som har til  form\u00e5l at fremme kulturel og faglig udveksling og skabe et  ikke-eksklusivt samarbejde for at im\u00f8dekomme deres klienters behov rundt  om i verden. <br><a rel=\"noreferrer noopener\" aria-label=\"www.alliuris.org (abre numa nova aba)\" href=\"https:\/\/www.alliuris.org\/\" target=\"_blank\">www.alliuris.org<\/a><\/p>\n<\/div><\/div>\n\n\n\n<div class=\"wp-block-genesis-blocks-gb-column gb-block-layout-column\"><div class=\"gb-block-layout-column-inner\">\n<p><\/p>\n<\/div><\/div>\n<\/div><\/div>\n<\/div><\/div><\/div>\n\n\n\n<div style=\"height:30px\" aria-hidden=\"true\" class=\"wp-block-spacer\"><\/div>\n\n\n\n<h3 class=\"wp-block-heading\">Samarbejde<\/h3>\n\n\n\n<hr class=\"wp-block-separator has-css-opacity is-style-wide\"\/>\n\n\n\n<div class=\"wp-block-genesis-blocks-gb-container gb-block-container\"><div class=\"gb-container-inside\"><div class=\"gb-container-content\" style=\"max-width:1600px\">\n<div class=\"wp-block-columns is-layout-flex wp-container-core-columns-is-layout-9d6595d7 wp-block-columns-is-layout-flex\">\n<div class=\"wp-block-column is-layout-flow wp-block-column-is-layout-flow\">\n<figure class=\"wp-block-image size-large\"><a href=\"http:\/\/www.claudiozalaf.com.br\/\" target=\"_blank\" rel=\"noreferrer noopener\"><img loading=\"lazy\" decoding=\"async\" width=\"210\" height=\"68\" src=\"https:\/\/www.pnst.com.br\/wp-content\/uploads\/2015\/05\/logos-parceiros_0000s_0011_zalaf.png\" alt=\"\" class=\"wp-image-8394\"\/><\/a><\/figure>\n\n\n\n<p> <a rel=\"noreferrer noopener\" href=\"http:\/\/www.claudiozalaf.com.br\/\" target=\"_blank\">www.claudiozalaf.com.br<\/a><\/p>\n<\/div>\n\n\n\n<div class=\"wp-block-column is-layout-flow wp-block-column-is-layout-flow\">\n<figure class=\"wp-block-image size-large\"><a href=\"http:\/\/www.yingkeinternational.com\/\" target=\"_blank\" rel=\"noreferrer noopener\"><img loading=\"lazy\" decoding=\"async\" width=\"210\" height=\"68\" src=\"https:\/\/www.pnst.com.br\/wp-content\/uploads\/2015\/05\/logos-parceiros_0000s_0013_Yingke.png\" alt=\"\" class=\"wp-image-8420\"\/><\/a><\/figure>\n\n\n\n<p>Full-service advokatfirma, stiftet i 2001 og med hovedkvarter i Beijing, der servicerer det kinesiske marked og varetager kinesiske investeringer i udlandet. <br><a href=\"http:\/\/www.yingkelawyer.com\/\" target=\"_blank\" rel=\"noreferrer noopener\"><a href=\"https:\/\/www.yingkelawyer.com\/\" target=\"_blank\" rel=\"noreferrer noopener\">www.yingkelawyer.com<\/a><\/a><\/p>\n<\/div>\n\n\n\n<div class=\"wp-block-column is-layout-flow wp-block-column-is-layout-flow\">\n<figure class=\"wp-block-image size-large\"><a href=\"http:\/\/mauer-group.com\/\" target=\"_blank\" rel=\"noreferrer noopener\"><img loading=\"lazy\" decoding=\"async\" width=\"210\" height=\"68\" src=\"https:\/\/www.pnst.com.br\/wp-content\/uploads\/2015\/07\/novo-logo-mauer.jpg\" alt=\"\" class=\"wp-image-7952\"\/><\/a><\/figure>\n\n\n\n<p>Skatter\u00e5dgivning og juridisk bistand \u2022 International handel og investeringer \u2022 Selskabsfinansiering og revision <br><a rel=\"noreferrer noopener\" aria-label=\"mauer-group.com (abre numa nova aba)\" href=\"http:\/\/mauer-group.com\/\" target=\"_blank\">mauer-group.com<\/a><\/p>\n<\/div>\n<\/div>\n<\/div><\/div><\/div>\n\n\n\n<h3 class=\"wp-block-heading\">Medlemskab<\/h3>\n\n\n\n<hr class=\"wp-block-separator has-css-opacity is-style-wide\"\/>\n\n\n\n<div class=\"wp-block-genesis-blocks-gb-container membros gb-block-container\"><div class=\"gb-container-inside\"><div class=\"gb-container-content\" style=\"max-width:1600px\">\n        \n            <div class=\"wpwax-lsu-ultimate  wpwax-lsu-grid wpwax-lsu-grid-theme-1 wpwax-lsu-logo-col-lg-5 wpwax-lsu-logo-col-md-3 wpwax-lsu-logo-col-sm-2 \"\n                        >\n\n                <div class=\"wpwax-lsu-content\">\n\n                    \n                    <div class=\"wpwax-lsu-item wpwax-lsu-item-bordered\">\n\n    <div class=\"wpwax-lsu-item-inner\" data-bs-toggle=\"\" data-bs-placement=\"top\" title=\"Dutcham\">\n\n        <a href=\"https:\/\/www.dutcham.com.br\/\" target=\"_blank\">\n\n            <img decoding=\"async\" src=\"https:\/\/www.pnst.com.br\/wp-content\/uploads\/2025\/08\/logo-dutcham.png\" alt=\"Dutcham\">\n\n        <\/a>\n\n    <\/div>\n\n<\/div>\n                    <div class=\"wpwax-lsu-item wpwax-lsu-item-bordered\">\n\n    <div class=\"wpwax-lsu-item-inner\" data-bs-toggle=\"\" data-bs-placement=\"top\" title=\"\">\n\n        <a href=\"https:\/\/www.ahkbrasilien.com.br\/\" target=\"_blank\">\n\n            <img decoding=\"async\" src=\"https:\/\/www.pnst.com.br\/wp-content\/uploads\/2018\/08\/logo-ahk.png\" alt=\"AHK\">\n\n        <\/a>\n\n    <\/div>\n\n<\/div>\n                    <div class=\"wpwax-lsu-item wpwax-lsu-item-bordered\">\n\n    <div class=\"wpwax-lsu-item-inner\" data-bs-toggle=\"\" data-bs-placement=\"top\" title=\"\">\n\n        <a href=\"http:\/\/www.ccfb.com.br\/\" target=\"_blank\">\n\n            <img decoding=\"async\" src=\"https:\/\/www.pnst.com.br\/wp-content\/uploads\/2018\/08\/logo-ccifb.png\" alt=\"CCFB\">\n\n        <\/a>\n\n    <\/div>\n\n<\/div>\n                    <div class=\"wpwax-lsu-item wpwax-lsu-item-bordered\">\n\n    <div class=\"wpwax-lsu-item-inner\" data-bs-toggle=\"\" data-bs-placement=\"top\" title=\"\">\n\n        <a href=\"http:\/\/danchamb.com.br\/\" target=\"_blank\">\n\n            <img decoding=\"async\" src=\"https:\/\/www.pnst.com.br\/wp-content\/uploads\/2020\/12\/logo-danchamb.png\" alt=\"Danchamb\">\n\n        <\/a>\n\n    <\/div>\n\n<\/div>\n                    <div class=\"wpwax-lsu-item wpwax-lsu-item-bordered\">\n\n    <div class=\"wpwax-lsu-item-inner\" data-bs-toggle=\"\" data-bs-placement=\"top\" title=\"\">\n\n        <a href=\"http:\/\/www.finncham.org.br\/\" target=\"_blank\">\n\n            <img decoding=\"async\" src=\"https:\/\/www.pnst.com.br\/wp-content\/uploads\/2018\/08\/logo-finncham-brasil.png\" alt=\"FinnCham Brazil\">\n\n        <\/a>\n\n    <\/div>\n\n<\/div>\n                    <div class=\"wpwax-lsu-item wpwax-lsu-item-bordered\">\n\n    <div class=\"wpwax-lsu-item-inner\" data-bs-toggle=\"\" data-bs-placement=\"top\" title=\"\">\n\n        <a href=\"http:\/\/www.nbcc.com.br\/\" target=\"_blank\">\n\n            <img decoding=\"async\" src=\"https:\/\/www.pnst.com.br\/wp-content\/uploads\/2018\/08\/logo-nbcc.png\" alt=\"NBCC\">\n\n        <\/a>\n\n    <\/div>\n\n<\/div>\n                    <div class=\"wpwax-lsu-item wpwax-lsu-item-bordered\">\n\n    <div class=\"wpwax-lsu-item-inner\" data-bs-toggle=\"\" data-bs-placement=\"top\" title=\"\">\n\n        <a href=\"http:\/\/www.swedcham.com.br\/\" target=\"_blank\">\n\n            <img decoding=\"async\" src=\"https:\/\/www.pnst.com.br\/wp-content\/uploads\/2018\/08\/logo-swedcham-brasil.png\" alt=\"Swedcham\">\n\n        <\/a>\n\n    <\/div>\n\n<\/div>\n                    <div class=\"wpwax-lsu-item wpwax-lsu-item-bordered\">\n\n    <div class=\"wpwax-lsu-item-inner\" data-bs-toggle=\"\" data-bs-placement=\"top\" title=\"\">\n\n        <a href=\"http:\/\/www.swisscam.com.br\/\" target=\"_blank\">\n\n            <img decoding=\"async\" src=\"https:\/\/www.pnst.com.br\/wp-content\/uploads\/2018\/08\/logo-swisscam.png\" alt=\"Swisscam\">\n\n        <\/a>\n\n    <\/div>\n\n<\/div>\n                    <div class=\"wpwax-lsu-item wpwax-lsu-item-bordered\">\n\n    <div class=\"wpwax-lsu-item-inner\" data-bs-toggle=\"\" data-bs-placement=\"top\" title=\"\">\n\n        <a href=\"https:\/\/www.bvmw.de\/\" target=\"_blank\">\n\n            <img decoding=\"async\" src=\"https:\/\/www.pnst.com.br\/wp-content\/uploads\/2018\/08\/logo-bvmw.png\" alt=\"Der Mittelstand\">\n\n        <\/a>\n\n    <\/div>\n\n<\/div>\n                    <div class=\"wpwax-lsu-item wpwax-lsu-item-bordered\">\n\n    <div class=\"wpwax-lsu-item-inner\" data-bs-toggle=\"\" data-bs-placement=\"top\" title=\"\">\n\n        <a href=\"https:\/\/fi.co\/\" target=\"_blank\">\n\n            <img decoding=\"async\" src=\"https:\/\/www.pnst.com.br\/wp-content\/uploads\/2018\/08\/logo-founder-institute.png\" alt=\"Founder Institute\">\n\n        <\/a>\n\n    <\/div>\n\n<\/div>\n                    <div class=\"wpwax-lsu-item wpwax-lsu-item-bordered\">\n\n    <div class=\"wpwax-lsu-item-inner\" data-bs-toggle=\"\" data-bs-placement=\"top\" title=\"\">\n\n        <a href=\"https:\/\/www.aasp.org.br\/\" target=\"_blank\">\n\n            <img decoding=\"async\" src=\"https:\/\/www.pnst.com.br\/wp-content\/uploads\/2018\/08\/logo-aasp.png\" alt=\"AASP\">\n\n        <\/a>\n\n    <\/div>\n\n<\/div>\n                    <div class=\"wpwax-lsu-item wpwax-lsu-item-bordered\">\n\n    <div class=\"wpwax-lsu-item-inner\" data-bs-toggle=\"\" data-bs-placement=\"top\" title=\"\">\n\n        <a href=\"https:\/\/ibatt.org.br\/\" target=\"_blank\">\n\n            <img decoding=\"async\" src=\"https:\/\/www.pnst.com.br\/wp-content\/uploads\/2025\/02\/logo-IBATT.png\" alt=\"IBAT\">\n\n        <\/a>\n\n    <\/div>\n\n<\/div>        \n                <\/div>\n                            <\/div>\n\n            \n<\/div><\/div><\/div>\n\n\n\n<p><\/p>\n\n\n\n<h3 class=\"wp-block-heading\">Sociale Projekter<\/h3>\n\n\n\n<hr class=\"wp-block-separator has-css-opacity is-style-wide\"\/>\n\n\n\n<div class=\"wp-block-genesis-blocks-gb-columns social-projects gb-layout-columns-5 five-column\"><div class=\"gb-layout-column-wrap gb-block-layout-column-gap-0 gb-is-responsive-column\">\n<div class=\"wp-block-genesis-blocks-gb-column gb-block-layout-column\"><div class=\"gb-block-layout-column-inner\">\n<figure class=\"wp-block-image size-large\"><a href=\"https:\/\/associacaoescandinava.org.br\/\" target=\"_blank\" rel=\"noopener noreferrer\"><img loading=\"lazy\" decoding=\"async\" width=\"219\" height=\"143\" src=\"https:\/\/www.pnst.com.br\/wp-content\/uploads\/2020\/12\/logo-associacao-escandinava-edited.png\" alt=\"\" class=\"wp-image-16990\"\/><\/a><\/figure>\n<\/div><\/div>\n\n\n\n<div class=\"wp-block-genesis-blocks-gb-column gb-block-layout-column\"><div class=\"gb-block-layout-column-inner\">\n<figure class=\"wp-block-image size-large\"><a href=\"https:\/\/redeculturalbeijaflor.org.br\/\" target=\"_blank\" rel=\"noopener noreferrer\"><img loading=\"lazy\" decoding=\"async\" width=\"220\" height=\"143\" src=\"https:\/\/www.pnst.com.br\/wp-content\/uploads\/2020\/12\/logo-rede-beija-flor.png\" alt=\"\" class=\"wp-image-16978\"\/><\/a><\/figure>\n<\/div><\/div>\n\n\n\n<div class=\"wp-block-genesis-blocks-gb-column gb-block-layout-column\"><div class=\"gb-block-layout-column-inner\">\n<p><\/p>\n<\/div><\/div>\n\n\n\n<div class=\"wp-block-genesis-blocks-gb-column gb-block-layout-column\"><div class=\"gb-block-layout-column-inner\">\n<p><\/p>\n<\/div><\/div>\n\n\n\n<div class=\"wp-block-genesis-blocks-gb-column gb-block-layout-column\"><div class=\"gb-block-layout-column-inner\">\n<p><\/p>\n<\/div><\/div>\n<\/div><\/div>\n","protected":false},"excerpt":{"rendered":"<p>Alliancer Samarbejde Medlemskab Sociale Projekter<\/p>\n","protected":false},"author":1,"featured_media":0,"parent":0,"menu_order":0,"comment_status":"closed","ping_status":"open","template":"","meta":{"_uag_custom_page_level_css":"","_genesis_hide_title":false,"_genesis_hide_breadcrumbs":false,"_genesis_hide_singular_image":false,"_genesis_hide_footer_widgets":false,"_genesis_custom_body_class":"","_genesis_custom_post_class":"","_genesis_layout":"","_joinchat":[],"footnotes":""},"class_list":{"0":"post-5089","1":"page","2":"type-page","3":"status-publish","5":"entry","6":"has-post-thumbnail"},"yoast_head":"<!-- This site is optimized with the Yoast SEO plugin v27.4 - https:\/\/yoast.com\/product\/yoast-seo-wordpress\/ -->\n<title>Alliancer - PNST<\/title>\n<meta name=\"robots\" content=\"index, follow, max-snippet:-1, max-image-preview:large, max-video-preview:-1\" \/>\n<link rel=\"canonical\" href=\"https:\/\/www.pnst.com.br\/da\/alliancer\/\" \/>\n<meta property=\"og:locale\" content=\"da_DK\" \/>\n<meta property=\"og:type\" content=\"article\" \/>\n<meta property=\"og:title\" content=\"Alliancer - PNST\" \/>\n<meta property=\"og:description\" content=\"Alliancer Samarbejde Medlemskab Sociale Projekter\" \/>\n<meta property=\"og:url\" content=\"https:\/\/www.pnst.com.br\/da\/alliancer\/\" \/>\n<meta property=\"og:site_name\" content=\"PNST\" \/>\n<meta property=\"article:publisher\" content=\"https:\/\/www.facebook.com\/PNSTADVOGADOS\" \/>\n<meta property=\"article:modified_time\" content=\"2025-02-25T15:28:19+00:00\" \/>\n<meta property=\"og:image\" content=\"https:\/\/www.pnst.com.br\/wp-content\/uploads\/2015\/05\/logos-parceiros_0000s_0016_Alliuris.png\" \/>\n\t<meta property=\"og:image:width\" content=\"210\" \/>\n\t<meta property=\"og:image:height\" content=\"68\" \/>\n\t<meta property=\"og:image:type\" content=\"image\/png\" \/>\n<meta name=\"twitter:card\" content=\"summary_large_image\" \/>\n<meta name=\"twitter:label1\" content=\"Estimeret l\u00e6setid\" \/>\n\t<meta name=\"twitter:data1\" content=\"2 minutter\" \/>\n<script type=\"application\/ld+json\" class=\"yoast-schema-graph\">{\"@context\":\"https:\\\/\\\/schema.org\",\"@graph\":[{\"@type\":\"WebPage\",\"@id\":\"https:\\\/\\\/www.pnst.com.br\\\/da\\\/alliancer\\\/\",\"url\":\"https:\\\/\\\/www.pnst.com.br\\\/da\\\/alliancer\\\/\",\"name\":\"Alliancer - PNST\",\"isPartOf\":{\"@id\":\"https:\\\/\\\/www.pnst.com.br\\\/da\\\/#website\"},\"primaryImageOfPage\":{\"@id\":\"https:\\\/\\\/www.pnst.com.br\\\/da\\\/alliancer\\\/#primaryimage\"},\"image\":{\"@id\":\"https:\\\/\\\/www.pnst.com.br\\\/da\\\/alliancer\\\/#primaryimage\"},\"thumbnailUrl\":\"https:\\\/\\\/www.pnst.com.br\\\/wp-content\\\/uploads\\\/2015\\\/05\\\/logos-parceiros_0000s_0016_Alliuris.png\",\"datePublished\":\"2015-05-13T04:41:19+00:00\",\"dateModified\":\"2025-02-25T15:28:19+00:00\",\"breadcrumb\":{\"@id\":\"https:\\\/\\\/www.pnst.com.br\\\/da\\\/alliancer\\\/#breadcrumb\"},\"inLanguage\":\"da-DK\",\"potentialAction\":[{\"@type\":\"ReadAction\",\"target\":[\"https:\\\/\\\/www.pnst.com.br\\\/da\\\/alliancer\\\/\"]}]},{\"@type\":\"ImageObject\",\"inLanguage\":\"da-DK\",\"@id\":\"https:\\\/\\\/www.pnst.com.br\\\/da\\\/alliancer\\\/#primaryimage\",\"url\":\"https:\\\/\\\/www.pnst.com.br\\\/wp-content\\\/uploads\\\/2015\\\/05\\\/logos-parceiros_0000s_0016_Alliuris.png\",\"contentUrl\":\"https:\\\/\\\/www.pnst.com.br\\\/wp-content\\\/uploads\\\/2015\\\/05\\\/logos-parceiros_0000s_0016_Alliuris.png\"},{\"@type\":\"BreadcrumbList\",\"@id\":\"https:\\\/\\\/www.pnst.com.br\\\/da\\\/alliancer\\\/#breadcrumb\",\"itemListElement\":[{\"@type\":\"ListItem\",\"position\":1,\"name\":\"Forside\",\"item\":\"https:\\\/\\\/www.pnst.com.br\\\/da\\\/\"},{\"@type\":\"ListItem\",\"position\":2,\"name\":\"Alliancer\"}]},{\"@type\":\"WebSite\",\"@id\":\"https:\\\/\\\/www.pnst.com.br\\\/da\\\/#website\",\"url\":\"https:\\\/\\\/www.pnst.com.br\\\/da\\\/\",\"name\":\"PNST\",\"description\":\"Pacheco Neto, Sanden, Teisseire Advogados\",\"publisher\":{\"@id\":\"https:\\\/\\\/www.pnst.com.br\\\/da\\\/#organization\"},\"potentialAction\":[{\"@type\":\"SearchAction\",\"target\":{\"@type\":\"EntryPoint\",\"urlTemplate\":\"https:\\\/\\\/www.pnst.com.br\\\/da\\\/?s={search_term_string}\"},\"query-input\":{\"@type\":\"PropertyValueSpecification\",\"valueRequired\":true,\"valueName\":\"search_term_string\"}}],\"inLanguage\":\"da-DK\"},{\"@type\":\"Organization\",\"@id\":\"https:\\\/\\\/www.pnst.com.br\\\/da\\\/#organization\",\"name\":\"PNST | Pacheco Neto, Sanden, Teisseire Advogados\",\"url\":\"https:\\\/\\\/www.pnst.com.br\\\/da\\\/\",\"logo\":{\"@type\":\"ImageObject\",\"inLanguage\":\"da-DK\",\"@id\":\"https:\\\/\\\/www.pnst.com.br\\\/da\\\/#\\\/schema\\\/logo\\\/image\\\/\",\"url\":\"https:\\\/\\\/www.pnst.com.br\\\/wp-content\\\/uploads\\\/2015\\\/07\\\/PNST-Pacheco-Neto-Sanden_Teisseire.jpg\",\"contentUrl\":\"https:\\\/\\\/www.pnst.com.br\\\/wp-content\\\/uploads\\\/2015\\\/07\\\/PNST-Pacheco-Neto-Sanden_Teisseire.jpg\",\"width\":262,\"height\":95,\"caption\":\"PNST | Pacheco Neto, Sanden, Teisseire Advogados\"},\"image\":{\"@id\":\"https:\\\/\\\/www.pnst.com.br\\\/da\\\/#\\\/schema\\\/logo\\\/image\\\/\"},\"sameAs\":[\"https:\\\/\\\/www.facebook.com\\\/PNSTADVOGADOS\"]}]}<\/script>\n<!-- \/ Yoast SEO plugin. -->","yoast_head_json":{"title":"Alliancer - PNST","robots":{"index":"index","follow":"follow","max-snippet":"max-snippet:-1","max-image-preview":"max-image-preview:large","max-video-preview":"max-video-preview:-1"},"canonical":"https:\/\/www.pnst.com.br\/da\/alliancer\/","og_locale":"da_DK","og_type":"article","og_title":"Alliancer - PNST","og_description":"Alliancer Samarbejde Medlemskab Sociale Projekter","og_url":"https:\/\/www.pnst.com.br\/da\/alliancer\/","og_site_name":"PNST","article_publisher":"https:\/\/www.facebook.com\/PNSTADVOGADOS","article_modified_time":"2025-02-25T15:28:19+00:00","og_image":[{"width":210,"height":68,"url":"https:\/\/www.pnst.com.br\/wp-content\/uploads\/2015\/05\/logos-parceiros_0000s_0016_Alliuris.png","type":"image\/png"}],"twitter_card":"summary_large_image","twitter_misc":{"Estimeret l\u00e6setid":"2 minutter"},"schema":{"@context":"https:\/\/schema.org","@graph":[{"@type":"WebPage","@id":"https:\/\/www.pnst.com.br\/da\/alliancer\/","url":"https:\/\/www.pnst.com.br\/da\/alliancer\/","name":"Alliancer - PNST","isPartOf":{"@id":"https:\/\/www.pnst.com.br\/da\/#website"},"primaryImageOfPage":{"@id":"https:\/\/www.pnst.com.br\/da\/alliancer\/#primaryimage"},"image":{"@id":"https:\/\/www.pnst.com.br\/da\/alliancer\/#primaryimage"},"thumbnailUrl":"https:\/\/www.pnst.com.br\/wp-content\/uploads\/2015\/05\/logos-parceiros_0000s_0016_Alliuris.png","datePublished":"2015-05-13T04:41:19+00:00","dateModified":"2025-02-25T15:28:19+00:00","breadcrumb":{"@id":"https:\/\/www.pnst.com.br\/da\/alliancer\/#breadcrumb"},"inLanguage":"da-DK","potentialAction":[{"@type":"ReadAction","target":["https:\/\/www.pnst.com.br\/da\/alliancer\/"]}]},{"@type":"ImageObject","inLanguage":"da-DK","@id":"https:\/\/www.pnst.com.br\/da\/alliancer\/#primaryimage","url":"https:\/\/www.pnst.com.br\/wp-content\/uploads\/2015\/05\/logos-parceiros_0000s_0016_Alliuris.png","contentUrl":"https:\/\/www.pnst.com.br\/wp-content\/uploads\/2015\/05\/logos-parceiros_0000s_0016_Alliuris.png"},{"@type":"BreadcrumbList","@id":"https:\/\/www.pnst.com.br\/da\/alliancer\/#breadcrumb","itemListElement":[{"@type":"ListItem","position":1,"name":"Forside","item":"https:\/\/www.pnst.com.br\/da\/"},{"@type":"ListItem","position":2,"name":"Alliancer"}]},{"@type":"WebSite","@id":"https:\/\/www.pnst.com.br\/da\/#website","url":"https:\/\/www.pnst.com.br\/da\/","name":"PNST","description":"Pacheco Neto, Sanden, Teisseire Advogados","publisher":{"@id":"https:\/\/www.pnst.com.br\/da\/#organization"},"potentialAction":[{"@type":"SearchAction","target":{"@type":"EntryPoint","urlTemplate":"https:\/\/www.pnst.com.br\/da\/?s={search_term_string}"},"query-input":{"@type":"PropertyValueSpecification","valueRequired":true,"valueName":"search_term_string"}}],"inLanguage":"da-DK"},{"@type":"Organization","@id":"https:\/\/www.pnst.com.br\/da\/#organization","name":"PNST | Pacheco Neto, Sanden, Teisseire Advogados","url":"https:\/\/www.pnst.com.br\/da\/","logo":{"@type":"ImageObject","inLanguage":"da-DK","@id":"https:\/\/www.pnst.com.br\/da\/#\/schema\/logo\/image\/","url":"https:\/\/www.pnst.com.br\/wp-content\/uploads\/2015\/07\/PNST-Pacheco-Neto-Sanden_Teisseire.jpg","contentUrl":"https:\/\/www.pnst.com.br\/wp-content\/uploads\/2015\/07\/PNST-Pacheco-Neto-Sanden_Teisseire.jpg","width":262,"height":95,"caption":"PNST | Pacheco Neto, Sanden, Teisseire Advogados"},"image":{"@id":"https:\/\/www.pnst.com.br\/da\/#\/schema\/logo\/image\/"},"sameAs":["https:\/\/www.facebook.com\/PNSTADVOGADOS"]}]}},"featured_image_src":"","featured_image_src_square":false,"rbea_author_info":{"display_name":"admin","author_link":"https:\/\/www.pnst.com.br\/da\/author\/admin\/"},"rbea_excerpt_info":"Alliancer Samarbejde Medlemskab Sociale Projekter","uagb_featured_image_src":{"full":false,"thumbnail":false,"medium":false,"medium_large":false,"large":false,"1536x1536":false,"2048x2048":false,"single-featured-image":false,"blog-featured-image":false,"home-featured":false,"gb-block-post-grid-landscape":false,"gb-block-post-grid-square":false},"uagb_author_info":{"display_name":"admin","author_link":"https:\/\/www.pnst.com.br\/da\/author\/admin\/"},"uagb_comment_info":0,"uagb_excerpt":"Alliancer Samarbejde Medlemskab Sociale Projekter","_links":{"self":[{"href":"https:\/\/www.pnst.com.br\/da\/wp-json\/wp\/v2\/pages\/5089","targetHints":{"allow":["GET"]}}],"collection":[{"href":"https:\/\/www.pnst.com.br\/da\/wp-json\/wp\/v2\/pages"}],"about":[{"href":"https:\/\/www.pnst.com.br\/da\/wp-json\/wp\/v2\/types\/page"}],"author":[{"embeddable":true,"href":"https:\/\/www.pnst.com.br\/da\/wp-json\/wp\/v2\/users\/1"}],"replies":[{"embeddable":true,"href":"https:\/\/www.pnst.com.br\/da\/wp-json\/wp\/v2\/comments?post=5089"}],"version-history":[{"count":0,"href":"https:\/\/www.pnst.com.br\/da\/wp-json\/wp\/v2\/pages\/5089\/revisions"}],"wp:attachment":[{"href":"https:\/\/www.pnst.com.br\/da\/wp-json\/wp\/v2\/media?parent=5089"}],"curies":[{"name":"wp","href":"https:\/\/api.w.org\/{rel}","templated":true}]}}