{"id":4199,"date":"2011-07-14T19:45:29","date_gmt":"2011-07-14T22:45:29","guid":{"rendered":"https:\/\/www.pnst.com.br\/?page_id=4199"},"modified":"2024-02-06T22:14:58","modified_gmt":"2024-02-07T01:14:58","slug":"uber-uns","status":"publish","type":"page","link":"https:\/\/www.pnst.com.br\/de\/uber-uns\/","title":{"rendered":"\u00dcber Uns"},"content":{"rendered":"\n<div class=\"wp-block-columns is-layout-flex wp-container-core-columns-is-layout-9d6595d7 wp-block-columns-is-layout-flex\">\n<div class=\"wp-block-column is-layout-flow wp-block-column-is-layout-flow\" style=\"flex-basis:20%\"><\/div>\n\n\n\n<div class=\"wp-block-column is-layout-flow wp-block-column-is-layout-flow\" style=\"flex-basis:80%\">\n<h3 class=\"subtitulo wp-block-heading\">Eine Starke Pr\u00e4senz in Brasilien und \u00dcbersee<\/h3>\n\n\n\n<p>Praktische Erfahrungen mit f\u00fchrenden europ\u00e4ischen Unternehmen,  insbesondere aus Deutschland, Frankreich und Skandinavien sowie aus den  USA.<\/p>\n\n\n\n<figure class=\"wp-block-image size-full\"><img loading=\"lazy\" decoding=\"async\" width=\"585\" height=\"268\" src=\"https:\/\/www.pnst.com.br\/wp-content\/uploads\/2015\/05\/mapa-recortado.png\" alt=\"\" class=\"wp-image-8238\" srcset=\"https:\/\/www.pnst.com.br\/wp-content\/uploads\/2015\/05\/mapa-recortado.png 585w, https:\/\/www.pnst.com.br\/wp-content\/uploads\/2015\/05\/mapa-recortado-300x137.png 300w, https:\/\/www.pnst.com.br\/wp-content\/uploads\/2015\/05\/mapa-recortado-580x266.png 580w\" sizes=\"auto, (max-width: 585px) 100vw, 585px\" \/><\/figure>\n<\/div>\n<\/div>\n\n\n\n<h3 class=\"wp-block-heading\">Eine Globale Sicht des Rechts<\/h3>\n\n\n\n<p>Interkulturelle Erfahrungen. Wir verstehen die Gesetze, die auf Ihr  Unternehmen anzuwenden sind, wir verstehen, wie sie im Verh\u00e4ltnis zu  Ihrem Land in Beziehung stehen und erarbeiten die besten Strategien,  sodass Sie ein Maximum an Vorteilen in nationalen und internationalen  Verhandlungen erzielen k\u00f6nnen.<\/p>\n\n\n\n<p>Unsere Arbeit ist bestimmt durch einen konstanten Dialog zwischen  unserer Kanzlei und dem Mandanten und wird bekr\u00e4ftigt durch das  Verst\u00e4ndnis, dass es in einem globalen und voneinander abh\u00e4ngigen Markt  entscheidend ist, sich die Entwicklungen eines jeden Falls bewusst zu  machen, um die Auswirkungen juristischer Entscheidungen auf die  Unternehmensbilanz vorherzusehen.<\/p>\n\n\n\n<figure class=\"wp-block-gallery columns-3 is-cropped wp-block-gallery-1 is-layout-flex wp-block-gallery-is-layout-flex\"><ul class=\"blocks-gallery-grid\"><li class=\"blocks-gallery-item\"><figure><img loading=\"lazy\" decoding=\"async\" width=\"900\" height=\"600\" src=\"https:\/\/www.pnst.com.br\/wp-content\/uploads\/2019\/11\/socios-2022.png\" alt=\"\" data-id=\"15174\" data-full-url=\"https:\/\/www.pnst.com.br\/wp-content\/uploads\/2019\/11\/socios-2022.png\" data-link=\"https:\/\/www.pnst.com.br\/socios-2019\/\" class=\"wp-image-15174\" srcset=\"https:\/\/www.pnst.com.br\/wp-content\/uploads\/2019\/11\/socios-2022.png 900w, https:\/\/www.pnst.com.br\/wp-content\/uploads\/2019\/11\/socios-2022-300x200.png 300w, https:\/\/www.pnst.com.br\/wp-content\/uploads\/2019\/11\/socios-2022-768x512.png 768w, https:\/\/www.pnst.com.br\/wp-content\/uploads\/2019\/11\/socios-2022-600x400.png 600w\" sizes=\"auto, (max-width: 900px) 100vw, 900px\" \/><\/figure><\/li><li class=\"blocks-gallery-item\"><figure><img loading=\"lazy\" decoding=\"async\" width=\"500\" height=\"334\" src=\"https:\/\/www.pnst.com.br\/wp-content\/uploads\/2015\/04\/escritorio-PNST-Sao-Paulo2.jpg\" alt=\"\" data-id=\"4228\" data-full-url=\"https:\/\/www.pnst.com.br\/wp-content\/uploads\/2015\/04\/escritorio-PNST-Sao-Paulo2.jpg\" data-link=\"https:\/\/www.pnst.com.br\/escritorio-pnst-sao-paulo2-4\/\" class=\"wp-image-4228\" srcset=\"https:\/\/www.pnst.com.br\/wp-content\/uploads\/2015\/04\/escritorio-PNST-Sao-Paulo2.jpg 500w, https:\/\/www.pnst.com.br\/wp-content\/uploads\/2015\/04\/escritorio-PNST-Sao-Paulo2-300x200.jpg 300w\" sizes=\"auto, (max-width: 500px) 100vw, 500px\" \/><\/figure><\/li><li class=\"blocks-gallery-item\"><figure><img loading=\"lazy\" decoding=\"async\" width=\"500\" height=\"334\" src=\"https:\/\/www.pnst.com.br\/wp-content\/uploads\/2015\/04\/escritorio-PNST-Sao-Paulo1.jpg\" alt=\"\" data-id=\"4224\" data-full-url=\"https:\/\/www.pnst.com.br\/wp-content\/uploads\/2015\/04\/escritorio-PNST-Sao-Paulo1.jpg\" data-link=\"https:\/\/www.pnst.com.br\/escritorio-pnst-sao-paulo1-4\/\" class=\"wp-image-4224\" srcset=\"https:\/\/www.pnst.com.br\/wp-content\/uploads\/2015\/04\/escritorio-PNST-Sao-Paulo1.jpg 500w, https:\/\/www.pnst.com.br\/wp-content\/uploads\/2015\/04\/escritorio-PNST-Sao-Paulo1-300x200.jpg 300w\" sizes=\"auto, (max-width: 500px) 100vw, 500px\" \/><\/figure><\/li><\/ul><\/figure>\n\n\n\n<p><strong>Pacheco Neto Sanden Teisseire Rechtsanw\u00e4lte<\/strong> ist eine Kanzlei mit unternehmerischer Rundumberatung, mit umfangreicher multikultureller Erfahrung und <a href=\"https:\/\/www.pnst.com.br\/de\/uber-uns\/mandanten\/\">Mandanten<\/a>  in \u00fcber 20 L\u00e4ndern, vor allem Deutschland, Frankreich und den  skandinavischen L\u00e4ndern sowie den USA und China. PNST ist aktives  Mitglied in verschiedenen <a href=\"https:\/\/www.pnst.com.br\/de\/allianzen\/\">Handelskammern und lokalen sowie internationalen Rechtsanwaltsvereinigungen<\/a>. Hauptsitz der Kanzlei ist in <a href=\"https:\/\/www.pnst.com.br\/de\/kontakte\/\">S\u00e3o Paulo<\/a>, die Kanzlei verf\u00fcgt \u00fcber eine Plattform von rechtlichen L\u00f6sungen in verschiedenen\u00a0<a href=\"https:\/\/www.pnst.com.br\/de\/tatigkeitsschwerpunkte\/\">Bereichen des Unternehmensrechts<\/a>,  einschlie\u00dflich M&amp;A und Umstrukturierungen, Beratungen, Steuer- und  Arbeitsprozessrecht, Handelsvertr\u00e4ge, ausl\u00e4ndische Investitionen,  Immobilientransaktionen, geistiges Eigentum,\u00a0<em>banking and finance<\/em>, Mediation und Schiedsgerichtsbarkeit und Familienplanung und Erbrecht.<\/p>\n\n\n\n<hr class=\"wp-block-separator is-style-wide\"\/>\n\n\n\n<div class=\"wp-block-genesis-blocks-gb-container gb-block-container\"><div class=\"gb-container-inside\"><div class=\"gb-container-content\" style=\"max-width:1600px\">\n<div class=\"wp-block-columns is-layout-flex wp-container-core-columns-is-layout-9d6595d7 wp-block-columns-is-layout-flex\">\n<div class=\"wp-block-column is-layout-flow wp-block-column-is-layout-flow\">\n<h3 class=\"wp-block-heading\">Unser Auftrag<\/h3>\n\n\n\n<p>Wir bieten hochqualifizierte Rechtsberatung auf nationaler und  internationaler Ebene mit umfassendem und auf den Mandanten angepasstem  Service \u2013 immer in der eigenen Sprache des Mandanten und unter  Ber\u00fccksichtigung der kulturellen Eigenheiten. Wir bieten innovative und  personalisierte juristische L\u00f6sungen, um die W\u00fcnsche unserer Mandanten  voll zu erf\u00fcllen.<\/p>\n<\/div>\n\n\n\n<div class=\"wp-block-column is-layout-flow wp-block-column-is-layout-flow\">\n<h3 class=\"wp-block-heading\">Unsere Vision<\/h3>\n\n\n\n<p>Wir bem\u00fchen uns, kulturelle Barrieren bei der Anwendung gesetzlicher  Vorschriften innerhalb einer globalisierten Gesellschaft zu reduzieren,  um unseren Mandaten die sichere Abwicklung ihrer Gesch\u00e4fte zu  erm\u00f6glichen.<\/p>\n<\/div>\n\n\n\n<div class=\"wp-block-column is-layout-flow wp-block-column-is-layout-flow\">\n<h3 class=\"wp-block-heading\">Unsere Werte<\/h3>\n\n\n\n<ol class=\"wp-block-list\"><li>Hervorragende juristische F\u00e4higkeiten, Multikulturalit\u00e4t, Ethik, Transparenz und Zuverl\u00e4ssigkeit.<\/li><li>Soziale, wirtschaftliche und \u00f6kologische Verantwortung.<\/li><li>Bildung, Entwicklung und Bindung Ihrer besten Anw\u00e4lte.<\/li><\/ol>\n<\/div>\n<\/div>\n<\/div><\/div><\/div>\n\n\n\n<hr class=\"wp-block-separator is-style-wide\"\/>\n\n\n\n<div class=\"wp-block-columns is-layout-flex wp-container-core-columns-is-layout-9d6595d7 wp-block-columns-is-layout-flex\">\n<div class=\"wp-block-column is-layout-flow wp-block-column-is-layout-flow\" style=\"flex-basis:66.66%\">\n<h3 class=\"wp-block-heading\">Unser B\u00fcro<\/h3>\n\n\n\n<p>PNST hat seinen Sitz in der gr\u00f6ssten Stadt in Brasilien,\u00a0<a href=\"https:\/\/www.pnst.com.br\/de\/kontakte\/\">S\u00e3o Paulo<\/a>, wo es sich aktiv in den wichtigsten europ\u00e4ischen bilateralen Industrie- und Handelskammern beteiligt.<\/p>\n<\/div>\n\n\n\n<div class=\"wp-block-column is-layout-flow wp-block-column-is-layout-flow\" style=\"flex-basis:33.33%\">\n<h3 class=\"wp-block-heading\">Eine Einzigartige Struktur<\/h3>\n\n\n\n<ul class=\"wp-block-list\"><li><a href=\"https:\/\/www.pnst.com.br\/de\/mitarbeiter\/\">Unsere Anw\u00e4lte<\/a><\/li><li><a href=\"https:\/\/www.pnst.com.br\/de\/tatigkeitsschwerpunkte\/\">Unsere T\u00e4tigkeitsbereiche<\/a><\/li><li><a href=\"https:\/\/www.pnst.com.br\/de\/allianzen\/\">Unsere Mitgliedschaften<\/a><\/li><li><a href=\"https:\/\/www.pnst.com.br\/de\/uber-uns\/mandanten\/\">Unsere Mandanten<\/a><\/li><li><a href=\"https:\/\/www.pnst.com.br\/de\/uber-uns\/soziale-verantwortung\/\">Soziale Verantwortung<\/a><\/li><\/ul>\n<\/div>\n<\/div>\n\n\n\n<hr class=\"wp-block-separator is-style-wide\"\/>\n\n\n\n<h3 class=\"wp-block-heading\">eFolder<\/h3>\n\n\n\n<figure class=\"wp-block-image size-large\"><a href=\"https:\/\/www.pnst.com.br\/publico\/e-folder\/PNST-eFolder-English.pdf\" target=\"_blank\" rel=\"noreferrer noopener\"><img loading=\"lazy\" decoding=\"async\" width=\"179\" height=\"225\" src=\"https:\/\/www.pnst.com.br\/wp-content\/uploads\/2019\/12\/eFolder.jpg\" alt=\"\" class=\"wp-image-15981\"\/><\/a><\/figure>\n","protected":false},"excerpt":{"rendered":"<p>Eine Starke Pr\u00e4senz in Brasilien und \u00dcbersee Praktische Erfahrungen mit f\u00fchrenden europ\u00e4ischen Unternehmen, insbesondere aus Deutschland, Frankreich und Skandinavien sowie aus den USA. Eine Globale Sicht des Rechts Interkulturelle Erfahrungen. Wir verstehen die Gesetze, die auf Ihr Unternehmen anzuwenden sind, wir verstehen, wie sie im Verh\u00e4ltnis zu Ihrem Land in Beziehung stehen und erarbeiten die [&hellip;]<\/p>\n","protected":false},"author":1,"featured_media":0,"parent":0,"menu_order":1,"comment_status":"open","ping_status":"open","template":"","meta":{"_uag_custom_page_level_css":"","_genesis_hide_title":false,"_genesis_hide_breadcrumbs":false,"_genesis_hide_singular_image":false,"_genesis_hide_footer_widgets":false,"_genesis_custom_body_class":"","_genesis_custom_post_class":"","_genesis_layout":"","_joinchat":[],"footnotes":""},"class_list":{"0":"post-4199","1":"page","2":"type-page","3":"status-publish","5":"entry","6":"has-post-thumbnail"},"yoast_head":"<!-- This site is optimized with the Yoast SEO plugin v27.4 - https:\/\/yoast.com\/product\/yoast-seo-wordpress\/ -->\n<title>\u00dcber Uns - PNST<\/title>\n<meta name=\"robots\" content=\"index, follow, max-snippet:-1, max-image-preview:large, max-video-preview:-1\" \/>\n<link rel=\"canonical\" href=\"https:\/\/www.pnst.com.br\/de\/uber-uns\/\" \/>\n<meta property=\"og:locale\" content=\"de_DE\" \/>\n<meta property=\"og:type\" content=\"article\" \/>\n<meta property=\"og:title\" content=\"\u00dcber Uns - PNST\" \/>\n<meta property=\"og:description\" content=\"Eine Starke Pr\u00e4senz in Brasilien und \u00dcbersee Praktische Erfahrungen mit f\u00fchrenden europ\u00e4ischen Unternehmen, insbesondere aus Deutschland, Frankreich und Skandinavien sowie aus den USA. Eine Globale Sicht des Rechts Interkulturelle Erfahrungen. Wir verstehen die Gesetze, die auf Ihr Unternehmen anzuwenden sind, wir verstehen, wie sie im Verh\u00e4ltnis zu Ihrem Land in Beziehung stehen und erarbeiten die [&hellip;]\" \/>\n<meta property=\"og:url\" content=\"https:\/\/www.pnst.com.br\/de\/uber-uns\/\" \/>\n<meta property=\"og:site_name\" content=\"PNST\" \/>\n<meta property=\"article:publisher\" content=\"https:\/\/www.facebook.com\/PNSTADVOGADOS\" \/>\n<meta property=\"article:modified_time\" content=\"2024-02-07T01:14:58+00:00\" \/>\n<meta property=\"og:image\" content=\"https:\/\/www.pnst.com.br\/wp-content\/uploads\/2015\/05\/mapa-recortado.png\" \/>\n<meta name=\"twitter:card\" content=\"summary_large_image\" \/>\n<meta name=\"twitter:label1\" content=\"Gesch\u00e4tzte Lesezeit\" \/>\n\t<meta name=\"twitter:data1\" content=\"2 Minuten\" \/>\n<script type=\"application\/ld+json\" class=\"yoast-schema-graph\">{\"@context\":\"https:\\\/\\\/schema.org\",\"@graph\":[{\"@type\":\"WebPage\",\"@id\":\"https:\\\/\\\/www.pnst.com.br\\\/de\\\/uber-uns\\\/\",\"url\":\"https:\\\/\\\/www.pnst.com.br\\\/de\\\/uber-uns\\\/\",\"name\":\"\u00dcber Uns - PNST\",\"isPartOf\":{\"@id\":\"https:\\\/\\\/www.pnst.com.br\\\/de\\\/#website\"},\"primaryImageOfPage\":{\"@id\":\"https:\\\/\\\/www.pnst.com.br\\\/de\\\/uber-uns\\\/#primaryimage\"},\"image\":{\"@id\":\"https:\\\/\\\/www.pnst.com.br\\\/de\\\/uber-uns\\\/#primaryimage\"},\"thumbnailUrl\":\"https:\\\/\\\/www.pnst.com.br\\\/wp-content\\\/uploads\\\/2015\\\/05\\\/mapa-recortado.png\",\"datePublished\":\"2011-07-14T22:45:29+00:00\",\"dateModified\":\"2024-02-07T01:14:58+00:00\",\"breadcrumb\":{\"@id\":\"https:\\\/\\\/www.pnst.com.br\\\/de\\\/uber-uns\\\/#breadcrumb\"},\"inLanguage\":\"de-DE\",\"potentialAction\":[{\"@type\":\"ReadAction\",\"target\":[\"https:\\\/\\\/www.pnst.com.br\\\/de\\\/uber-uns\\\/\"]}]},{\"@type\":\"ImageObject\",\"inLanguage\":\"de-DE\",\"@id\":\"https:\\\/\\\/www.pnst.com.br\\\/de\\\/uber-uns\\\/#primaryimage\",\"url\":\"https:\\\/\\\/www.pnst.com.br\\\/wp-content\\\/uploads\\\/2015\\\/05\\\/mapa-recortado.png\",\"contentUrl\":\"https:\\\/\\\/www.pnst.com.br\\\/wp-content\\\/uploads\\\/2015\\\/05\\\/mapa-recortado.png\"},{\"@type\":\"BreadcrumbList\",\"@id\":\"https:\\\/\\\/www.pnst.com.br\\\/de\\\/uber-uns\\\/#breadcrumb\",\"itemListElement\":[{\"@type\":\"ListItem\",\"position\":1,\"name\":\"Zuhause\",\"item\":\"https:\\\/\\\/www.pnst.com.br\\\/de\\\/\"},{\"@type\":\"ListItem\",\"position\":2,\"name\":\"\u00dcber Uns\"}]},{\"@type\":\"WebSite\",\"@id\":\"https:\\\/\\\/www.pnst.com.br\\\/de\\\/#website\",\"url\":\"https:\\\/\\\/www.pnst.com.br\\\/de\\\/\",\"name\":\"PNST\",\"description\":\"Pacheco Neto, Sanden, Teisseire Advogados\",\"publisher\":{\"@id\":\"https:\\\/\\\/www.pnst.com.br\\\/de\\\/#organization\"},\"potentialAction\":[{\"@type\":\"SearchAction\",\"target\":{\"@type\":\"EntryPoint\",\"urlTemplate\":\"https:\\\/\\\/www.pnst.com.br\\\/de\\\/?s={search_term_string}\"},\"query-input\":{\"@type\":\"PropertyValueSpecification\",\"valueRequired\":true,\"valueName\":\"search_term_string\"}}],\"inLanguage\":\"de-DE\"},{\"@type\":\"Organization\",\"@id\":\"https:\\\/\\\/www.pnst.com.br\\\/de\\\/#organization\",\"name\":\"PNST | Pacheco Neto, Sanden, Teisseire Advogados\",\"url\":\"https:\\\/\\\/www.pnst.com.br\\\/de\\\/\",\"logo\":{\"@type\":\"ImageObject\",\"inLanguage\":\"de-DE\",\"@id\":\"https:\\\/\\\/www.pnst.com.br\\\/de\\\/#\\\/schema\\\/logo\\\/image\\\/\",\"url\":\"https:\\\/\\\/www.pnst.com.br\\\/wp-content\\\/uploads\\\/2015\\\/07\\\/PNST-Pacheco-Neto-Sanden_Teisseire.jpg\",\"contentUrl\":\"https:\\\/\\\/www.pnst.com.br\\\/wp-content\\\/uploads\\\/2015\\\/07\\\/PNST-Pacheco-Neto-Sanden_Teisseire.jpg\",\"width\":262,\"height\":95,\"caption\":\"PNST | Pacheco Neto, Sanden, Teisseire Advogados\"},\"image\":{\"@id\":\"https:\\\/\\\/www.pnst.com.br\\\/de\\\/#\\\/schema\\\/logo\\\/image\\\/\"},\"sameAs\":[\"https:\\\/\\\/www.facebook.com\\\/PNSTADVOGADOS\"]}]}<\/script>\n<!-- \/ Yoast SEO plugin. -->","yoast_head_json":{"title":"\u00dcber Uns - PNST","robots":{"index":"index","follow":"follow","max-snippet":"max-snippet:-1","max-image-preview":"max-image-preview:large","max-video-preview":"max-video-preview:-1"},"canonical":"https:\/\/www.pnst.com.br\/de\/uber-uns\/","og_locale":"de_DE","og_type":"article","og_title":"\u00dcber Uns - PNST","og_description":"Eine Starke Pr\u00e4senz in Brasilien und \u00dcbersee Praktische Erfahrungen mit f\u00fchrenden europ\u00e4ischen Unternehmen, insbesondere aus Deutschland, Frankreich und Skandinavien sowie aus den USA. Eine Globale Sicht des Rechts Interkulturelle Erfahrungen. Wir verstehen die Gesetze, die auf Ihr Unternehmen anzuwenden sind, wir verstehen, wie sie im Verh\u00e4ltnis zu Ihrem Land in Beziehung stehen und erarbeiten die [&hellip;]","og_url":"https:\/\/www.pnst.com.br\/de\/uber-uns\/","og_site_name":"PNST","article_publisher":"https:\/\/www.facebook.com\/PNSTADVOGADOS","article_modified_time":"2024-02-07T01:14:58+00:00","og_image":[{"url":"https:\/\/www.pnst.com.br\/wp-content\/uploads\/2015\/05\/mapa-recortado.png","type":"","width":"","height":""}],"twitter_card":"summary_large_image","twitter_misc":{"Gesch\u00e4tzte Lesezeit":"2 Minuten"},"schema":{"@context":"https:\/\/schema.org","@graph":[{"@type":"WebPage","@id":"https:\/\/www.pnst.com.br\/de\/uber-uns\/","url":"https:\/\/www.pnst.com.br\/de\/uber-uns\/","name":"\u00dcber Uns - PNST","isPartOf":{"@id":"https:\/\/www.pnst.com.br\/de\/#website"},"primaryImageOfPage":{"@id":"https:\/\/www.pnst.com.br\/de\/uber-uns\/#primaryimage"},"image":{"@id":"https:\/\/www.pnst.com.br\/de\/uber-uns\/#primaryimage"},"thumbnailUrl":"https:\/\/www.pnst.com.br\/wp-content\/uploads\/2015\/05\/mapa-recortado.png","datePublished":"2011-07-14T22:45:29+00:00","dateModified":"2024-02-07T01:14:58+00:00","breadcrumb":{"@id":"https:\/\/www.pnst.com.br\/de\/uber-uns\/#breadcrumb"},"inLanguage":"de-DE","potentialAction":[{"@type":"ReadAction","target":["https:\/\/www.pnst.com.br\/de\/uber-uns\/"]}]},{"@type":"ImageObject","inLanguage":"de-DE","@id":"https:\/\/www.pnst.com.br\/de\/uber-uns\/#primaryimage","url":"https:\/\/www.pnst.com.br\/wp-content\/uploads\/2015\/05\/mapa-recortado.png","contentUrl":"https:\/\/www.pnst.com.br\/wp-content\/uploads\/2015\/05\/mapa-recortado.png"},{"@type":"BreadcrumbList","@id":"https:\/\/www.pnst.com.br\/de\/uber-uns\/#breadcrumb","itemListElement":[{"@type":"ListItem","position":1,"name":"Zuhause","item":"https:\/\/www.pnst.com.br\/de\/"},{"@type":"ListItem","position":2,"name":"\u00dcber Uns"}]},{"@type":"WebSite","@id":"https:\/\/www.pnst.com.br\/de\/#website","url":"https:\/\/www.pnst.com.br\/de\/","name":"PNST","description":"Pacheco Neto, Sanden, Teisseire Advogados","publisher":{"@id":"https:\/\/www.pnst.com.br\/de\/#organization"},"potentialAction":[{"@type":"SearchAction","target":{"@type":"EntryPoint","urlTemplate":"https:\/\/www.pnst.com.br\/de\/?s={search_term_string}"},"query-input":{"@type":"PropertyValueSpecification","valueRequired":true,"valueName":"search_term_string"}}],"inLanguage":"de-DE"},{"@type":"Organization","@id":"https:\/\/www.pnst.com.br\/de\/#organization","name":"PNST | Pacheco Neto, Sanden, Teisseire Advogados","url":"https:\/\/www.pnst.com.br\/de\/","logo":{"@type":"ImageObject","inLanguage":"de-DE","@id":"https:\/\/www.pnst.com.br\/de\/#\/schema\/logo\/image\/","url":"https:\/\/www.pnst.com.br\/wp-content\/uploads\/2015\/07\/PNST-Pacheco-Neto-Sanden_Teisseire.jpg","contentUrl":"https:\/\/www.pnst.com.br\/wp-content\/uploads\/2015\/07\/PNST-Pacheco-Neto-Sanden_Teisseire.jpg","width":262,"height":95,"caption":"PNST | Pacheco Neto, Sanden, Teisseire Advogados"},"image":{"@id":"https:\/\/www.pnst.com.br\/de\/#\/schema\/logo\/image\/"},"sameAs":["https:\/\/www.facebook.com\/PNSTADVOGADOS"]}]}},"featured_image_src":"","featured_image_src_square":false,"rbea_author_info":{"display_name":"admin","author_link":"https:\/\/www.pnst.com.br\/de\/author\/admin\/"},"rbea_excerpt_info":"Eine Starke Pr\u00e4senz in Brasilien und \u00dcbersee Praktische Erfahrungen mit f\u00fchrenden europ\u00e4ischen Unternehmen, insbesondere aus Deutschland, Frankreich und Skandinavien sowie aus den USA. Eine Globale Sicht des Rechts Interkulturelle Erfahrungen. Wir verstehen die Gesetze, die auf Ihr Unternehmen anzuwenden sind, wir verstehen, wie sie im Verh\u00e4ltnis zu Ihrem Land in Beziehung stehen und erarbeiten die [&hellip;]","uagb_featured_image_src":{"full":false,"thumbnail":false,"medium":false,"medium_large":false,"large":false,"1536x1536":false,"2048x2048":false,"single-featured-image":false,"blog-featured-image":false,"home-featured":false,"gb-block-post-grid-landscape":false,"gb-block-post-grid-square":false},"uagb_author_info":{"display_name":"admin","author_link":"https:\/\/www.pnst.com.br\/de\/author\/admin\/"},"uagb_comment_info":0,"uagb_excerpt":"Eine Starke Pr\u00e4senz in Brasilien und \u00dcbersee Praktische Erfahrungen mit f\u00fchrenden europ\u00e4ischen Unternehmen, insbesondere aus Deutschland, Frankreich und Skandinavien sowie aus den USA. Eine Globale Sicht des Rechts Interkulturelle Erfahrungen. Wir verstehen die Gesetze, die auf Ihr Unternehmen anzuwenden sind, wir verstehen, wie sie im Verh\u00e4ltnis zu Ihrem Land in Beziehung stehen und erarbeiten die&hellip;","_links":{"self":[{"href":"https:\/\/www.pnst.com.br\/de\/wp-json\/wp\/v2\/pages\/4199","targetHints":{"allow":["GET"]}}],"collection":[{"href":"https:\/\/www.pnst.com.br\/de\/wp-json\/wp\/v2\/pages"}],"about":[{"href":"https:\/\/www.pnst.com.br\/de\/wp-json\/wp\/v2\/types\/page"}],"author":[{"embeddable":true,"href":"https:\/\/www.pnst.com.br\/de\/wp-json\/wp\/v2\/users\/1"}],"replies":[{"embeddable":true,"href":"https:\/\/www.pnst.com.br\/de\/wp-json\/wp\/v2\/comments?post=4199"}],"version-history":[{"count":0,"href":"https:\/\/www.pnst.com.br\/de\/wp-json\/wp\/v2\/pages\/4199\/revisions"}],"wp:attachment":[{"href":"https:\/\/www.pnst.com.br\/de\/wp-json\/wp\/v2\/media?parent=4199"}],"curies":[{"name":"wp","href":"https:\/\/api.w.org\/{rel}","templated":true}]}}