{"id":4930,"date":"2015-05-13T02:12:11","date_gmt":"2015-05-13T05:12:11","guid":{"rendered":"https:\/\/www.pnst.com.br\/es\/areas-de-atuacao\/"},"modified":"2025-02-03T12:41:20","modified_gmt":"2025-02-03T15:41:20","slug":"areas-de-negocios","status":"publish","type":"page","link":"https:\/\/www.pnst.com.br\/es\/areas-de-negocios\/","title":{"rendered":"\u00c1reas de Pr\u00e1ctica"},"content":{"rendered":"\n<p>Ayudamos a nuestros clientes en operaciones relacionadas con los m\u00e1s  diversos sectores de la econom\u00eda tanto en el \u00e1mbito nacional como en el  internacional, en varias \u00e1reas.<\/p>\n\n\n\n<div class=\"wp-block-genesis-blocks-gb-container areas-atuacao-acordeao gb-block-container\"><div class=\"gb-container-inside\"><div class=\"gb-container-content\" style=\"max-width:1600px\">\n<div class=\"wp-block-columns is-layout-flex wp-container-core-columns-is-layout-9d6595d7 wp-block-columns-is-layout-flex\">\n<div class=\"wp-block-column is-vertically-aligned-top is-layout-flow wp-block-column-is-layout-flow\" style=\"flex-basis:20%\">\n<h4 class=\"wp-block-heading\">Servicios Principales<\/h4>\n<\/div>\n\n\n\n<div class=\"wp-block-column is-layout-flow wp-block-column-is-layout-flow\" style=\"flex-basis:80%\">\n<div class=\"wp-block-genesis-blocks-gb-accordion gb-block-accordion\"><details><summary class=\"gb-accordion-title\">Consultivo y Contencioso Civil<\/summary><div class=\"gb-accordion-text\">\n<p>Asistencia pre-contenciosa (prevenci\u00f3n de litigios) y actuaci\u00f3n en  todas las instancias judiciales, incluso en Tribunales Superiores, en  las siguientes \u00e1reas: demandas de derechos difusos colectivos e  individuales homog\u00e9neos (medio ambiente, relaciones de consumo, bienes y  derechos de valor art\u00edstico, est\u00e9tico, hist\u00f3rico, tur\u00edstico y  paisaj\u00edstico), Investigaciones y Demandas Civiles P\u00fablicas, Recuperaci\u00f3n  de cr\u00e9dito (ejecuci\u00f3n y habilitaci\u00f3n de cr\u00e9dito en quiebras y  concursos), posesi\u00f3n y propiedad de inmuebles, familia y sucesiones,  cobro, ejecuci\u00f3n, entre otros.<\/p>\n<\/div><\/details><\/div>\n\n\n\n<div class=\"wp-block-genesis-blocks-gb-accordion gb-block-accordion\"><details><summary class=\"gb-accordion-title\">Consultivo y Contencioso Laboral<\/summary><div class=\"gb-accordion-text\">\n<p>El departamento laboral act\u00faa en el \u00e1rea consultiva preventiva y  contenciosa y representa a los clientes en litigios laborales, previas  conciliaciones, negociaciones con sindicatos y en convenciones  colectivas, contratos individuales y colectivos. El departamento es  actuante en la consultor\u00eda para la prevenci\u00f3n a demandas laborales  judiciales y en la minimizaci\u00f3n de los riesgos de pasivos laborales  provenientes de las relaciones de empleo propiamente dichas y de las  fiscalizaciones del Ministerio del Trabajo y del Ministerio de la  Previsi\u00f3n Social y Asistencia Social.<\/p>\n<\/div><\/details><\/div>\n\n\n\n<div class=\"wp-block-genesis-blocks-gb-accordion gb-block-accordion\"><details><summary class=\"gb-accordion-title\">Consultivo y Contencioso Tributario<\/summary><div class=\"gb-accordion-text\">\n<p>Consultor\u00eda preventiva y contencioso administrativo y judicial  relativos a todos los tributos, ya sean de competencia de la Uni\u00f3n,  Estados, Municipios o del Distrito Federal, incluyendo planificaci\u00f3n  fiscal, elaboraci\u00f3n de dict\u00e1menes y\/o de consultas administrativas,  contestaci\u00f3n preventiva de exigencias fiscales que sean consideradas  ilegales o inconstitucionales; defensa del contribuyente contra actas de  infracci\u00f3n y dimensionamiento y recuperaci\u00f3n de tributos y  contribuciones.<\/p>\n<\/div><\/details><\/div>\n\n\n\n<div class=\"wp-block-genesis-blocks-gb-accordion gb-block-accordion\"><details><summary class=\"gb-accordion-title\">Contratos Comerciales<\/summary><div class=\"gb-accordion-text\">\n<p>An\u00e1lisis, elaboraci\u00f3n, revisi\u00f3n y opini\u00f3n sobre todas las especies de  contratos comerciales, tales como de ejecuci\u00f3n, EPCM, turn-key,  agencia, representaci\u00f3n, distribuci\u00f3n, uso de imagen, mutuo, rateo de  gastos, construcci\u00f3n, construcci\u00f3n por administraci\u00f3n, comodato,  suministro, prestaci\u00f3n de servicios diversos, consignaci\u00f3n, seguros,  incluyendo D&amp;O, garant\u00eda, bonds, fianza bancaria, confidencialidad  (NDA), pr\u00e9stamos bancarios en general, incluso con el BNDES, compraventa  de inmueble, arrendamiento, cooperaci\u00f3n, asesor\u00edas, no-competici\u00f3n,  comfort letters, entre otros.<\/p>\n<\/div><\/details><\/div>\n\n\n\n<div class=\"wp-block-genesis-blocks-gb-accordion gb-block-accordion\"><details><summary class=\"gb-accordion-title\">Corporativo<\/summary><div class=\"gb-accordion-text\">\n<p>Planificaci\u00f3n e implementaci\u00f3n de organizaci\u00f3n y reorganizaci\u00f3n  corporativa, incorporaci\u00f3n, escisi\u00f3n, transformaci\u00f3n y liquidaci\u00f3n.  Constituciones de nuevas sociedades, ya sean Limitadas o sean Sociedades  An\u00f3nimas. Asesor\u00eda ante el Banco Central de Brasil (BACEN) y la  Comisi\u00f3n de Valores Mobiliarios (CVM). Asesor\u00eda en private equity de  capital propio o de inversionistas, venture capital, joint-ventures,  acuerdos entre accionistas, ingreso (inbound) y salida (outbound) de  capital, operaciones cross-borders y reestructuraciones societarias.  Actuaci\u00f3n en las conversiones de inversi\u00f3n directa de cr\u00e9ditos  remisibles al exterior, reglas de cambio, registro de inversi\u00f3n  extranjera en el Banco Central de Brasil y constituci\u00f3n de filiales de  sociedades extranjeras en Brasil, de manera independiente o por medio de  asociaciones con asociados locales.<\/p>\n<\/div><\/details><\/div>\n\n\n\n<div class=\"wp-block-genesis-blocks-gb-accordion gb-block-accordion\"><details><summary class=\"gb-accordion-title\">Derecho Administrativo<\/summary><div class=\"gb-accordion-text\">\n<p>El derecho administrativo brasile\u00f1o est\u00e1 regido por el inter\u00e9s  p\u00fablico. Las propuestas y los contratos tienen reglas especiales que se  aplican a la concesi\u00f3n del contrato y a la concesi\u00f3n de servicios  p\u00fablicos. PNST auxilia a sus clientes prepar\u00e1ndolos para el cumplimiento  de la legislaci\u00f3n brasile\u00f1a y particularmente con la nueva  reglamentaci\u00f3n de la ley anticorrupci\u00f3n.<\/p>\n<\/div><\/details><\/div>\n\n\n\n<div class=\"wp-block-genesis-blocks-gb-accordion gb-block-accordion\"><details><summary class=\"gb-accordion-title\">Derecho Ambiental<\/summary><div class=\"gb-accordion-text\">\n<p>PNST tambi\u00e9n asesora distintas cuestiones en el campo de la  legislaci\u00f3n ambiental brasile\u00f1a, desde autorizaciones necesarias de  licencia hasta cuestiones de litigio y de conformidad. Las penalidades  pueden ser muy elevadas y la asesor\u00eda adecuada es muy relevante.<\/p>\n<\/div><\/details><\/div>\n\n\n\n<div class=\"wp-block-genesis-blocks-gb-accordion gb-block-accordion\"><details><summary class=\"gb-accordion-title\">Derecho de Familia y Sucesiones<\/summary><div class=\"gb-accordion-text\">\n<p>Asesor\u00eda consultiva y contenciosa en cuestiones de familia y  sucesiones, como inventarios, testamentos, separaciones, divorcios,  contratos prenupciales, contratos de compromiso, de uni\u00f3n estable,  cuestiones de custodia y visitaci\u00f3n de hijos, pensi\u00f3n alimenticia,  partici\u00f3n de bienes, planificaci\u00f3n sucesorias y adopci\u00f3n, incluso  internacional.<\/p>\n<\/div><\/details><\/div>\n\n\n\n<div class=\"wp-block-genesis-blocks-gb-accordion gb-block-accordion\"><details><summary class=\"gb-accordion-title\">Derecho Regulatorio<\/summary><div class=\"gb-accordion-text\">\n<p>La administraci\u00f3n brasile\u00f1a instituy\u00f3 muchas agencias reguladoras, en  los sectores de energ\u00eda, telecomunicaciones, petr\u00f3leo, entre otros.  PNST comparte con sus clientes las principales cuestiones relacionadas a  este tema, dependiendo del \u00e1rea de actividad de cada cliente.<\/p>\n<\/div><\/details><\/div>\n\n\n\n<div class=\"wp-block-genesis-blocks-gb-accordion gb-block-accordion\"><details><summary class=\"gb-accordion-title\">Fusiones y Adquisiciones<\/summary><div class=\"gb-accordion-text\">\n<p>El estudio PNST tambi\u00e9n presta asesor\u00eda en las fusiones y  adquisiciones en un contexto multicultural, considerando entre otras,  cuestiones laborales, tributarias, corporativas y comerciales.<\/p>\n<\/div><\/details><\/div>\n\n\n\n<div class=\"wp-block-genesis-blocks-gb-accordion gb-block-accordion\"><details><summary class=\"gb-accordion-title\">Inversi\u00f3n Extranjera<\/summary><div class=\"gb-accordion-text\">\n<p>Planificaci\u00f3n e implementaci\u00f3n de organizaci\u00f3n y reorganizaci\u00f3n  corporativa, incorporaci\u00f3n, escisi\u00f3n, transformaci\u00f3n y liquidaci\u00f3n.  Constituciones de nuevas sociedades, ya sean Limitadas o sean Sociedades  An\u00f3nimas. Asesor\u00eda ante el Banco Central de Brasil (BACEN) y la  Comisi\u00f3n de Valores Mobiliarios (CVM). Asesor\u00eda en private equity de  capital propio o de inversionistas, venture capital, joint-ventures,  acuerdos entre accionistas, ingreso (inbound) y salida (outbound) de  capital, operaciones cross-borders y reestructuraciones societarias.  Actuaci\u00f3n en las conversiones de inversi\u00f3n directa de cr\u00e9ditos  remisibles al exterior, reglas de cambio, registro de inversi\u00f3n  extranjera en el Banco Central de Brasil y constituci\u00f3n de filiales de  sociedades extranjeras en Brasil, de manera independiente o por medio de  asociaciones con asociados locales.<\/p>\n<\/div><\/details><\/div>\n\n\n\n<div class=\"wp-block-genesis-blocks-gb-accordion gb-block-accordion\"><details><summary class=\"gb-accordion-title\">Ley de Competencia y Derecho Econ\u00f3mico<\/summary><div class=\"gb-accordion-text\">\n<p>PNST asesora el impacto de la competencia que una determinada  operaci\u00f3n puede tener bajo la legislaci\u00f3n brasile\u00f1a. El tema recibi\u00f3 una  reciente modificaci\u00f3n en la Ley de 2012 y es de vital importancia  cuando se quiere invertir y\/o hacer una reestructuraci\u00f3n empresarial.<\/p>\n<\/div><\/details><\/div>\n\n\n\n<div class=\"wp-block-genesis-blocks-gb-accordion gb-block-accordion\"><details><summary class=\"gb-accordion-title\">Mediaci\u00f3n y Arbitraje<\/summary><div class=\"gb-accordion-text\">\n<p>Asesor\u00eda a empresas y a personas f\u00edsicas en soluciones alternativas  de controversias como la mediaci\u00f3n y el arbitraje, tanto dom\u00e9sticas como  internacionales, p\u00fablicas y privadas. Elaboraci\u00f3n de dict\u00e1menes,  asesor\u00eda en la redacci\u00f3n de cl\u00e1usulas compromisorias y compromisos  arbitrales.<\/p>\n<\/div><\/details><\/div>\n\n\n\n<div class=\"wp-block-genesis-blocks-gb-accordion gb-block-accordion\"><details><summary class=\"gb-accordion-title\">Propiedad Intelectual<\/summary><div class=\"gb-accordion-text\">\n<p>Consultor\u00eda y asistencia jur\u00eddica en cuestiones relativas a marcas,  patentes, pago de royalties, secretos de negocio, transferencia de  tecnolog\u00eda, derechos de autor, protecci\u00f3n de software, registro de  dominios, licencias, cesiones, dise\u00f1os industriales, Know-how.<\/p>\n<\/div><\/details><\/div>\n\n\n\n<div class=\"wp-block-genesis-blocks-gb-accordion gb-block-accordion\"><details><summary class=\"gb-accordion-title\">Protecci\u00f3n de Datos y Privacidad<\/summary><div class=\"gb-accordion-text\">\n<p>Consultor\u00eda y asistencia legal en cumplimiento de la LGPD y dem\u00e1s normativa aplicable, incluyendo gobernanza de datos, redacci\u00f3n y revisi\u00f3n de pol\u00edticas de privacidad, mapeo de datos, acuerdos de tratamiento de datos, respuesta a incidentes, auditor\u00edas, adaptaci\u00f3n de procesos, formaci\u00f3n, due diligence y litigios relacionados con la privacidad y protecci\u00f3n de datos.<\/p>\n<\/div><\/details><\/div>\n\n\n\n<div class=\"wp-block-genesis-blocks-gb-accordion gb-block-accordion\"><details><summary class=\"gb-accordion-title\">Transacciones Inmobiliarias<\/summary><div class=\"gb-accordion-text\">\n<p>Amplia asesor\u00eda a las personas f\u00edsicas y jur\u00eddicas en operaciones  inmobiliarias. Atenci\u00f3n al cliente en operaciones cl\u00e1sicas de  compraventa, permuta, daci\u00f3n en pago, constituci\u00f3n de hipotecas y  alquileres y en operaciones m\u00e1s estructuradas como contratos de built to  suit (BTS), lease back, retrofittings, derecho real de superficie  (DRS), joint ventures, SPEs para el segmento inmobiliario, creaci\u00f3n de  holdings inmobiliarias, cambios de plantas industriales, de seguro de  recibibles inmobiliarios, creaci\u00f3n de fondos de inversi\u00f3n,  estructuraci\u00f3n de emprendimientos inmobiliarios en general, como lotes,  incorporaciones, hoteles, flat services, condominios residenciales,  comerciales, industriales, tecnol\u00f3gicos y shopping centers. Actuaci\u00f3n  a\u00fan en definici\u00f3n de estrategias de expansi\u00f3n, realizaci\u00f3n de due  diligence para la adquisici\u00f3n de \u00e1reas y regularizaciones de registros.<\/p>\n<\/div><\/details><\/div>\n<\/div>\n<\/div>\n<\/div><\/div><\/div>\n\n\n\n<p><\/p>\n","protected":false},"excerpt":{"rendered":"<p>Ayudamos a nuestros clientes en operaciones relacionadas con los m\u00e1s diversos sectores de la econom\u00eda tanto en el \u00e1mbito nacional como en el internacional, en varias \u00e1reas.<\/p>\n","protected":false},"author":1,"featured_media":0,"parent":0,"menu_order":1,"comment_status":"open","ping_status":"open","template":"","meta":{"_uag_custom_page_level_css":"","_genesis_hide_title":false,"_genesis_hide_breadcrumbs":false,"_genesis_hide_singular_image":false,"_genesis_hide_footer_widgets":false,"_genesis_custom_body_class":"","_genesis_custom_post_class":"","_genesis_layout":"","_joinchat":[],"footnotes":""},"class_list":{"0":"post-4930","1":"page","2":"type-page","3":"status-publish","5":"entry","6":"has-post-thumbnail"},"yoast_head":"<!-- This site is optimized with the Yoast SEO plugin v27.4 - https:\/\/yoast.com\/product\/yoast-seo-wordpress\/ -->\n<title>\u00c1reas de Pr\u00e1ctica - PNST<\/title>\n<meta name=\"robots\" content=\"index, follow, max-snippet:-1, max-image-preview:large, max-video-preview:-1\" \/>\n<link rel=\"canonical\" href=\"https:\/\/www.pnst.com.br\/es\/areas-de-negocios\/\" \/>\n<meta property=\"og:locale\" content=\"es_ES\" \/>\n<meta property=\"og:type\" content=\"article\" \/>\n<meta property=\"og:title\" content=\"\u00c1reas de Pr\u00e1ctica - PNST\" \/>\n<meta property=\"og:description\" content=\"Ayudamos a nuestros clientes en operaciones relacionadas con los m\u00e1s diversos sectores de la econom\u00eda tanto en el \u00e1mbito nacional como en el internacional, en varias \u00e1reas.\" \/>\n<meta property=\"og:url\" content=\"https:\/\/www.pnst.com.br\/es\/areas-de-negocios\/\" \/>\n<meta property=\"og:site_name\" content=\"PNST\" \/>\n<meta property=\"article:publisher\" content=\"https:\/\/www.facebook.com\/PNSTADVOGADOS\" \/>\n<meta property=\"article:modified_time\" content=\"2025-02-03T15:41:20+00:00\" \/>\n<meta property=\"og:image\" content=\"https:\/\/www.pnst.com.br\/wp-content\/uploads\/2020\/01\/logo-PNST.png\" \/>\n\t<meta property=\"og:image:width\" content=\"262\" \/>\n\t<meta property=\"og:image:height\" content=\"95\" \/>\n\t<meta property=\"og:image:type\" content=\"image\/png\" \/>\n<meta name=\"twitter:card\" content=\"summary_large_image\" \/>\n<meta name=\"twitter:label1\" content=\"Tiempo de lectura\" \/>\n\t<meta name=\"twitter:data1\" content=\"5 minutos\" \/>\n<script type=\"application\/ld+json\" class=\"yoast-schema-graph\">{\"@context\":\"https:\\\/\\\/schema.org\",\"@graph\":[{\"@type\":\"WebPage\",\"@id\":\"https:\\\/\\\/www.pnst.com.br\\\/es\\\/areas-de-negocios\\\/\",\"url\":\"https:\\\/\\\/www.pnst.com.br\\\/es\\\/areas-de-negocios\\\/\",\"name\":\"\u00c1reas de Pr\u00e1ctica - PNST\",\"isPartOf\":{\"@id\":\"https:\\\/\\\/www.pnst.com.br\\\/es\\\/#website\"},\"datePublished\":\"2015-05-13T05:12:11+00:00\",\"dateModified\":\"2025-02-03T15:41:20+00:00\",\"breadcrumb\":{\"@id\":\"https:\\\/\\\/www.pnst.com.br\\\/es\\\/areas-de-negocios\\\/#breadcrumb\"},\"inLanguage\":\"es\",\"potentialAction\":[{\"@type\":\"ReadAction\",\"target\":[\"https:\\\/\\\/www.pnst.com.br\\\/es\\\/areas-de-negocios\\\/\"]}]},{\"@type\":\"BreadcrumbList\",\"@id\":\"https:\\\/\\\/www.pnst.com.br\\\/es\\\/areas-de-negocios\\\/#breadcrumb\",\"itemListElement\":[{\"@type\":\"ListItem\",\"position\":1,\"name\":\"Inicio\",\"item\":\"https:\\\/\\\/www.pnst.com.br\\\/es\\\/\"},{\"@type\":\"ListItem\",\"position\":2,\"name\":\"\u00c1reas de Pr\u00e1ctica\"}]},{\"@type\":\"WebSite\",\"@id\":\"https:\\\/\\\/www.pnst.com.br\\\/es\\\/#website\",\"url\":\"https:\\\/\\\/www.pnst.com.br\\\/es\\\/\",\"name\":\"PNST\",\"description\":\"Pacheco Neto, Sanden, Teisseire Advogados\",\"publisher\":{\"@id\":\"https:\\\/\\\/www.pnst.com.br\\\/es\\\/#organization\"},\"potentialAction\":[{\"@type\":\"SearchAction\",\"target\":{\"@type\":\"EntryPoint\",\"urlTemplate\":\"https:\\\/\\\/www.pnst.com.br\\\/es\\\/?s={search_term_string}\"},\"query-input\":{\"@type\":\"PropertyValueSpecification\",\"valueRequired\":true,\"valueName\":\"search_term_string\"}}],\"inLanguage\":\"es\"},{\"@type\":\"Organization\",\"@id\":\"https:\\\/\\\/www.pnst.com.br\\\/es\\\/#organization\",\"name\":\"PNST | Pacheco Neto, Sanden, Teisseire Advogados\",\"url\":\"https:\\\/\\\/www.pnst.com.br\\\/es\\\/\",\"logo\":{\"@type\":\"ImageObject\",\"inLanguage\":\"es\",\"@id\":\"https:\\\/\\\/www.pnst.com.br\\\/es\\\/#\\\/schema\\\/logo\\\/image\\\/\",\"url\":\"https:\\\/\\\/www.pnst.com.br\\\/wp-content\\\/uploads\\\/2015\\\/07\\\/PNST-Pacheco-Neto-Sanden_Teisseire.jpg\",\"contentUrl\":\"https:\\\/\\\/www.pnst.com.br\\\/wp-content\\\/uploads\\\/2015\\\/07\\\/PNST-Pacheco-Neto-Sanden_Teisseire.jpg\",\"width\":262,\"height\":95,\"caption\":\"PNST | Pacheco Neto, Sanden, Teisseire Advogados\"},\"image\":{\"@id\":\"https:\\\/\\\/www.pnst.com.br\\\/es\\\/#\\\/schema\\\/logo\\\/image\\\/\"},\"sameAs\":[\"https:\\\/\\\/www.facebook.com\\\/PNSTADVOGADOS\"]}]}<\/script>\n<!-- \/ Yoast SEO plugin. -->","yoast_head_json":{"title":"\u00c1reas de Pr\u00e1ctica - PNST","robots":{"index":"index","follow":"follow","max-snippet":"max-snippet:-1","max-image-preview":"max-image-preview:large","max-video-preview":"max-video-preview:-1"},"canonical":"https:\/\/www.pnst.com.br\/es\/areas-de-negocios\/","og_locale":"es_ES","og_type":"article","og_title":"\u00c1reas de Pr\u00e1ctica - PNST","og_description":"Ayudamos a nuestros clientes en operaciones relacionadas con los m\u00e1s diversos sectores de la econom\u00eda tanto en el \u00e1mbito nacional como en el internacional, en varias \u00e1reas.","og_url":"https:\/\/www.pnst.com.br\/es\/areas-de-negocios\/","og_site_name":"PNST","article_publisher":"https:\/\/www.facebook.com\/PNSTADVOGADOS","article_modified_time":"2025-02-03T15:41:20+00:00","og_image":[{"width":262,"height":95,"url":"https:\/\/www.pnst.com.br\/wp-content\/uploads\/2020\/01\/logo-PNST.png","type":"image\/png"}],"twitter_card":"summary_large_image","twitter_misc":{"Tiempo de lectura":"5 minutos"},"schema":{"@context":"https:\/\/schema.org","@graph":[{"@type":"WebPage","@id":"https:\/\/www.pnst.com.br\/es\/areas-de-negocios\/","url":"https:\/\/www.pnst.com.br\/es\/areas-de-negocios\/","name":"\u00c1reas de Pr\u00e1ctica - PNST","isPartOf":{"@id":"https:\/\/www.pnst.com.br\/es\/#website"},"datePublished":"2015-05-13T05:12:11+00:00","dateModified":"2025-02-03T15:41:20+00:00","breadcrumb":{"@id":"https:\/\/www.pnst.com.br\/es\/areas-de-negocios\/#breadcrumb"},"inLanguage":"es","potentialAction":[{"@type":"ReadAction","target":["https:\/\/www.pnst.com.br\/es\/areas-de-negocios\/"]}]},{"@type":"BreadcrumbList","@id":"https:\/\/www.pnst.com.br\/es\/areas-de-negocios\/#breadcrumb","itemListElement":[{"@type":"ListItem","position":1,"name":"Inicio","item":"https:\/\/www.pnst.com.br\/es\/"},{"@type":"ListItem","position":2,"name":"\u00c1reas de Pr\u00e1ctica"}]},{"@type":"WebSite","@id":"https:\/\/www.pnst.com.br\/es\/#website","url":"https:\/\/www.pnst.com.br\/es\/","name":"PNST","description":"Pacheco Neto, Sanden, Teisseire Advogados","publisher":{"@id":"https:\/\/www.pnst.com.br\/es\/#organization"},"potentialAction":[{"@type":"SearchAction","target":{"@type":"EntryPoint","urlTemplate":"https:\/\/www.pnst.com.br\/es\/?s={search_term_string}"},"query-input":{"@type":"PropertyValueSpecification","valueRequired":true,"valueName":"search_term_string"}}],"inLanguage":"es"},{"@type":"Organization","@id":"https:\/\/www.pnst.com.br\/es\/#organization","name":"PNST | Pacheco Neto, Sanden, Teisseire Advogados","url":"https:\/\/www.pnst.com.br\/es\/","logo":{"@type":"ImageObject","inLanguage":"es","@id":"https:\/\/www.pnst.com.br\/es\/#\/schema\/logo\/image\/","url":"https:\/\/www.pnst.com.br\/wp-content\/uploads\/2015\/07\/PNST-Pacheco-Neto-Sanden_Teisseire.jpg","contentUrl":"https:\/\/www.pnst.com.br\/wp-content\/uploads\/2015\/07\/PNST-Pacheco-Neto-Sanden_Teisseire.jpg","width":262,"height":95,"caption":"PNST | Pacheco Neto, Sanden, Teisseire Advogados"},"image":{"@id":"https:\/\/www.pnst.com.br\/es\/#\/schema\/logo\/image\/"},"sameAs":["https:\/\/www.facebook.com\/PNSTADVOGADOS"]}]}},"featured_image_src":"","featured_image_src_square":false,"rbea_author_info":{"display_name":"admin","author_link":"https:\/\/www.pnst.com.br\/es\/author\/admin\/"},"rbea_excerpt_info":"Ayudamos a nuestros clientes en operaciones relacionadas con los m\u00e1s diversos sectores de la econom\u00eda tanto en el \u00e1mbito nacional como en el internacional, en varias \u00e1reas.","uagb_featured_image_src":{"full":false,"thumbnail":false,"medium":false,"medium_large":false,"large":false,"1536x1536":false,"2048x2048":false,"single-featured-image":false,"blog-featured-image":false,"home-featured":false,"gb-block-post-grid-landscape":false,"gb-block-post-grid-square":false},"uagb_author_info":{"display_name":"admin","author_link":"https:\/\/www.pnst.com.br\/es\/author\/admin\/"},"uagb_comment_info":0,"uagb_excerpt":"Ayudamos a nuestros clientes en operaciones relacionadas con los m\u00e1s diversos sectores de la econom\u00eda tanto en el \u00e1mbito nacional como en el internacional, en varias \u00e1reas.","_links":{"self":[{"href":"https:\/\/www.pnst.com.br\/es\/wp-json\/wp\/v2\/pages\/4930","targetHints":{"allow":["GET"]}}],"collection":[{"href":"https:\/\/www.pnst.com.br\/es\/wp-json\/wp\/v2\/pages"}],"about":[{"href":"https:\/\/www.pnst.com.br\/es\/wp-json\/wp\/v2\/types\/page"}],"author":[{"embeddable":true,"href":"https:\/\/www.pnst.com.br\/es\/wp-json\/wp\/v2\/users\/1"}],"replies":[{"embeddable":true,"href":"https:\/\/www.pnst.com.br\/es\/wp-json\/wp\/v2\/comments?post=4930"}],"version-history":[{"count":0,"href":"https:\/\/www.pnst.com.br\/es\/wp-json\/wp\/v2\/pages\/4930\/revisions"}],"wp:attachment":[{"href":"https:\/\/www.pnst.com.br\/es\/wp-json\/wp\/v2\/media?parent=4930"}],"curies":[{"name":"wp","href":"https:\/\/api.w.org\/{rel}","templated":true}]}}