{"id":10282,"date":"2015-07-30T09:21:57","date_gmt":"2015-07-30T12:21:57","guid":{"rendered":"https:\/\/www.pnst.com.br\/fi\/home-3\/"},"modified":"2024-04-24T10:47:30","modified_gmt":"2024-04-24T13:47:30","slug":"home-3","status":"publish","type":"page","link":"https:\/\/www.pnst.com.br\/fi\/","title":{"rendered":"Etusivu"},"content":{"rendered":"\n<hr class=\"wp-block-separator is-style-wide\"\/>\n\n\n\n<div class=\"wp-block-columns dna-global-block is-layout-flex wp-container-core-columns-is-layout-9d6595d7 wp-block-columns-is-layout-flex\">\n<div class=\"wp-block-column is-layout-flow wp-block-column-is-layout-flow\" style=\"flex-basis:20%\">\n<h3 class=\"wp-block-heading\">Yleismaailmallinen DNA  <\/h3>\n<\/div>\n\n\n\n<div class=\"wp-block-column is-layout-flow wp-block-column-is-layout-flow\" style=\"flex-basis:80%\">\n<p><strong>Pacheco Neto Sanden Teisseire Advogados<\/strong> on t\u00e4yden palvelun liiketoimintaan keskittyv\u00e4 lakitoimisto, jolla on kahden vuosikymmenen kokemus eri kulttuureista ja asiakkaista yli 20 maassa Brasilian lis\u00e4ksi, erityisesti Saksassa, Ranskassa, Skandinaviassa, Yhdysvalloissa ja Kiinassa.<\/p>\n<\/div>\n<\/div>\n\n\n\n<div class=\"wp-block-columns team-block is-layout-flex wp-container-core-columns-is-layout-9d6595d7 wp-block-columns-is-layout-flex\">\n<div class=\"wp-block-column is-layout-flow wp-block-column-is-layout-flow\" style=\"flex-basis:20%\">\n<h3 class=\"wp-block-heading\">Joukkue<\/h3>\n\n\n\n<p><\/p>\n<\/div>\n\n\n\n<div class=\"wp-block-column is-layout-flow wp-block-column-is-layout-flow\" style=\"flex-basis:80%\"><div class=\"team carousel_container\"><div class=\"wrap\"><ul class=\"carousel is-set\"><li class=\"carousel-seat is-ref\"><a href=\"https:\/\/www.pnst.com.br\/fi\/profile\/renato-pacheco-e-silva-bacellar-neto\/\" class=\"fi\"><img decoding=\"async\" src=\"https:\/\/www.pnst.com.br\/wp-content\/uploads\/2016\/12\/renato-pacheco-e-silva-bacellar-neto-thumb-150x150.png\" title=\"Renato Pacheco e Silva Bacellar Neto\" class=\"media-image\" \/><div class=\"media-body\"><h4>Renato Pacheco e Silva Bacellar Neto<\/h4><p>\nRenato Pacheco e Silva Bacellar Neto\u00a0is a founding partner at\u00a0Pacheco Neto Sanden Teisseire Law Firm. For over thirty-two years, Renato has advised clients in cross-border transactions. Renato has also served on the boards of many...<\/p><\/div><\/a><\/li><li class=\"carousel-seat\"><a href=\"https:\/\/www.pnst.com.br\/fi\/profile\/juliana-g-meyer-gottardi\/\" class=\"fi\"><img decoding=\"async\" src=\"https:\/\/www.pnst.com.br\/wp-content\/uploads\/2025\/02\/juliana-g-meyer-gottardi-thumb-150x150.png\" title=\"Juliana G. Meyer Gottardi\" class=\"media-image\" \/><div class=\"media-body\"><h4>Juliana G. Meyer Gottardi<\/h4><p>\nJuliana G. Meyer Gottardi\u00a0is a founding partner of Pacheco Neto Sanden Teisseire Law Firm with more than seventeen years\u2019 experience in structuring and implementing corporate agreements, real estate transactions, and advising on mergers and acquisitions....<\/p><\/div><\/a><\/li><li class=\"carousel-seat\"><a href=\"https:\/\/www.pnst.com.br\/fi\/profile\/jean-francois-teisseire\/\" class=\"fi\"><img decoding=\"async\" src=\"https:\/\/www.pnst.com.br\/wp-content\/uploads\/2016\/12\/jean-francois-teisseire-thumb-150x150.png\" title=\"Jean Fran\u00e7ois Teisseire\" class=\"media-image\" \/><div class=\"media-body\"><h4>Jean Fran\u00e7ois Teisseire<\/h4><p>\nJean Fran\u00e7ois Teisseire\u00a0is a founding partner of Pacheco Neto Sanden Teisseire Law Firm. A French national, he completed his academic education in Paris at the University of Paris II (Assas). He is qualified to practice...<\/p><\/div><\/a><\/li><li class=\"carousel-seat\"><a href=\"https:\/\/www.pnst.com.br\/fi\/profile\/andreas-sanden\/\" class=\"fi\"><img decoding=\"async\" src=\"https:\/\/www.pnst.com.br\/wp-content\/uploads\/2016\/12\/andreas-sanden-thumb-150x150.png\" title=\"Andreas Sanden\" class=\"media-image\" \/><div class=\"media-body\"><h4>Andreas Sanden<\/h4><p>\nAndreas Sanden is a founding partner of Pacheco Neto Sanden Teisseire Law Firm and a member of the Brazilian Bar Association (OAB), S\u00e3o Paulo chapter, as well as a member of the German Bar Association....<\/p><\/div><\/a><\/li><\/ul><div class=\"all_posts\">\t<a href=\"https:\/\/www.pnst.com.br\/fi\/joukkue\/\">Ammattilaisemme<\/a><\/div><\/div><div class=\"controls\"><img decoding=\"async\" src=\"https:\/\/www.pnst.com.br\/wp-content\/plugins\/pw-pnst\/assets\/image\/toggle-left.png\" class=\"toggle\" \/><img decoding=\"async\" src=\"https:\/\/www.pnst.com.br\/wp-content\/plugins\/pw-pnst\/assets\/image\/toggle-right.png\" class=\"toggle\" data-toggle=\"next\" \/><\/div><\/div>\n<\/div>\n<\/div>\n\n\n\n<hr class=\"wp-block-separator is-style-wide\"\/>\n\n\n\n<div class=\"wp-block-columns practice-areas-block is-layout-flex wp-container-core-columns-is-layout-9d6595d7 wp-block-columns-is-layout-flex\">\n<div class=\"wp-block-column is-layout-flow wp-block-column-is-layout-flow\" style=\"flex-basis:20%\">\n<h3 class=\"wp-block-heading\">Toiminta-Alueet<\/h3>\n<\/div>\n\n\n\n<div class=\"wp-block-column is-layout-flow wp-block-column-is-layout-flow\" style=\"flex-basis:80%\"><div class=\"practice_areas carousel_container\"><div class=\"wrap\"><ul class=\"carousel is-set\"><li class=\"carousel-seat is-ref\"><a href=\"https:\/\/www.pnst.com.br\/fi\/toiminta-alueet\/?item=1\" class=\"fi\"><div><span>&#8210;<\/span><br>Fuusiot ja Akvisiittiot<\/div><\/a><\/li><li class=\"carousel-seat\"><a href=\"https:\/\/www.pnst.com.br\/fi\/toiminta-alueet\/?item=2\" class=\"fi\"><div><span>&#8210;<\/span><br>Hallinto-oikeus<\/div><\/a><\/li><li class=\"carousel-seat\"><a href=\"https:\/\/www.pnst.com.br\/fi\/toiminta-alueet\/?item=3\" class=\"fi\"><div><span>&#8210;<\/span><br>Immateriaalioikeudet<\/div><\/a><\/li><li class=\"carousel-seat\"><a href=\"https:\/\/www.pnst.com.br\/fi\/toiminta-alueet\/?item=4\" class=\"fi\"><div><span>&#8210;<\/span><br>Kaupalliset Sopimukset<\/div><\/a><\/li><li class=\"carousel-seat\"><a href=\"https:\/\/www.pnst.com.br\/fi\/toiminta-alueet\/?item=5\" class=\"fi\"><div><span>&#8210;<\/span><br>Kiinteist\u00f6alan Toimet<\/div><\/a><\/li><li class=\"carousel-seat\"><a href=\"https:\/\/www.pnst.com.br\/fi\/toiminta-alueet\/?item=6\" class=\"fi\"><div><span>&#8210;<\/span><br>Kilpailu- ja Talousoikeudet<\/div><\/a><\/li><li class=\"carousel-seat\"><a href=\"https:\/\/www.pnst.com.br\/fi\/toiminta-alueet\/?item=7\" class=\"fi\"><div><span>&#8210;<\/span><br>Neuvottelu, Sovittelu ja V\u00e4limiesmenettely<\/div><\/a><\/li><li class=\"carousel-seat\"><a href=\"https:\/\/www.pnst.com.br\/fi\/toiminta-alueet\/?item=8\" class=\"fi\"><div><span>&#8210;<\/span><br>Perhe- ja Perimyslait<\/div><\/a><\/li><li class=\"carousel-seat\"><a href=\"https:\/\/www.pnst.com.br\/fi\/toiminta-alueet\/?item=9\" class=\"fi\"><div><span>&#8210;<\/span><br>S\u00e4\u00e4ntelv\u00e4t Lait<\/div><\/a><\/li><li class=\"carousel-seat\"><a href=\"https:\/\/www.pnst.com.br\/fi\/toiminta-alueet\/?item=10\" class=\"fi\"><div><span>&#8210;<\/span><br>Siviilikonsultointi ja Oikeudenk\u00e4ynnit<\/div><\/a><\/li><li class=\"carousel-seat\"><a href=\"https:\/\/www.pnst.com.br\/fi\/toiminta-alueet\/?item=11\" class=\"fi\"><div><span>&#8210;<\/span><br>Tietosuoja ja Yksityisyys<\/div><\/a><\/li><li class=\"carousel-seat\"><a href=\"https:\/\/www.pnst.com.br\/fi\/toiminta-alueet\/?item=12\" class=\"fi\"><div><span>&#8210;<\/span><br>Ty\u00f6lakikonsultointi ja Oikeudenk\u00e4ynnit<\/div><\/a><\/li><li class=\"carousel-seat\"><a href=\"https:\/\/www.pnst.com.br\/fi\/toiminta-alueet\/?item=13\" class=\"fi\"><div><span>&#8210;<\/span><br>Ulkomaiset Investoinnit<\/div><\/a><\/li><li class=\"carousel-seat\"><a href=\"https:\/\/www.pnst.com.br\/fi\/toiminta-alueet\/?item=14\" class=\"fi\"><div><span>&#8210;<\/span><br>Verolakikonsultointi ja Oikeudenk\u00e4ynnit<\/div><\/a><\/li><li class=\"carousel-seat\"><a href=\"https:\/\/www.pnst.com.br\/fi\/toiminta-alueet\/?item=15\" class=\"fi\"><div><span>&#8210;<\/span><br>Ymp\u00e4rist\u00f6lains\u00e4\u00e4d\u00e4nt\u00f6<\/div><\/a><\/li><li class=\"carousel-seat\"><a href=\"https:\/\/www.pnst.com.br\/fi\/toiminta-alueet\/?item=16\" class=\"fi\"><div><span>&#8210;<\/span><br>Yritykset<\/div><\/a><\/li><\/ul><div class=\"all_posts\">\t<a href=\"https:\/\/www.pnst.com.br\/fi\/toiminta-alueet\/\">Kaikki Toiminta-alueet<\/a><\/div><\/div><div class=\"controls\"><img decoding=\"async\" src=\"https:\/\/www.pnst.com.br\/wp-content\/plugins\/pw-pnst\/assets\/image\/toggle-left.png\" class=\"toggle\" \/><img decoding=\"async\" src=\"https:\/\/www.pnst.com.br\/wp-content\/plugins\/pw-pnst\/assets\/image\/toggle-right.png\" class=\"toggle\" data-toggle=\"next\" \/><\/div><\/div>\n<\/div>\n<\/div>\n\n\n\n<hr class=\"wp-block-separator is-style-wide\"\/>\n\n\n\n<div class=\"wp-block-columns newsletter-block is-layout-flex wp-container-core-columns-is-layout-9d6595d7 wp-block-columns-is-layout-flex\">\n<div class=\"wp-block-column is-layout-flow wp-block-column-is-layout-flow\" style=\"flex-basis:20%\">\n<h3 class=\"wp-block-heading\">Uutiskirje<\/h3>\n<\/div>\n\n\n\n<div class=\"wp-block-column is-layout-flow wp-block-column-is-layout-flow\" style=\"flex-basis:80%\"><script>(function() {\n\twindow.mc4wp = window.mc4wp || {\n\t\tlisteners: [],\n\t\tforms: {\n\t\t\ton: function(evt, cb) {\n\t\t\t\twindow.mc4wp.listeners.push(\n\t\t\t\t\t{\n\t\t\t\t\t\tevent   : evt,\n\t\t\t\t\t\tcallback: cb\n\t\t\t\t\t}\n\t\t\t\t);\n\t\t\t}\n\t\t}\n\t}\n})();\n<\/script><!-- Mailchimp for WordPress v4.12.2 - https:\/\/wordpress.org\/plugins\/mailchimp-for-wp\/ --><form id=\"mc4wp-form-1\" class=\"mc4wp-form mc4wp-form-17813\" method=\"post\" data-id=\"17813\" data-name=\"Uutiskirje\" ><div class=\"mc4wp-form-fields\"><div class=\"newsletter-form portuguese\">\r\n\t<div><input type=\"text\" name=\"FULLNAME\" placeholder=\"*Nimi\" size=\"100\" required><\/div>\r\n\t<div><input type=\"email\" name=\"EMAIL\" placeholder=\"*S\u00e4hk\u00f6posti\" size=\"100\" required><\/div>\r\n\t<div><select name=\"LANGUAGE\">\r\n        <option value=\"English\" selected>Englanti<\/option>\r\n        <option value=\"Portuguese\">Portugalin kieli<\/option>\r\n    <\/select><\/div>\r\n\t<input type=\"hidden\" name=\"ORIGINATOR\" value=\"Site\">\r\n\t<div><input type=\"submit\" value=\"L\u00e4hett\u00e4\u00e4\" \/><\/div>\r\n<\/div><\/div><label style=\"display: none !important;\">Leave this field empty if you're human: <input type=\"text\" name=\"_mc4wp_honeypot\" value=\"\" tabindex=\"-1\" autocomplete=\"off\" \/><\/label><input type=\"hidden\" name=\"_mc4wp_timestamp\" value=\"1777537063\" \/><input type=\"hidden\" name=\"_mc4wp_form_id\" value=\"17813\" \/><input type=\"hidden\" name=\"_mc4wp_form_element_id\" value=\"mc4wp-form-1\" \/><div class=\"mc4wp-response\"><\/div><\/form><!-- \/ Mailchimp for WordPress Plugin -->\n<\/div>\n<\/div>\n\n\n\n<hr class=\"wp-block-separator is-style-wide\"\/>\n\n\n\n<div class=\"wp-block-columns efolder-block is-layout-flex wp-container-core-columns-is-layout-9d6595d7 wp-block-columns-is-layout-flex\">\n<div class=\"wp-block-column is-layout-flow wp-block-column-is-layout-flow\" style=\"flex-basis:20%\"><\/div>\n\n\n\n<div class=\"wp-block-column is-layout-flow wp-block-column-is-layout-flow\" style=\"flex-basis:80%\">\n<p><a href=\"http:\/\/www.pnst.com.br\/publico\/e-folder\/PNST-eFolder-English.pdf\" target=\"_blank\" rel=\"noreferrer noopener\" aria-label=\"Download eFolder (opens in a new tab)\">Download eFolder<\/a><\/p>\n<\/div>\n<\/div>\n","protected":false},"excerpt":{"rendered":"<p>Yleismaailmallinen DNA Pacheco Neto Sanden Teisseire Advogados on t\u00e4yden palvelun liiketoimintaan keskittyv\u00e4 lakitoimisto, jolla on kahden vuosikymmenen kokemus eri kulttuureista ja asiakkaista yli 20 maassa Brasilian lis\u00e4ksi, erityisesti Saksassa, Ranskassa, Skandinaviassa, Yhdysvalloissa ja Kiinassa. Joukkue Toiminta-Alueet Uutiskirje Download eFolder<\/p>\n","protected":false},"author":1,"featured_media":0,"parent":0,"menu_order":0,"comment_status":"closed","ping_status":"open","template":"","meta":{"_uag_custom_page_level_css":"","_genesis_hide_title":false,"_genesis_hide_breadcrumbs":false,"_genesis_hide_singular_image":false,"_genesis_hide_footer_widgets":false,"_genesis_custom_body_class":"","_genesis_custom_post_class":"","_genesis_layout":"","_joinchat":[],"footnotes":""},"class_list":{"0":"post-10282","1":"page","2":"type-page","3":"status-publish","5":"entry","6":"has-post-thumbnail"},"yoast_head":"<!-- This site is optimized with the Yoast SEO plugin v27.4 - https:\/\/yoast.com\/product\/yoast-seo-wordpress\/ -->\n<title>Etusivu - PNST<\/title>\n<meta name=\"description\" content=\"T\u00e4yden palvelun asianajotoimisto, jolla on monikulttuurinen yrityskokemus kotimaisten ja kansainv\u00e4listen neuvottelujen taustalla. K\u00e4yt\u00e4nn\u00f6n kokemusta suurista eurooppalaisista yrityksist\u00e4.\" \/>\n<meta name=\"robots\" content=\"index, follow, max-snippet:-1, max-image-preview:large, max-video-preview:-1\" \/>\n<link rel=\"canonical\" href=\"https:\/\/www.pnst.com.br\/fi\/\" \/>\n<meta property=\"og:locale\" content=\"fi_FI\" \/>\n<meta property=\"og:type\" content=\"article\" \/>\n<meta property=\"og:title\" content=\"Etusivu - PNST\" \/>\n<meta property=\"og:description\" content=\"T\u00e4yden palvelun asianajotoimisto, jolla on monikulttuurinen yrityskokemus kotimaisten ja kansainv\u00e4listen neuvottelujen taustalla. K\u00e4yt\u00e4nn\u00f6n kokemusta suurista eurooppalaisista yrityksist\u00e4.\" \/>\n<meta property=\"og:url\" content=\"https:\/\/www.pnst.com.br\/fi\/\" \/>\n<meta property=\"og:site_name\" content=\"PNST\" \/>\n<meta property=\"article:publisher\" content=\"https:\/\/www.facebook.com\/PNSTADVOGADOS\" \/>\n<meta property=\"article:modified_time\" content=\"2024-04-24T13:47:30+00:00\" \/>\n<meta property=\"og:image\" content=\"https:\/\/www.pnst.com.br\/wp-content\/uploads\/2020\/01\/logo-PNST.png\" \/>\n\t<meta property=\"og:image:width\" content=\"262\" \/>\n\t<meta property=\"og:image:height\" content=\"95\" \/>\n\t<meta property=\"og:image:type\" content=\"image\/png\" \/>\n<meta name=\"twitter:card\" content=\"summary_large_image\" \/>\n<meta name=\"twitter:label1\" content=\"Arvioitu lukuaika\" \/>\n\t<meta name=\"twitter:data1\" content=\"1 minute\" \/>\n<script type=\"application\/ld+json\" class=\"yoast-schema-graph\">{\"@context\":\"https:\\\/\\\/schema.org\",\"@graph\":[{\"@type\":\"WebPage\",\"@id\":\"https:\\\/\\\/www.pnst.com.br\\\/fi\\\/\",\"url\":\"https:\\\/\\\/www.pnst.com.br\\\/fi\\\/\",\"name\":\"Etusivu - PNST\",\"isPartOf\":{\"@id\":\"https:\\\/\\\/www.pnst.com.br\\\/fi\\\/#website\"},\"datePublished\":\"2015-07-30T12:21:57+00:00\",\"dateModified\":\"2024-04-24T13:47:30+00:00\",\"description\":\"T\u00e4yden palvelun asianajotoimisto, jolla on monikulttuurinen yrityskokemus kotimaisten ja kansainv\u00e4listen neuvottelujen taustalla. K\u00e4yt\u00e4nn\u00f6n kokemusta suurista eurooppalaisista yrityksist\u00e4.\",\"breadcrumb\":{\"@id\":\"https:\\\/\\\/www.pnst.com.br\\\/fi\\\/#breadcrumb\"},\"inLanguage\":\"fi\",\"potentialAction\":[{\"@type\":\"ReadAction\",\"target\":[\"https:\\\/\\\/www.pnst.com.br\\\/fi\\\/\"]}]},{\"@type\":\"BreadcrumbList\",\"@id\":\"https:\\\/\\\/www.pnst.com.br\\\/fi\\\/#breadcrumb\",\"itemListElement\":[{\"@type\":\"ListItem\",\"position\":1,\"name\":\"Etusivu\",\"item\":\"https:\\\/\\\/www.pnst.com.br\\\/fi\\\/\"},{\"@type\":\"ListItem\",\"position\":2,\"name\":\"Etusivu\"}]},{\"@type\":\"WebSite\",\"@id\":\"https:\\\/\\\/www.pnst.com.br\\\/fi\\\/#website\",\"url\":\"https:\\\/\\\/www.pnst.com.br\\\/fi\\\/\",\"name\":\"PNST\",\"description\":\"Pacheco Neto, Sanden, Teisseire Advogados\",\"publisher\":{\"@id\":\"https:\\\/\\\/www.pnst.com.br\\\/fi\\\/#organization\"},\"potentialAction\":[{\"@type\":\"SearchAction\",\"target\":{\"@type\":\"EntryPoint\",\"urlTemplate\":\"https:\\\/\\\/www.pnst.com.br\\\/fi\\\/?s={search_term_string}\"},\"query-input\":{\"@type\":\"PropertyValueSpecification\",\"valueRequired\":true,\"valueName\":\"search_term_string\"}}],\"inLanguage\":\"fi\"},{\"@type\":\"Organization\",\"@id\":\"https:\\\/\\\/www.pnst.com.br\\\/fi\\\/#organization\",\"name\":\"PNST | Pacheco Neto, Sanden, Teisseire Advogados\",\"url\":\"https:\\\/\\\/www.pnst.com.br\\\/fi\\\/\",\"logo\":{\"@type\":\"ImageObject\",\"inLanguage\":\"fi\",\"@id\":\"https:\\\/\\\/www.pnst.com.br\\\/fi\\\/#\\\/schema\\\/logo\\\/image\\\/\",\"url\":\"https:\\\/\\\/www.pnst.com.br\\\/wp-content\\\/uploads\\\/2015\\\/07\\\/PNST-Pacheco-Neto-Sanden_Teisseire.jpg\",\"contentUrl\":\"https:\\\/\\\/www.pnst.com.br\\\/wp-content\\\/uploads\\\/2015\\\/07\\\/PNST-Pacheco-Neto-Sanden_Teisseire.jpg\",\"width\":262,\"height\":95,\"caption\":\"PNST | Pacheco Neto, Sanden, Teisseire Advogados\"},\"image\":{\"@id\":\"https:\\\/\\\/www.pnst.com.br\\\/fi\\\/#\\\/schema\\\/logo\\\/image\\\/\"},\"sameAs\":[\"https:\\\/\\\/www.facebook.com\\\/PNSTADVOGADOS\"]}]}<\/script>\n<!-- \/ Yoast SEO plugin. -->","yoast_head_json":{"title":"Etusivu - PNST","description":"T\u00e4yden palvelun asianajotoimisto, jolla on monikulttuurinen yrityskokemus kotimaisten ja kansainv\u00e4listen neuvottelujen taustalla. K\u00e4yt\u00e4nn\u00f6n kokemusta suurista eurooppalaisista yrityksist\u00e4.","robots":{"index":"index","follow":"follow","max-snippet":"max-snippet:-1","max-image-preview":"max-image-preview:large","max-video-preview":"max-video-preview:-1"},"canonical":"https:\/\/www.pnst.com.br\/fi\/","og_locale":"fi_FI","og_type":"article","og_title":"Etusivu - PNST","og_description":"T\u00e4yden palvelun asianajotoimisto, jolla on monikulttuurinen yrityskokemus kotimaisten ja kansainv\u00e4listen neuvottelujen taustalla. K\u00e4yt\u00e4nn\u00f6n kokemusta suurista eurooppalaisista yrityksist\u00e4.","og_url":"https:\/\/www.pnst.com.br\/fi\/","og_site_name":"PNST","article_publisher":"https:\/\/www.facebook.com\/PNSTADVOGADOS","article_modified_time":"2024-04-24T13:47:30+00:00","og_image":[{"width":262,"height":95,"url":"https:\/\/www.pnst.com.br\/wp-content\/uploads\/2020\/01\/logo-PNST.png","type":"image\/png"}],"twitter_card":"summary_large_image","twitter_misc":{"Arvioitu lukuaika":"1 minute"},"schema":{"@context":"https:\/\/schema.org","@graph":[{"@type":"WebPage","@id":"https:\/\/www.pnst.com.br\/fi\/","url":"https:\/\/www.pnst.com.br\/fi\/","name":"Etusivu - PNST","isPartOf":{"@id":"https:\/\/www.pnst.com.br\/fi\/#website"},"datePublished":"2015-07-30T12:21:57+00:00","dateModified":"2024-04-24T13:47:30+00:00","description":"T\u00e4yden palvelun asianajotoimisto, jolla on monikulttuurinen yrityskokemus kotimaisten ja kansainv\u00e4listen neuvottelujen taustalla. K\u00e4yt\u00e4nn\u00f6n kokemusta suurista eurooppalaisista yrityksist\u00e4.","breadcrumb":{"@id":"https:\/\/www.pnst.com.br\/fi\/#breadcrumb"},"inLanguage":"fi","potentialAction":[{"@type":"ReadAction","target":["https:\/\/www.pnst.com.br\/fi\/"]}]},{"@type":"BreadcrumbList","@id":"https:\/\/www.pnst.com.br\/fi\/#breadcrumb","itemListElement":[{"@type":"ListItem","position":1,"name":"Etusivu","item":"https:\/\/www.pnst.com.br\/fi\/"},{"@type":"ListItem","position":2,"name":"Etusivu"}]},{"@type":"WebSite","@id":"https:\/\/www.pnst.com.br\/fi\/#website","url":"https:\/\/www.pnst.com.br\/fi\/","name":"PNST","description":"Pacheco Neto, Sanden, Teisseire Advogados","publisher":{"@id":"https:\/\/www.pnst.com.br\/fi\/#organization"},"potentialAction":[{"@type":"SearchAction","target":{"@type":"EntryPoint","urlTemplate":"https:\/\/www.pnst.com.br\/fi\/?s={search_term_string}"},"query-input":{"@type":"PropertyValueSpecification","valueRequired":true,"valueName":"search_term_string"}}],"inLanguage":"fi"},{"@type":"Organization","@id":"https:\/\/www.pnst.com.br\/fi\/#organization","name":"PNST | Pacheco Neto, Sanden, Teisseire Advogados","url":"https:\/\/www.pnst.com.br\/fi\/","logo":{"@type":"ImageObject","inLanguage":"fi","@id":"https:\/\/www.pnst.com.br\/fi\/#\/schema\/logo\/image\/","url":"https:\/\/www.pnst.com.br\/wp-content\/uploads\/2015\/07\/PNST-Pacheco-Neto-Sanden_Teisseire.jpg","contentUrl":"https:\/\/www.pnst.com.br\/wp-content\/uploads\/2015\/07\/PNST-Pacheco-Neto-Sanden_Teisseire.jpg","width":262,"height":95,"caption":"PNST | Pacheco Neto, Sanden, Teisseire Advogados"},"image":{"@id":"https:\/\/www.pnst.com.br\/fi\/#\/schema\/logo\/image\/"},"sameAs":["https:\/\/www.facebook.com\/PNSTADVOGADOS"]}]}},"featured_image_src":"","featured_image_src_square":false,"rbea_author_info":{"display_name":"admin","author_link":"https:\/\/www.pnst.com.br\/fi\/author\/admin\/"},"rbea_excerpt_info":"Yleismaailmallinen DNA Pacheco Neto Sanden Teisseire Advogados on t\u00e4yden palvelun liiketoimintaan keskittyv\u00e4 lakitoimisto, jolla on kahden vuosikymmenen kokemus eri kulttuureista ja asiakkaista yli 20 maassa Brasilian lis\u00e4ksi, erityisesti Saksassa, Ranskassa, Skandinaviassa, Yhdysvalloissa ja Kiinassa. Joukkue Toiminta-Alueet Uutiskirje Download eFolder","uagb_featured_image_src":{"full":false,"thumbnail":false,"medium":false,"medium_large":false,"large":false,"1536x1536":false,"2048x2048":false,"single-featured-image":false,"blog-featured-image":false,"home-featured":false,"gb-block-post-grid-landscape":false,"gb-block-post-grid-square":false},"uagb_author_info":{"display_name":"admin","author_link":"https:\/\/www.pnst.com.br\/fi\/author\/admin\/"},"uagb_comment_info":0,"uagb_excerpt":"Yleismaailmallinen DNA Pacheco Neto Sanden Teisseire Advogados on t\u00e4yden palvelun liiketoimintaan keskittyv\u00e4 lakitoimisto, jolla on kahden vuosikymmenen kokemus eri kulttuureista ja asiakkaista yli 20 maassa Brasilian lis\u00e4ksi, erityisesti Saksassa, Ranskassa, Skandinaviassa, Yhdysvalloissa ja Kiinassa. Joukkue Toiminta-Alueet Uutiskirje Download eFolder","_links":{"self":[{"href":"https:\/\/www.pnst.com.br\/fi\/wp-json\/wp\/v2\/pages\/10282","targetHints":{"allow":["GET"]}}],"collection":[{"href":"https:\/\/www.pnst.com.br\/fi\/wp-json\/wp\/v2\/pages"}],"about":[{"href":"https:\/\/www.pnst.com.br\/fi\/wp-json\/wp\/v2\/types\/page"}],"author":[{"embeddable":true,"href":"https:\/\/www.pnst.com.br\/fi\/wp-json\/wp\/v2\/users\/1"}],"replies":[{"embeddable":true,"href":"https:\/\/www.pnst.com.br\/fi\/wp-json\/wp\/v2\/comments?post=10282"}],"version-history":[{"count":0,"href":"https:\/\/www.pnst.com.br\/fi\/wp-json\/wp\/v2\/pages\/10282\/revisions"}],"wp:attachment":[{"href":"https:\/\/www.pnst.com.br\/fi\/wp-json\/wp\/v2\/media?parent=10282"}],"curies":[{"name":"wp","href":"https:\/\/api.w.org\/{rel}","templated":true}]}}