{"id":5205,"date":"2011-09-14T09:45:02","date_gmt":"2011-09-14T12:45:02","guid":{"rendered":"https:\/\/www.pnst.com.br\/fi\/home\/"},"modified":"2016-01-20T03:22:52","modified_gmt":"2016-01-20T05:22:52","slug":"etusivu","status":"publish","type":"page","link":"https:\/\/www.pnst.com.br\/fi\/etusivu\/","title":{"rendered":"Etusivu"},"content":{"rendered":"<p>[row]<\/p>\n<div class=\"home-services\">\n<p>[span12]<\/p>\n<p>[row_fluid]<\/p>\n<p>[one_fourth]<\/p>\n<p>[service_box title=&#8221;Kansainv\u00e4linen Tunnistus&#8221; subtitle=&#8217;Kokemusta ja mainetta jonka takaa t\u00e4rkeimpien Kauppakamarien luottamus ymp\u00e4ri maailmaa.<a href=\"https:\/\/www.pnst.com.br\/fi\/tietoa-yhtioestae\/\"><img loading=\"lazy\" decoding=\"async\" class=\"alignnone wp-image-2112\" src=\"https:\/\/www.pnst.com.br\/wp-content\/uploads\/2011\/09\/home-bandeiras.gif\" alt=\"home-bandeiras\" width=\"239\" height=\"59\" \/><\/a>&#8217; icon=&#8221;icon1&#8243; text=&#8221;&#8221; btn_text=&#8221;Lue Lis\u00e4\u00e4&#8221; btn_link=&#8221;https:\/\/www.pnst.com.br\/fi\/tietoa-yhtioestae\/&#8221; btn_size=&#8221;normal&#8221; target=&#8221;_self&#8221; custom_class=&#8221;slateGray&#8221;]<\/p>\n<p>[\/one_fourth]<\/p>\n<p>[one_fourth]<\/p>\n<p>[service_box title=&#8221;&#8221; text=&#8217;<\/p>\n<p>&nbsp;<\/p>\n<h2 class=\"title\">e-Folder<\/h2>\n<p><a href=\"https:\/\/www.pnst.com.br\/publico\/e-folder\/PNST-eFolder-Finnish.pdf\" target=\"_blank\"><img loading=\"lazy\" decoding=\"async\" class=\"alignnone wp-image-3951\" src=\"https:\/\/www.pnst.com.br\/wp-content\/uploads\/2011\/09\/eFolder2.png\" alt=\"eFolder\" width=\"115\" height=\"81\" \/><\/a><br \/>\n&#8217; icon=&#8221;icon4&#8243; subtitle=&#8221; custom_class=&#8221;oliveGreen eFolder&#8221;]<\/p>\n<p>[\/one_fourth]<\/p>\n<p>[one_fourth]<\/p>\n<p>[pw_service_box title=&#8221;Menneet Tapahtumat&#8221; icon=&#8221;icon11&#8243; post_type=&#8221;portfolio&#8221; num_post=&#8221;4&#8243; btn_text=&#8221;Kaikki Tapahtumat&#8221; btn_link=&#8221;https:\/\/www.pnst.com.br\/events\/past-events\/&#8221; btn_size=&#8221;normal&#8221; target=&#8221;_self&#8221; custom_class=&#8221;olive&#8221;]<\/p>\n<p>[\/one_fourth]<\/p>\n<p>[one_fourth]<\/p>\n<p>[pw_service_box title=&#8221;Julkaisut&#8221; icon=&#8221;icon3&#8243; post_type=&#8221;post&#8221; num_post=&#8221;4&#8243; btn_text=&#8221;Kaikki Julkaisut&#8221; btn_link=&#8221;https:\/\/www.pnst.com.br\/publications\/&#8221; btn_size=&#8221;normal&#8221; target=&#8221;_self&#8221; custom_class=&#8221;darkKhaki&#8221;]<\/p>\n<p>[\/one_fourth]<\/p>\n<p>[\/row_fluid]<\/p>\n<p>[\/span12]<\/p>\n<\/div>\n<p>[\/row]<\/p>\n<p>[row]<\/p>\n<p>[span12]<\/p>\n<h2>Toimistomme Brasiliassa<\/h2>\n<p>PNST:ll\u00e4 on p\u00e4\u00e4toimisto <a href=\"https:\/\/www.pnst.com.br\/fi\/yhteydet\/\">Sao Paulossa<\/a>, Brasilian suurimmassa kaupungissa, ja pienemm\u00e4t toimistot <a href=\"https:\/\/www.pnst.com.br\/fi\/yhteydet\/\">Salvadorissa<\/a>, <a href=\"https:\/\/www.pnst.com.br\/fi\/yhteydet\/\">Rio de Janeirossa<\/a> ja <a href=\"https:\/\/www.pnst.com.br\/fi\/yhteydet\/\">Brasiiliassa<\/a>.<\/p>\n<p>[\/span12]<\/p>\n<p>[\/row]<\/p>\n<p>[row]<\/p>\n<p>[span3 custom_class=&#8217;enderecos&#8217;]<\/p>\n<h4>S\u00e3o Paulo<\/h4>\n<p>Al. Franca, 1050 &#8211; 3-11 andar<br \/>\nCEP: 01422-001 &#8211; S\u00e3o Paulo, SP \u2013 Brazil<br \/>\nPuhelin: +55 (11) 3897-4400 \/ 3063-6177<\/p>\n<p>[\/span3]<\/p>\n<p>[span3 custom_class=&#8217;enderecos&#8217;]<\/p>\n<h4>Salvador<\/h4>\n<p>Al. Salvador, 1057 &#8211; Salvador Shopping Business Torre Am\u00e9rica, Sala 902<br \/>\nCEP: 41820-790 &#8211; Salvador, BA \u2013 Brazil<br \/>\nPuhelin: +55 (71) 3311-9644<\/p>\n<p>[\/span3]<\/p>\n<p>[span3 custom_class=&#8217;enderecos&#8217;]<\/p>\n<h4>Rio de Janeiro<\/h4>\n<p>Rua Te\u00f3filo Ottoni, 15-9 andar<br \/>\nCEP: 20090-080 &#8211; Rio de Janeiro, RJ \u2013 Brazil<br \/>\nPuhelin: +55 (21) 2233-0010<\/p>\n<p>[\/span3]<\/p>\n<p>[span3 custom_class=&#8217;enderecos&#8217;]<\/p>\n<h4>Bras\u00edlia<\/h4>\n<p>SHIS QL 8 Conjunto 3 casa 1 &#8211; Lago Sul<br \/>\nCEP: 71620-235 \u2013 Bras\u00edlia, DF \u2013 Brazil<br \/>\nPuhelin: +55 (61) 2107-9191<\/p>\n<p>[\/span3]<\/p>\n<p>[\/row]<\/p>\n","protected":false},"excerpt":{"rendered":"<p>[row] [span12] [row_fluid] [one_fourth] [service_box title=&#8221;Kansainv\u00e4linen Tunnistus&#8221; subtitle=&#8217;Kokemusta ja mainetta jonka takaa t\u00e4rkeimpien Kauppakamarien luottamus ymp\u00e4ri maailmaa.&#8217; icon=&#8221;icon1&#8243; text=&#8221;&#8221; btn_text=&#8221;Lue Lis\u00e4\u00e4&#8221; btn_link=&#8221;https:\/\/www.pnst.com.br\/fi\/tietoa-yhtioestae\/&#8221; btn_size=&#8221;normal&#8221; target=&#8221;_self&#8221; custom_class=&#8221;slateGray&#8221;] [\/one_fourth] [one_fourth] [service_box title=&#8221;&#8221; text=&#8217; &nbsp; e-Folder &#8217; icon=&#8221;icon4&#8243; subtitle=&#8221; custom_class=&#8221;oliveGreen eFolder&#8221;] [\/one_fourth] [one_fourth] [pw_service_box title=&#8221;Menneet Tapahtumat&#8221; icon=&#8221;icon11&#8243; post_type=&#8221;portfolio&#8221; num_post=&#8221;4&#8243; btn_text=&#8221;Kaikki Tapahtumat&#8221; btn_link=&#8221;https:\/\/www.pnst.com.br\/events\/past-events\/&#8221; btn_size=&#8221;normal&#8221; target=&#8221;_self&#8221; custom_class=&#8221;olive&#8221;] [\/one_fourth] [one_fourth] [pw_service_box title=&#8221;Julkaisut&#8221; [&hellip;]<\/p>\n","protected":false},"author":1,"featured_media":0,"parent":0,"menu_order":0,"comment_status":"open","ping_status":"closed","template":"page-home.php","meta":{"_uag_custom_page_level_css":"","_genesis_hide_title":false,"_genesis_hide_breadcrumbs":false,"_genesis_hide_singular_image":false,"_genesis_hide_footer_widgets":false,"_genesis_custom_body_class":"","_genesis_custom_post_class":"","_genesis_layout":"","_joinchat":[],"footnotes":""},"class_list":{"0":"post-5205","1":"page","2":"type-page","3":"status-publish","5":"entry"},"yoast_head":"<!-- This site is optimized with the Yoast SEO plugin v27.4 - https:\/\/yoast.com\/product\/yoast-seo-wordpress\/ -->\n<title>Etusivu - PNST<\/title>\n<meta name=\"robots\" content=\"index, follow, max-snippet:-1, max-image-preview:large, max-video-preview:-1\" \/>\n<link rel=\"canonical\" href=\"https:\/\/www.pnst.com.br\/fi\/etusivu\/\" \/>\n<meta property=\"og:locale\" content=\"fi_FI\" \/>\n<meta property=\"og:type\" content=\"article\" \/>\n<meta property=\"og:title\" content=\"Etusivu - PNST\" \/>\n<meta property=\"og:description\" content=\"[row] [span12] [row_fluid] [one_fourth] [service_box title=&#8221;Kansainv\u00e4linen Tunnistus&#8221; subtitle=&#8217;Kokemusta ja mainetta jonka takaa t\u00e4rkeimpien Kauppakamarien luottamus ymp\u00e4ri maailmaa.&#8217; icon=&#8221;icon1&#8243; text=&#8221;&#8221; btn_text=&#8221;Lue Lis\u00e4\u00e4&#8221; btn_link=&#8221;https:\/\/www.pnst.com.br\/fi\/tietoa-yhtioestae\/&#8221; btn_size=&#8221;normal&#8221; target=&#8221;_self&#8221; custom_class=&#8221;slateGray&#8221;] [\/one_fourth] [one_fourth] [service_box title=&#8221;&#8221; text=&#8217; &nbsp; e-Folder &#8217; icon=&#8221;icon4&#8243; subtitle=&#8221; custom_class=&#8221;oliveGreen eFolder&#8221;] [\/one_fourth] [one_fourth] [pw_service_box title=&#8221;Menneet Tapahtumat&#8221; icon=&#8221;icon11&#8243; post_type=&#8221;portfolio&#8221; num_post=&#8221;4&#8243; btn_text=&#8221;Kaikki Tapahtumat&#8221; btn_link=&#8221;https:\/\/www.pnst.com.br\/events\/past-events\/&#8221; btn_size=&#8221;normal&#8221; target=&#8221;_self&#8221; custom_class=&#8221;olive&#8221;] [\/one_fourth] [one_fourth] [pw_service_box title=&#8221;Julkaisut&#8221; [&hellip;]\" \/>\n<meta property=\"og:url\" content=\"https:\/\/www.pnst.com.br\/fi\/etusivu\/\" \/>\n<meta property=\"og:site_name\" content=\"PNST\" \/>\n<meta property=\"article:publisher\" content=\"https:\/\/www.facebook.com\/PNSTADVOGADOS\" \/>\n<meta property=\"article:modified_time\" content=\"2016-01-20T05:22:52+00:00\" \/>\n<meta property=\"og:image\" content=\"https:\/\/www.pnst.com.br\/wp-content\/uploads\/2011\/09\/home-bandeiras.gif\" \/>\n<meta name=\"twitter:card\" content=\"summary_large_image\" \/>\n<meta name=\"twitter:label1\" content=\"Arvioitu lukuaika\" \/>\n\t<meta name=\"twitter:data1\" content=\"1 minute\" \/>\n<script type=\"application\/ld+json\" class=\"yoast-schema-graph\">{\"@context\":\"https:\\\/\\\/schema.org\",\"@graph\":[{\"@type\":\"WebPage\",\"@id\":\"https:\\\/\\\/www.pnst.com.br\\\/fi\\\/etusivu\\\/\",\"url\":\"https:\\\/\\\/www.pnst.com.br\\\/fi\\\/etusivu\\\/\",\"name\":\"Etusivu - PNST\",\"isPartOf\":{\"@id\":\"https:\\\/\\\/www.pnst.com.br\\\/fi\\\/#website\"},\"primaryImageOfPage\":{\"@id\":\"https:\\\/\\\/www.pnst.com.br\\\/fi\\\/etusivu\\\/#primaryimage\"},\"image\":{\"@id\":\"https:\\\/\\\/www.pnst.com.br\\\/fi\\\/etusivu\\\/#primaryimage\"},\"thumbnailUrl\":\"https:\\\/\\\/www.pnst.com.br\\\/wp-content\\\/uploads\\\/2011\\\/09\\\/home-bandeiras.gif\",\"datePublished\":\"2011-09-14T12:45:02+00:00\",\"dateModified\":\"2016-01-20T05:22:52+00:00\",\"breadcrumb\":{\"@id\":\"https:\\\/\\\/www.pnst.com.br\\\/fi\\\/etusivu\\\/#breadcrumb\"},\"inLanguage\":\"fi\",\"potentialAction\":[{\"@type\":\"ReadAction\",\"target\":[\"https:\\\/\\\/www.pnst.com.br\\\/fi\\\/etusivu\\\/\"]}]},{\"@type\":\"ImageObject\",\"inLanguage\":\"fi\",\"@id\":\"https:\\\/\\\/www.pnst.com.br\\\/fi\\\/etusivu\\\/#primaryimage\",\"url\":\"https:\\\/\\\/www.pnst.com.br\\\/wp-content\\\/uploads\\\/2011\\\/09\\\/home-bandeiras.gif\",\"contentUrl\":\"https:\\\/\\\/www.pnst.com.br\\\/wp-content\\\/uploads\\\/2011\\\/09\\\/home-bandeiras.gif\"},{\"@type\":\"BreadcrumbList\",\"@id\":\"https:\\\/\\\/www.pnst.com.br\\\/fi\\\/etusivu\\\/#breadcrumb\",\"itemListElement\":[{\"@type\":\"ListItem\",\"position\":1,\"name\":\"Etusivu\",\"item\":\"https:\\\/\\\/www.pnst.com.br\\\/fi\\\/\"},{\"@type\":\"ListItem\",\"position\":2,\"name\":\"Etusivu\"}]},{\"@type\":\"WebSite\",\"@id\":\"https:\\\/\\\/www.pnst.com.br\\\/fi\\\/#website\",\"url\":\"https:\\\/\\\/www.pnst.com.br\\\/fi\\\/\",\"name\":\"PNST\",\"description\":\"Pacheco Neto, Sanden, Teisseire Advogados\",\"publisher\":{\"@id\":\"https:\\\/\\\/www.pnst.com.br\\\/fi\\\/#organization\"},\"potentialAction\":[{\"@type\":\"SearchAction\",\"target\":{\"@type\":\"EntryPoint\",\"urlTemplate\":\"https:\\\/\\\/www.pnst.com.br\\\/fi\\\/?s={search_term_string}\"},\"query-input\":{\"@type\":\"PropertyValueSpecification\",\"valueRequired\":true,\"valueName\":\"search_term_string\"}}],\"inLanguage\":\"fi\"},{\"@type\":\"Organization\",\"@id\":\"https:\\\/\\\/www.pnst.com.br\\\/fi\\\/#organization\",\"name\":\"PNST | Pacheco Neto, Sanden, Teisseire Advogados\",\"url\":\"https:\\\/\\\/www.pnst.com.br\\\/fi\\\/\",\"logo\":{\"@type\":\"ImageObject\",\"inLanguage\":\"fi\",\"@id\":\"https:\\\/\\\/www.pnst.com.br\\\/fi\\\/#\\\/schema\\\/logo\\\/image\\\/\",\"url\":\"https:\\\/\\\/www.pnst.com.br\\\/wp-content\\\/uploads\\\/2015\\\/07\\\/PNST-Pacheco-Neto-Sanden_Teisseire.jpg\",\"contentUrl\":\"https:\\\/\\\/www.pnst.com.br\\\/wp-content\\\/uploads\\\/2015\\\/07\\\/PNST-Pacheco-Neto-Sanden_Teisseire.jpg\",\"width\":262,\"height\":95,\"caption\":\"PNST | Pacheco Neto, Sanden, Teisseire Advogados\"},\"image\":{\"@id\":\"https:\\\/\\\/www.pnst.com.br\\\/fi\\\/#\\\/schema\\\/logo\\\/image\\\/\"},\"sameAs\":[\"https:\\\/\\\/www.facebook.com\\\/PNSTADVOGADOS\"]}]}<\/script>\n<!-- \/ Yoast SEO plugin. -->","yoast_head_json":{"title":"Etusivu - PNST","robots":{"index":"index","follow":"follow","max-snippet":"max-snippet:-1","max-image-preview":"max-image-preview:large","max-video-preview":"max-video-preview:-1"},"canonical":"https:\/\/www.pnst.com.br\/fi\/etusivu\/","og_locale":"fi_FI","og_type":"article","og_title":"Etusivu - PNST","og_description":"[row] [span12] [row_fluid] [one_fourth] [service_box title=&#8221;Kansainv\u00e4linen Tunnistus&#8221; subtitle=&#8217;Kokemusta ja mainetta jonka takaa t\u00e4rkeimpien Kauppakamarien luottamus ymp\u00e4ri maailmaa.&#8217; icon=&#8221;icon1&#8243; text=&#8221;&#8221; btn_text=&#8221;Lue Lis\u00e4\u00e4&#8221; btn_link=&#8221;https:\/\/www.pnst.com.br\/fi\/tietoa-yhtioestae\/&#8221; btn_size=&#8221;normal&#8221; target=&#8221;_self&#8221; custom_class=&#8221;slateGray&#8221;] [\/one_fourth] [one_fourth] [service_box title=&#8221;&#8221; text=&#8217; &nbsp; e-Folder &#8217; icon=&#8221;icon4&#8243; subtitle=&#8221; custom_class=&#8221;oliveGreen eFolder&#8221;] [\/one_fourth] [one_fourth] [pw_service_box title=&#8221;Menneet Tapahtumat&#8221; icon=&#8221;icon11&#8243; post_type=&#8221;portfolio&#8221; num_post=&#8221;4&#8243; btn_text=&#8221;Kaikki Tapahtumat&#8221; btn_link=&#8221;https:\/\/www.pnst.com.br\/events\/past-events\/&#8221; btn_size=&#8221;normal&#8221; target=&#8221;_self&#8221; custom_class=&#8221;olive&#8221;] [\/one_fourth] [one_fourth] [pw_service_box title=&#8221;Julkaisut&#8221; [&hellip;]","og_url":"https:\/\/www.pnst.com.br\/fi\/etusivu\/","og_site_name":"PNST","article_publisher":"https:\/\/www.facebook.com\/PNSTADVOGADOS","article_modified_time":"2016-01-20T05:22:52+00:00","og_image":[{"url":"https:\/\/www.pnst.com.br\/wp-content\/uploads\/2011\/09\/home-bandeiras.gif","type":"","width":"","height":""}],"twitter_card":"summary_large_image","twitter_misc":{"Arvioitu lukuaika":"1 minute"},"schema":{"@context":"https:\/\/schema.org","@graph":[{"@type":"WebPage","@id":"https:\/\/www.pnst.com.br\/fi\/etusivu\/","url":"https:\/\/www.pnst.com.br\/fi\/etusivu\/","name":"Etusivu - PNST","isPartOf":{"@id":"https:\/\/www.pnst.com.br\/fi\/#website"},"primaryImageOfPage":{"@id":"https:\/\/www.pnst.com.br\/fi\/etusivu\/#primaryimage"},"image":{"@id":"https:\/\/www.pnst.com.br\/fi\/etusivu\/#primaryimage"},"thumbnailUrl":"https:\/\/www.pnst.com.br\/wp-content\/uploads\/2011\/09\/home-bandeiras.gif","datePublished":"2011-09-14T12:45:02+00:00","dateModified":"2016-01-20T05:22:52+00:00","breadcrumb":{"@id":"https:\/\/www.pnst.com.br\/fi\/etusivu\/#breadcrumb"},"inLanguage":"fi","potentialAction":[{"@type":"ReadAction","target":["https:\/\/www.pnst.com.br\/fi\/etusivu\/"]}]},{"@type":"ImageObject","inLanguage":"fi","@id":"https:\/\/www.pnst.com.br\/fi\/etusivu\/#primaryimage","url":"https:\/\/www.pnst.com.br\/wp-content\/uploads\/2011\/09\/home-bandeiras.gif","contentUrl":"https:\/\/www.pnst.com.br\/wp-content\/uploads\/2011\/09\/home-bandeiras.gif"},{"@type":"BreadcrumbList","@id":"https:\/\/www.pnst.com.br\/fi\/etusivu\/#breadcrumb","itemListElement":[{"@type":"ListItem","position":1,"name":"Etusivu","item":"https:\/\/www.pnst.com.br\/fi\/"},{"@type":"ListItem","position":2,"name":"Etusivu"}]},{"@type":"WebSite","@id":"https:\/\/www.pnst.com.br\/fi\/#website","url":"https:\/\/www.pnst.com.br\/fi\/","name":"PNST","description":"Pacheco Neto, Sanden, Teisseire Advogados","publisher":{"@id":"https:\/\/www.pnst.com.br\/fi\/#organization"},"potentialAction":[{"@type":"SearchAction","target":{"@type":"EntryPoint","urlTemplate":"https:\/\/www.pnst.com.br\/fi\/?s={search_term_string}"},"query-input":{"@type":"PropertyValueSpecification","valueRequired":true,"valueName":"search_term_string"}}],"inLanguage":"fi"},{"@type":"Organization","@id":"https:\/\/www.pnst.com.br\/fi\/#organization","name":"PNST | Pacheco Neto, Sanden, Teisseire Advogados","url":"https:\/\/www.pnst.com.br\/fi\/","logo":{"@type":"ImageObject","inLanguage":"fi","@id":"https:\/\/www.pnst.com.br\/fi\/#\/schema\/logo\/image\/","url":"https:\/\/www.pnst.com.br\/wp-content\/uploads\/2015\/07\/PNST-Pacheco-Neto-Sanden_Teisseire.jpg","contentUrl":"https:\/\/www.pnst.com.br\/wp-content\/uploads\/2015\/07\/PNST-Pacheco-Neto-Sanden_Teisseire.jpg","width":262,"height":95,"caption":"PNST | Pacheco Neto, Sanden, Teisseire Advogados"},"image":{"@id":"https:\/\/www.pnst.com.br\/fi\/#\/schema\/logo\/image\/"},"sameAs":["https:\/\/www.facebook.com\/PNSTADVOGADOS"]}]}},"featured_image_src":"","featured_image_src_square":false,"rbea_author_info":{"display_name":"admin","author_link":"https:\/\/www.pnst.com.br\/fi\/author\/admin\/"},"rbea_excerpt_info":"[row] [span12] [row_fluid] [one_fourth] [service_box title=&#8221;Kansainv\u00e4linen Tunnistus&#8221; subtitle=&#8217;Kokemusta ja mainetta jonka takaa t\u00e4rkeimpien Kauppakamarien luottamus ymp\u00e4ri maailmaa.&#8217; icon=&#8221;icon1&#8243; text=&#8221;&#8221; btn_text=&#8221;Lue Lis\u00e4\u00e4&#8221; btn_link=&#8221;https:\/\/www.pnst.com.br\/fi\/tietoa-yhtioestae\/&#8221; btn_size=&#8221;normal&#8221; target=&#8221;_self&#8221; custom_class=&#8221;slateGray&#8221;] [\/one_fourth] [one_fourth] [service_box title=&#8221;&#8221; text=&#8217; &nbsp; e-Folder &#8217; icon=&#8221;icon4&#8243; subtitle=&#8221; custom_class=&#8221;oliveGreen eFolder&#8221;] [\/one_fourth] [one_fourth] [pw_service_box title=&#8221;Menneet Tapahtumat&#8221; icon=&#8221;icon11&#8243; post_type=&#8221;portfolio&#8221; num_post=&#8221;4&#8243; btn_text=&#8221;Kaikki Tapahtumat&#8221; btn_link=&#8221;https:\/\/www.pnst.com.br\/events\/past-events\/&#8221; btn_size=&#8221;normal&#8221; target=&#8221;_self&#8221; custom_class=&#8221;olive&#8221;] [\/one_fourth] [one_fourth] [pw_service_box title=&#8221;Julkaisut&#8221; [&hellip;]","uagb_featured_image_src":{"full":false,"thumbnail":false,"medium":false,"medium_large":false,"large":false,"1536x1536":false,"2048x2048":false,"single-featured-image":false,"blog-featured-image":false,"home-featured":false,"gb-block-post-grid-landscape":false,"gb-block-post-grid-square":false},"uagb_author_info":{"display_name":"admin","author_link":"https:\/\/www.pnst.com.br\/fi\/author\/admin\/"},"uagb_comment_info":0,"uagb_excerpt":"[row] [span12] [row_fluid] [one_fourth] [service_box title=&#8221;Kansainv\u00e4linen Tunnistus&#8221; subtitle=&#8217;Kokemusta ja mainetta jonka takaa t\u00e4rkeimpien Kauppakamarien luottamus ymp\u00e4ri maailmaa.&#8217; icon=&#8221;icon1&#8243; text=&#8221;&#8221; btn_text=&#8221;Lue Lis\u00e4\u00e4&#8221; btn_link=&#8221;https:\/\/www.pnst.com.br\/fi\/tietoa-yhtioestae\/&#8221; btn_size=&#8221;normal&#8221; target=&#8221;_self&#8221; custom_class=&#8221;slateGray&#8221;] [\/one_fourth] [one_fourth] [service_box title=&#8221;&#8221; text=&#8217; &nbsp; e-Folder &#8217; icon=&#8221;icon4&#8243; subtitle=&#8221; custom_class=&#8221;oliveGreen eFolder&#8221;] [\/one_fourth] [one_fourth] [pw_service_box title=&#8221;Menneet Tapahtumat&#8221; icon=&#8221;icon11&#8243; post_type=&#8221;portfolio&#8221; num_post=&#8221;4&#8243; btn_text=&#8221;Kaikki Tapahtumat&#8221; btn_link=&#8221;https:\/\/www.pnst.com.br\/events\/past-events\/&#8221; btn_size=&#8221;normal&#8221; target=&#8221;_self&#8221; custom_class=&#8221;olive&#8221;] [\/one_fourth] [one_fourth] [pw_service_box title=&#8221;Julkaisut&#8221;&hellip;","_links":{"self":[{"href":"https:\/\/www.pnst.com.br\/fi\/wp-json\/wp\/v2\/pages\/5205","targetHints":{"allow":["GET"]}}],"collection":[{"href":"https:\/\/www.pnst.com.br\/fi\/wp-json\/wp\/v2\/pages"}],"about":[{"href":"https:\/\/www.pnst.com.br\/fi\/wp-json\/wp\/v2\/types\/page"}],"author":[{"embeddable":true,"href":"https:\/\/www.pnst.com.br\/fi\/wp-json\/wp\/v2\/users\/1"}],"replies":[{"embeddable":true,"href":"https:\/\/www.pnst.com.br\/fi\/wp-json\/wp\/v2\/comments?post=5205"}],"version-history":[{"count":0,"href":"https:\/\/www.pnst.com.br\/fi\/wp-json\/wp\/v2\/pages\/5205\/revisions"}],"wp:attachment":[{"href":"https:\/\/www.pnst.com.br\/fi\/wp-json\/wp\/v2\/media?parent=5205"}],"curies":[{"name":"wp","href":"https:\/\/api.w.org\/{rel}","templated":true}]}}