{"id":5312,"date":"2015-05-13T02:12:11","date_gmt":"2015-05-13T05:12:11","guid":{"rendered":"https:\/\/www.pnst.com.br\/fi\/practice-areas\/"},"modified":"2025-02-03T12:49:10","modified_gmt":"2025-02-03T15:49:10","slug":"toiminta-alueet","status":"publish","type":"page","link":"https:\/\/www.pnst.com.br\/fi\/toiminta-alueet\/","title":{"rendered":"Toiminta-Alueet"},"content":{"rendered":"\n<p>Autamme asiakkaitamme monilla eri taloudellisilla aloilla sek\u00e4 kotimaisissa ett\u00e4 kansainv\u00e4liliss\u00e4 rintamissa.<\/p>\n\n\n\n<div class=\"wp-block-genesis-blocks-gb-container areas-atuacao-acordeao gb-block-container\"><div class=\"gb-container-inside\"><div class=\"gb-container-content\" style=\"max-width:1600px\">\n<div class=\"wp-block-columns is-layout-flex wp-container-core-columns-is-layout-9d6595d7 wp-block-columns-is-layout-flex\">\n<div class=\"wp-block-column is-vertically-aligned-top is-layout-flow wp-block-column-is-layout-flow\" style=\"flex-basis:20%\">\n<h4 class=\"wp-block-heading\">P\u00e4\u00e4sivu Palvelut<\/h4>\n<\/div>\n\n\n\n<div class=\"wp-block-column is-layout-flow wp-block-column-is-layout-flow\" style=\"flex-basis:80%\">\n<div class=\"wp-block-genesis-blocks-gb-accordion gb-block-accordion\"><details><summary class=\"gb-accordion-title\">Fuusiot ja Akvisiittiot<\/summary><div class=\"gb-accordion-text\">\n<p>PNST neuvoo M&amp;A liiketoimissa eri kulttuurien v\u00e4lill\u00e4, ottaen  huomioon nimenomaan ainakin ty\u00f6laki, liiketoiminta ja kaupalliset  aiheet.<\/p>\n<\/div><\/details><\/div>\n\n\n\n<div class=\"wp-block-genesis-blocks-gb-accordion gb-block-accordion\"><details><summary class=\"gb-accordion-title\">Hallinto-oikeus<\/summary><div class=\"gb-accordion-text\">\n<p>Brasilian hallinto-oikeus s\u00e4\u00e4nnell\u00e4\u00e4n julkisen edun mukaan.  Tarjouksilla ja hankinnoilla on erikoiset s\u00e4\u00e4nn\u00f6t jotka my\u00f6hemmin  vaikuuttavat my\u00f6nt\u00e4missopimuksiin ja julkisten toimintalupien saamiseen.  PNST avustaa asiakkaitaan noudattamaan Brasilian lakeja ja etenkin  uusia korruptiovastaisia lakis\u00e4\u00e4nn\u00f6ksi\u00e4.<\/p>\n<\/div><\/details><\/div>\n\n\n\n<div class=\"wp-block-genesis-blocks-gb-accordion gb-block-accordion\"><details><summary class=\"gb-accordion-title\">Immateriaalioikeudet<\/summary><div class=\"gb-accordion-text\">\n<p>Neuvonta ja laillinen apu merkkien, patenttien, tekij\u00e4noikeusmaksujen  alalla,liikesalaisuuksia, teknologian siirto, tekij\u00e4noikeus,  tietokoneohjelman suojaus,verkkoalueen rekister\u00f6inti, lisensointi,  teollisuuden designit, know-how.<\/p>\n<\/div><\/details><\/div>\n\n\n\n<div class=\"wp-block-genesis-blocks-gb-accordion gb-block-accordion\"><details><summary class=\"gb-accordion-title\">Kaupalliset Sopimukset<\/summary><div class=\"gb-accordion-text\">\n<p>Analyysi, laatiminen, tarkistaminen ja mielipiteet kaikista  kaupallisista sopimuksista kuten ty\u00f6teht\u00e4v\u00e4t, EPCM, avaimet k\u00e4teen,  toimisto, edustus, jakelu, kuvaoikeuden k\u00e4ytt\u00f6, laina, kulutuksen  jakaukset, rakentaminen, rakennuslaina (laina k\u00e4ytt\u00f6\u00f6n), tarjonta,  useita palveluja, l\u00e4hetys, vakuutus, (D&amp;O my\u00f6s), takeet,  joukkovelkakirjat, pankki takuut, luottamuksellisuus (NDA), yleiset  pankkilainat jopa BDNES:n kanssa, irtaimiston osto ja myynti,  kaupallinen vuokrasopimus, yhteisty\u00f6, kumppanuudet, kilpailukielto,  kirjeet ym.<\/p>\n<\/div><\/details><\/div>\n\n\n\n<div class=\"wp-block-genesis-blocks-gb-accordion gb-block-accordion\"><details><summary class=\"gb-accordion-title\">Kiinteist\u00f6alan Toimet<\/summary><div class=\"gb-accordion-text\">\n<p>Laaja tuki yksil\u00f6ille ja oikeushenkil\u00f6ille kinnteist\u00f6kaupoissa. Apua  asiakkan klassisissa osto- ja myynti kaupoissa, vaihto, lahjoitus  maksuna, kiinnelainan ja vuokran saaminen my\u00f6s ohjatuisimmissa  liiketoimissa kuten rakennettu sopivaksi (BTS), takaisin vuokraus,  j\u00e4lkiasennukset, oikeudet rem pinnoille, (DRS), yhteisyritykset, SPE (  Special purpose yksik\u00f6t) kiinteist\u00f6 alalle, omistusten perustaminen,  teollisuuslaitosten poistaminen, saatavien arvopapereiden takuu,  sijoitusrahastojen perustaminen, yleens\u00e4 auttaa kiinnteist\u00f6yrityksi\u00e4  kulujen jaossa, yhteis\u00f6t, hotellit, palveluasunnot,  asuin-liike-teollisuus ja teknologiset osakehuoneistot ja  kauppakekukset. Lis\u00e4ksi toimintaa, joka m\u00e4\u00e4r\u00e4ilee laajentamis  strategioita, asianmukaista huolellisuutta koskevan ehdon tekeminen  maanostossa ja rekistereiden oikaiseminen.<\/p>\n<\/div><\/details><\/div>\n\n\n\n<div class=\"wp-block-genesis-blocks-gb-accordion gb-block-accordion\"><details><summary class=\"gb-accordion-title\">Kilpailu- ja Talousoikeudet<\/summary><div class=\"gb-accordion-text\">\n<p>PNST neuvoo kilpailuoikeuden vaikutukseta tiettyjen liiketoimijen  suhteen Brasilian lain mukaan. J\u00e4lkimm\u00e4inen sai \u00e4skett\u00e4in lainmuutoksen  vuonna 2012 ja on t\u00e4rke\u00e4\u00e4, kun joko investoidaan tai yritysten uudelleen  j\u00e4rjestelyiss\u00e4.<\/p>\n<\/div><\/details><\/div>\n\n\n\n<div class=\"wp-block-genesis-blocks-gb-accordion gb-block-accordion\"><details><summary class=\"gb-accordion-title\">Neuvottelu, Sovittelu ja V\u00e4limiesmenettely<\/summary><div class=\"gb-accordion-text\">\n<p>Avustus yrityksille tai yksil\u00f6ille vaihtoehtoisten ratkaisujen  l\u00f6yt\u00e4misess\u00e4 ristiriidoissa kuten sovittelu ja v\u00e4limiesmenettely,  koitimainen ja kansainv\u00e4linen, julkinen ja yksityinen, mielipiteiden  laatiminen, avustus sitoumuksen lauseissa ja v\u00e4limiesmenettely  sitoumiksissa.<\/p>\n<\/div><\/details><\/div>\n\n\n\n<div class=\"wp-block-genesis-blocks-gb-accordion gb-block-accordion\"><details><summary class=\"gb-accordion-title\">Perhe- ja Perimyslait<\/summary><div class=\"gb-accordion-text\">\n<p>Konsultointiapua perhe- ja perimyskysymyksiss\u00e4 kuten kuolinpes\u00e4,  testamentit, erot, avioerot, avioliittoa edelt\u00e4v\u00e4t sopimulset,  partnerisopimukset, avoliitto sopimukset, lasten huoltosopimukset ja  vierailu-oikeudet, lasten apuel\u00e4ke, perinnn\u00f6n jako, perrinn\u00f6n  suunnittelu ja hyv\u00e4ksynt\u00e4 my\u00f6s kansainv\u00e4linen.<\/p>\n<\/div><\/details><\/div>\n\n\n\n<div class=\"wp-block-genesis-blocks-gb-accordion gb-block-accordion\"><details><summary class=\"gb-accordion-title\">S\u00e4\u00e4ntelv\u00e4t Lait<\/summary><div class=\"gb-accordion-text\">\n<p>Brasilian hallinto on perustanut monia virastoja energia, telecom ja  \u00f6ljy aloilla. PNST jakaa asiakkaittensa kanssa oleellisia seikkoja  riippuen asiakkaan toiminta lasta.<\/p>\n<\/div><\/details><\/div>\n\n\n\n<div class=\"wp-block-genesis-blocks-gb-accordion gb-block-accordion\"><details><summary class=\"gb-accordion-title\">Siviilikonsultointi ja Oikeudenk\u00e4ynnit<\/summary><div class=\"gb-accordion-text\">\n<p>Avustus riita-asioissa ( ehk\u00e4isy oikeudenk\u00e4ynnit) ja k\u00e4ytant\u00f6  kaikilla oikeutasoilla, my\u00f6s ylemmiss\u00e4 oikeusasteissa seuraavilla  aloilla: hajanaiset yhteiset ja yksil\u00f6lliset yhdenmukaisten oikeuksien  v\u00e4itteet (ymp\u00e4rist\u00f6, kuluttaja suhteet, hyv\u00e4t ja oikeudet taiteellisen,  esteettisen, historiallisen ja matkailu ja luonnonkauneuden arvot),  julkisen kansalaisyhteiskunnan toimet, luottojen saaminen (ulosotto ja  luottojen esitys konkursissa ja velkojien koostumus), kiinteist\u00f6jen  halussapito ja omaisuus, perhe ja perimys, ker\u00e4ys, maksu muun muassa.<\/p>\n<\/div><\/details><\/div>\n\n\n\n<div class=\"wp-block-genesis-blocks-gb-accordion gb-block-accordion\"><details><summary class=\"gb-accordion-title\">Tietosuoja ja Yksityisyys<\/summary><div class=\"gb-accordion-text\">\n<p>LGPD:n ja muiden sovellettavien s\u00e4\u00e4d\u00f6sten mukainen konsultointi ja oikeudellinen apu, mukaan lukien tietojen hallinnointi, tietosuojak\u00e4yt\u00e4nt\u00f6jen laatiminen ja tarkistaminen, tietojen kartoitus, tietojenk\u00e4sittelysopimukset, tapauksiin reagointi, auditoinnit, prosessien mukauttaminen, koulutus, due diligence ja yksityisyyteen ja tietosuojaan liittyv\u00e4t oikeudenk\u00e4ynnit. tietosuoja.<\/p>\n<\/div><\/details><\/div>\n\n\n\n<div class=\"wp-block-genesis-blocks-gb-accordion gb-block-accordion\"><details><summary class=\"gb-accordion-title\">Ty\u00f6lakikonsultointi ja Oikeudenk\u00e4ynnit<\/summary><div class=\"gb-accordion-text\">\n<p>Ty\u00f6lakiosasto on aktiivinen ennaltaehk\u00e4isev\u00e4ss\u00e4 konsultoinnissa ja  k\u00e4r\u00e4j\u00f6inniss\u00e4 ja edustaa asiakasta ty\u00f6lakioikeudenk\u00e4ynneiss\u00e4,  edellisiss\u00e4 sovitteluissa, ammaattiyhdistys sopimuksissa kun on kyse  palkoista ja yksitt\u00e4isist\u00e4 tai kollektiiviseta sopimuksista. Osasto on  aktiivinen ennaltaehk\u00e4iseviss\u00e4 konsultoinnissa ja oikeudellisissa  ty\u00f6vaatimuksissa minimoidakseen ty\u00f6voimavelkoja jotka tulevat  todellisesta ty\u00f6suhteesta ja Ty\u00f6minsteri\u00f6n ja Sosiaaliministeri\u00f6n  tarkastuksissa.<\/p>\n<\/div><\/details><\/div>\n\n\n\n<div class=\"wp-block-genesis-blocks-gb-accordion gb-block-accordion\"><details><summary class=\"gb-accordion-title\">Ulkomaiset Investoinnit<\/summary><div class=\"gb-accordion-text\">\n<p>Yritysten ja j\u00e4rjest\u00f6jen suunnitelu ja toteutus ja  uudelleenj\u00e4rjestely, sis\u00e4llytt\u00e4minen, split-off, muutos ja selvitetys.  Uusien osakeyhti\u00f6iden perustaminen, joko LTD tai S\/A. Avustus Brasilian  Keskuspankin s\u00e4\u00e4nn\u00f6iss\u00e4 (BACEN) ja (CVM). Avustus p\u00e4\u00e4omarahastoihin, oma  tai sijoittajien p\u00e4\u00e4oma, riskip\u00e4\u00e4oma, yhteisyritykset, osakkaiden  v\u00e4liset sopimukset, saapuva ja l\u00e4htev\u00e4 p\u00e4\u00e4oma, toiminta, rajojen yli  kattava yristysten uudelleenj\u00e4jestely. Ulkomaille luottovastan l\u00e4hetys  k\u00e4yt\u00e4nt\u00f6j\u00e4, vaihtos\u00e4\u00e4nn\u00f6t, ulkomaisten yritysten rekister\u00f6inti Brasilian  Keskupankissa itsen\u00e4isess\u00e4 muodossa tai paikallisten kumppaneiden  kanssa.<\/p>\n<\/div><\/details><\/div>\n\n\n\n<div class=\"wp-block-genesis-blocks-gb-accordion gb-block-accordion\"><details><summary class=\"gb-accordion-title\">Verolakikonsultointi ja Oikeudenk\u00e4ynnit<\/summary><div class=\"gb-accordion-text\">\n<p>Ennaltaehk\u00e4isev\u00e4 konsultointi ja hallinnollisten ja oikeudellisten  verojen k\u00e4r\u00e4j\u00f6inti kaikilla tasoilla, joko liittovaltion, valtion tai  kuntien tasolla, mukaanlukien verojen suunniittelu, valmistelulausuntoja  joko \/ tai hallinnollinen konsultointi, ehk\u00e4isev\u00e4 puolustu s  verovaatimuksissa, joita pidet\u00e4\u00e4n joko laittomina tai lainvastaisina,  verovelvollisen puolustus rikkomisesta tai arviointi ja verojen ja  maksujen palautus.<\/p>\n<\/div><\/details><\/div>\n\n\n\n<div class=\"wp-block-genesis-blocks-gb-accordion gb-block-accordion\"><details><summary class=\"gb-accordion-title\">Ymp\u00e4rist\u00f6lains\u00e4\u00e4d\u00e4nt\u00f6<\/summary><div class=\"gb-accordion-text\">\n<p>PNST my\u00f6s neuvoo erilaisissa Brasilian ymp\u00e4rist\u00f6lains\u00e4\u00e4d\u00e4nn\u00f6n alalla,  tarvittavista luvista, lisensoinnista jopa oikeudenk\u00e4ynneist\u00e4 ja  vaatimusten noudattamisesta. Sakot voivat olla kalliita ja on t\u00e4rke\u00e4t\u00e4  saada asianmukaista neuvoa.<\/p>\n<\/div><\/details><\/div>\n\n\n\n<div class=\"wp-block-genesis-blocks-gb-accordion gb-block-accordion\"><details><summary class=\"gb-accordion-title\">Yritykset<\/summary><div class=\"gb-accordion-text\">\n<p>Yritysten ja j\u00e4rjest\u00f6jen suunnitelu ja toteutus ja  uudelleenj\u00e4rjestely, sis\u00e4llytt\u00e4minen, split-off, muutos ja selvitetys.  Uusien osakeyhti\u00f6iden perustaminen, joko LTD tai S\/A. Avustus Brasilian  Keskuspankin s\u00e4\u00e4nn\u00f6iss\u00e4 (BACEN) ja (CVM). Avustus p\u00e4\u00e4omarahastoihin, oma  tai sijoittajien p\u00e4\u00e4oma, riskip\u00e4\u00e4oma, yhteisyritykset, osakkaiden  v\u00e4liset sopimukset, saapuva ja l\u00e4htev\u00e4 p\u00e4\u00e4oma, toiminta, rajojen yli  kattava yristysten uudelleenj\u00e4jestely. Ulkomaille luottovastan l\u00e4hetys  k\u00e4yt\u00e4nt\u00f6j\u00e4, vaihtos\u00e4\u00e4nn\u00f6t, ulkomaisten yritysten rekister\u00f6inti Brasilian  Keskupankissa itsen\u00e4isess\u00e4 muodossa tai paikallisten kumppaneiden  kanssa.<\/p>\n<\/div><\/details><\/div>\n<\/div>\n<\/div>\n<\/div><\/div><\/div>\n\n\n\n<p><\/p>\n","protected":false},"excerpt":{"rendered":"<p>Autamme asiakkaitamme monilla eri taloudellisilla aloilla sek\u00e4 kotimaisissa ett\u00e4 kansainv\u00e4liliss\u00e4 rintamissa.<\/p>\n","protected":false},"author":1,"featured_media":0,"parent":0,"menu_order":1,"comment_status":"open","ping_status":"open","template":"","meta":{"_uag_custom_page_level_css":"","_genesis_hide_title":false,"_genesis_hide_breadcrumbs":false,"_genesis_hide_singular_image":false,"_genesis_hide_footer_widgets":false,"_genesis_custom_body_class":"","_genesis_custom_post_class":"","_genesis_layout":"","_joinchat":[],"footnotes":""},"class_list":{"0":"post-5312","1":"page","2":"type-page","3":"status-publish","5":"entry","6":"has-post-thumbnail"},"yoast_head":"<!-- This site is optimized with the Yoast SEO plugin v27.4 - https:\/\/yoast.com\/product\/yoast-seo-wordpress\/ -->\n<title>Toiminta-Alueet - PNST<\/title>\n<meta name=\"robots\" content=\"index, follow, max-snippet:-1, max-image-preview:large, max-video-preview:-1\" \/>\n<link rel=\"canonical\" href=\"https:\/\/www.pnst.com.br\/fi\/toiminta-alueet\/\" \/>\n<meta property=\"og:locale\" content=\"fi_FI\" \/>\n<meta property=\"og:type\" content=\"article\" \/>\n<meta property=\"og:title\" content=\"Toiminta-Alueet - PNST\" \/>\n<meta property=\"og:description\" content=\"Autamme asiakkaitamme monilla eri taloudellisilla aloilla sek\u00e4 kotimaisissa ett\u00e4 kansainv\u00e4liliss\u00e4 rintamissa.\" \/>\n<meta property=\"og:url\" content=\"https:\/\/www.pnst.com.br\/fi\/toiminta-alueet\/\" \/>\n<meta property=\"og:site_name\" content=\"PNST\" \/>\n<meta property=\"article:publisher\" content=\"https:\/\/www.facebook.com\/PNSTADVOGADOS\" \/>\n<meta property=\"article:modified_time\" content=\"2025-02-03T15:49:10+00:00\" \/>\n<meta property=\"og:image\" content=\"https:\/\/www.pnst.com.br\/wp-content\/uploads\/2020\/01\/logo-PNST.png\" \/>\n\t<meta property=\"og:image:width\" content=\"262\" \/>\n\t<meta property=\"og:image:height\" content=\"95\" \/>\n\t<meta property=\"og:image:type\" content=\"image\/png\" \/>\n<meta name=\"twitter:card\" content=\"summary_large_image\" \/>\n<meta name=\"twitter:label1\" content=\"Arvioitu lukuaika\" \/>\n\t<meta name=\"twitter:data1\" content=\"5 minutes\" \/>\n<script type=\"application\/ld+json\" class=\"yoast-schema-graph\">{\"@context\":\"https:\\\/\\\/schema.org\",\"@graph\":[{\"@type\":\"WebPage\",\"@id\":\"https:\\\/\\\/www.pnst.com.br\\\/fi\\\/toiminta-alueet\\\/\",\"url\":\"https:\\\/\\\/www.pnst.com.br\\\/fi\\\/toiminta-alueet\\\/\",\"name\":\"Toiminta-Alueet - PNST\",\"isPartOf\":{\"@id\":\"https:\\\/\\\/www.pnst.com.br\\\/fi\\\/#website\"},\"datePublished\":\"2015-05-13T05:12:11+00:00\",\"dateModified\":\"2025-02-03T15:49:10+00:00\",\"breadcrumb\":{\"@id\":\"https:\\\/\\\/www.pnst.com.br\\\/fi\\\/toiminta-alueet\\\/#breadcrumb\"},\"inLanguage\":\"fi\",\"potentialAction\":[{\"@type\":\"ReadAction\",\"target\":[\"https:\\\/\\\/www.pnst.com.br\\\/fi\\\/toiminta-alueet\\\/\"]}]},{\"@type\":\"BreadcrumbList\",\"@id\":\"https:\\\/\\\/www.pnst.com.br\\\/fi\\\/toiminta-alueet\\\/#breadcrumb\",\"itemListElement\":[{\"@type\":\"ListItem\",\"position\":1,\"name\":\"Etusivu\",\"item\":\"https:\\\/\\\/www.pnst.com.br\\\/fi\\\/\"},{\"@type\":\"ListItem\",\"position\":2,\"name\":\"Toiminta-Alueet\"}]},{\"@type\":\"WebSite\",\"@id\":\"https:\\\/\\\/www.pnst.com.br\\\/fi\\\/#website\",\"url\":\"https:\\\/\\\/www.pnst.com.br\\\/fi\\\/\",\"name\":\"PNST\",\"description\":\"Pacheco Neto, Sanden, Teisseire Advogados\",\"publisher\":{\"@id\":\"https:\\\/\\\/www.pnst.com.br\\\/fi\\\/#organization\"},\"potentialAction\":[{\"@type\":\"SearchAction\",\"target\":{\"@type\":\"EntryPoint\",\"urlTemplate\":\"https:\\\/\\\/www.pnst.com.br\\\/fi\\\/?s={search_term_string}\"},\"query-input\":{\"@type\":\"PropertyValueSpecification\",\"valueRequired\":true,\"valueName\":\"search_term_string\"}}],\"inLanguage\":\"fi\"},{\"@type\":\"Organization\",\"@id\":\"https:\\\/\\\/www.pnst.com.br\\\/fi\\\/#organization\",\"name\":\"PNST | Pacheco Neto, Sanden, Teisseire Advogados\",\"url\":\"https:\\\/\\\/www.pnst.com.br\\\/fi\\\/\",\"logo\":{\"@type\":\"ImageObject\",\"inLanguage\":\"fi\",\"@id\":\"https:\\\/\\\/www.pnst.com.br\\\/fi\\\/#\\\/schema\\\/logo\\\/image\\\/\",\"url\":\"https:\\\/\\\/www.pnst.com.br\\\/wp-content\\\/uploads\\\/2015\\\/07\\\/PNST-Pacheco-Neto-Sanden_Teisseire.jpg\",\"contentUrl\":\"https:\\\/\\\/www.pnst.com.br\\\/wp-content\\\/uploads\\\/2015\\\/07\\\/PNST-Pacheco-Neto-Sanden_Teisseire.jpg\",\"width\":262,\"height\":95,\"caption\":\"PNST | Pacheco Neto, Sanden, Teisseire Advogados\"},\"image\":{\"@id\":\"https:\\\/\\\/www.pnst.com.br\\\/fi\\\/#\\\/schema\\\/logo\\\/image\\\/\"},\"sameAs\":[\"https:\\\/\\\/www.facebook.com\\\/PNSTADVOGADOS\"]}]}<\/script>\n<!-- \/ Yoast SEO plugin. -->","yoast_head_json":{"title":"Toiminta-Alueet - PNST","robots":{"index":"index","follow":"follow","max-snippet":"max-snippet:-1","max-image-preview":"max-image-preview:large","max-video-preview":"max-video-preview:-1"},"canonical":"https:\/\/www.pnst.com.br\/fi\/toiminta-alueet\/","og_locale":"fi_FI","og_type":"article","og_title":"Toiminta-Alueet - PNST","og_description":"Autamme asiakkaitamme monilla eri taloudellisilla aloilla sek\u00e4 kotimaisissa ett\u00e4 kansainv\u00e4liliss\u00e4 rintamissa.","og_url":"https:\/\/www.pnst.com.br\/fi\/toiminta-alueet\/","og_site_name":"PNST","article_publisher":"https:\/\/www.facebook.com\/PNSTADVOGADOS","article_modified_time":"2025-02-03T15:49:10+00:00","og_image":[{"width":262,"height":95,"url":"https:\/\/www.pnst.com.br\/wp-content\/uploads\/2020\/01\/logo-PNST.png","type":"image\/png"}],"twitter_card":"summary_large_image","twitter_misc":{"Arvioitu lukuaika":"5 minutes"},"schema":{"@context":"https:\/\/schema.org","@graph":[{"@type":"WebPage","@id":"https:\/\/www.pnst.com.br\/fi\/toiminta-alueet\/","url":"https:\/\/www.pnst.com.br\/fi\/toiminta-alueet\/","name":"Toiminta-Alueet - PNST","isPartOf":{"@id":"https:\/\/www.pnst.com.br\/fi\/#website"},"datePublished":"2015-05-13T05:12:11+00:00","dateModified":"2025-02-03T15:49:10+00:00","breadcrumb":{"@id":"https:\/\/www.pnst.com.br\/fi\/toiminta-alueet\/#breadcrumb"},"inLanguage":"fi","potentialAction":[{"@type":"ReadAction","target":["https:\/\/www.pnst.com.br\/fi\/toiminta-alueet\/"]}]},{"@type":"BreadcrumbList","@id":"https:\/\/www.pnst.com.br\/fi\/toiminta-alueet\/#breadcrumb","itemListElement":[{"@type":"ListItem","position":1,"name":"Etusivu","item":"https:\/\/www.pnst.com.br\/fi\/"},{"@type":"ListItem","position":2,"name":"Toiminta-Alueet"}]},{"@type":"WebSite","@id":"https:\/\/www.pnst.com.br\/fi\/#website","url":"https:\/\/www.pnst.com.br\/fi\/","name":"PNST","description":"Pacheco Neto, Sanden, Teisseire Advogados","publisher":{"@id":"https:\/\/www.pnst.com.br\/fi\/#organization"},"potentialAction":[{"@type":"SearchAction","target":{"@type":"EntryPoint","urlTemplate":"https:\/\/www.pnst.com.br\/fi\/?s={search_term_string}"},"query-input":{"@type":"PropertyValueSpecification","valueRequired":true,"valueName":"search_term_string"}}],"inLanguage":"fi"},{"@type":"Organization","@id":"https:\/\/www.pnst.com.br\/fi\/#organization","name":"PNST | Pacheco Neto, Sanden, Teisseire Advogados","url":"https:\/\/www.pnst.com.br\/fi\/","logo":{"@type":"ImageObject","inLanguage":"fi","@id":"https:\/\/www.pnst.com.br\/fi\/#\/schema\/logo\/image\/","url":"https:\/\/www.pnst.com.br\/wp-content\/uploads\/2015\/07\/PNST-Pacheco-Neto-Sanden_Teisseire.jpg","contentUrl":"https:\/\/www.pnst.com.br\/wp-content\/uploads\/2015\/07\/PNST-Pacheco-Neto-Sanden_Teisseire.jpg","width":262,"height":95,"caption":"PNST | Pacheco Neto, Sanden, Teisseire Advogados"},"image":{"@id":"https:\/\/www.pnst.com.br\/fi\/#\/schema\/logo\/image\/"},"sameAs":["https:\/\/www.facebook.com\/PNSTADVOGADOS"]}]}},"featured_image_src":"","featured_image_src_square":false,"rbea_author_info":{"display_name":"admin","author_link":"https:\/\/www.pnst.com.br\/fi\/author\/admin\/"},"rbea_excerpt_info":"Autamme asiakkaitamme monilla eri taloudellisilla aloilla sek\u00e4 kotimaisissa ett\u00e4 kansainv\u00e4liliss\u00e4 rintamissa.","uagb_featured_image_src":{"full":false,"thumbnail":false,"medium":false,"medium_large":false,"large":false,"1536x1536":false,"2048x2048":false,"single-featured-image":false,"blog-featured-image":false,"home-featured":false,"gb-block-post-grid-landscape":false,"gb-block-post-grid-square":false},"uagb_author_info":{"display_name":"admin","author_link":"https:\/\/www.pnst.com.br\/fi\/author\/admin\/"},"uagb_comment_info":0,"uagb_excerpt":"Autamme asiakkaitamme monilla eri taloudellisilla aloilla sek\u00e4 kotimaisissa ett\u00e4 kansainv\u00e4liliss\u00e4 rintamissa.","_links":{"self":[{"href":"https:\/\/www.pnst.com.br\/fi\/wp-json\/wp\/v2\/pages\/5312","targetHints":{"allow":["GET"]}}],"collection":[{"href":"https:\/\/www.pnst.com.br\/fi\/wp-json\/wp\/v2\/pages"}],"about":[{"href":"https:\/\/www.pnst.com.br\/fi\/wp-json\/wp\/v2\/types\/page"}],"author":[{"embeddable":true,"href":"https:\/\/www.pnst.com.br\/fi\/wp-json\/wp\/v2\/users\/1"}],"replies":[{"embeddable":true,"href":"https:\/\/www.pnst.com.br\/fi\/wp-json\/wp\/v2\/comments?post=5312"}],"version-history":[{"count":0,"href":"https:\/\/www.pnst.com.br\/fi\/wp-json\/wp\/v2\/pages\/5312\/revisions"}],"wp:attachment":[{"href":"https:\/\/www.pnst.com.br\/fi\/wp-json\/wp\/v2\/media?parent=5312"}],"curies":[{"name":"wp","href":"https:\/\/api.w.org\/{rel}","templated":true}]}}