{"id":10278,"date":"2015-07-30T09:21:57","date_gmt":"2015-07-30T12:21:57","guid":{"rendered":"https:\/\/www.pnst.com.br\/fr\/home-3\/"},"modified":"2024-04-24T10:49:13","modified_gmt":"2024-04-24T13:49:13","slug":"home-3","status":"publish","type":"page","link":"https:\/\/www.pnst.com.br\/fr\/","title":{"rendered":"Accueil"},"content":{"rendered":"\n<hr class=\"wp-block-separator is-style-wide\"\/>\n\n\n\n<div class=\"wp-block-columns dna-global-block is-layout-flex wp-container-core-columns-is-layout-9d6595d7 wp-block-columns-is-layout-flex\">\n<div class=\"wp-block-column is-layout-flow wp-block-column-is-layout-flow\" style=\"flex-basis:20%\">\n<h3 class=\"wp-block-heading\">ADN Global<\/h3>\n<\/div>\n\n\n\n<div class=\"wp-block-column is-layout-flow wp-block-column-is-layout-flow\" style=\"flex-basis:80%\">\n<p><strong>PNST (Pacheco Neto Sanden Teisseire Advogados)<\/strong> est un Cabinet&nbsp;<em>Full Service<\/em>&nbsp;visant principalement une permanente assistance de plus de 20 ann\u00e9es d\u2019exp\u00e9riences et de connaissances culturelles aupr\u00e8s de clients venant de plus de 20 pays et plus sp\u00e9cialement , outre le Br\u00e9sil, d\u2019Allemagne, de France, de Scandinavie, des USA et de Chine.&nbsp;<\/p>\n<\/div>\n<\/div>\n\n\n\n<div class=\"wp-block-columns team-block is-layout-flex wp-container-core-columns-is-layout-9d6595d7 wp-block-columns-is-layout-flex\">\n<div class=\"wp-block-column is-layout-flow wp-block-column-is-layout-flow\" style=\"flex-basis:20%\">\n<h3 class=\"wp-block-heading\"> \u00c9quipe <\/h3>\n<\/div>\n\n\n\n<div class=\"wp-block-column is-layout-flow wp-block-column-is-layout-flow\" style=\"flex-basis:80%\"><div class=\"team carousel_container\"><div class=\"wrap\"><ul class=\"carousel is-set\"><li class=\"carousel-seat is-ref\"><a href=\"https:\/\/www.pnst.com.br\/fr\/profile\/jean-francois-teisseire\/\" class=\"fr\"><img decoding=\"async\" src=\"https:\/\/www.pnst.com.br\/wp-content\/uploads\/2016\/12\/jean-francois-teisseire-thumb-150x150.png\" title=\"Jean Fran\u00e7ois Teisseire\" class=\"media-image\" \/><div class=\"media-body\"><h4>Jean Fran\u00e7ois Teisseire<\/h4><p>\nJean Fran\u00e7ois Teisseire\u00a0est associ\u00e9 fondateur de la soci\u00e9t\u00e9 d\u2019Avocats Pacheco Neto Sanden Teisseire Advogados. Il est Franco-Br\u00e9silien et a compl\u00e9t\u00e9 sa formation acad\u00e9mique \u00e0 l'Universit\u00e9 Paris II - Assas. Il est inscrit aux barreaux de...<\/p><\/div><\/a><\/li><li class=\"carousel-seat\"><a href=\"https:\/\/www.pnst.com.br\/fr\/profile\/renato-pacheco-e-silva-bacellar-neto\/\" class=\"fr\"><img decoding=\"async\" src=\"https:\/\/www.pnst.com.br\/wp-content\/uploads\/2016\/12\/renato-pacheco-e-silva-bacellar-neto-thumb-150x150.png\" title=\"Renato Pacheco e Silva Bacellar Neto\" class=\"media-image\" \/><div class=\"media-body\"><h4>Renato Pacheco e Silva Bacellar Neto<\/h4><p>\nRenato Pacheco e Silva Bacellar Neto\u00a0is a founding partner at\u00a0Pacheco Neto Sanden Teisseire Law Firm. For over thirty-two years, Renato has advised clients in cross-border transactions. Renato has also served on the boards of many...<\/p><\/div><\/a><\/li><li class=\"carousel-seat\"><a href=\"https:\/\/www.pnst.com.br\/fr\/profile\/juliana-g-meyer-gottardi\/\" class=\"fr\"><img decoding=\"async\" src=\"https:\/\/www.pnst.com.br\/wp-content\/uploads\/2025\/02\/juliana-g-meyer-gottardi-thumb-150x150.png\" title=\"Juliana G. Meyer Gottardi\" class=\"media-image\" \/><div class=\"media-body\"><h4>Juliana G. Meyer Gottardi<\/h4><p>\nJuliana G. Meyer Gottardi\u00a0is a founding partner of Pacheco Neto Sanden Teisseire Law Firm with more than seventeen years\u2019 experience in structuring and implementing corporate agreements, real estate transactions, and advising on mergers and acquisitions....<\/p><\/div><\/a><\/li><li class=\"carousel-seat\"><a href=\"https:\/\/www.pnst.com.br\/fr\/profile\/andreas-sanden\/\" class=\"fr\"><img decoding=\"async\" src=\"https:\/\/www.pnst.com.br\/wp-content\/uploads\/2016\/12\/andreas-sanden-thumb-150x150.png\" title=\"Andreas Sanden\" class=\"media-image\" \/><div class=\"media-body\"><h4>Andreas Sanden<\/h4><p>\nAndreas Sanden is a founding partner of Pacheco Neto Sanden Teisseire Law Firm and a member of the Brazilian Bar Association (OAB), S\u00e3o Paulo chapter, as well as a member of the German Bar Association....<\/p><\/div><\/a><\/li><\/ul><div class=\"all_posts\">\t<a href=\"https:\/\/www.pnst.com.br\/fr\/equipe\/\">Nos Professionnels<\/a><\/div><\/div><div class=\"controls\"><img decoding=\"async\" src=\"https:\/\/www.pnst.com.br\/wp-content\/plugins\/pw-pnst\/assets\/image\/toggle-left.png\" class=\"toggle\" \/><img decoding=\"async\" src=\"https:\/\/www.pnst.com.br\/wp-content\/plugins\/pw-pnst\/assets\/image\/toggle-right.png\" class=\"toggle\" data-toggle=\"next\" \/><\/div><\/div>\n<\/div>\n<\/div>\n\n\n\n<hr class=\"wp-block-separator is-style-wide\"\/>\n\n\n\n<div class=\"wp-block-columns practice-areas-block is-layout-flex wp-container-core-columns-is-layout-9d6595d7 wp-block-columns-is-layout-flex\">\n<div class=\"wp-block-column is-layout-flow wp-block-column-is-layout-flow\" style=\"flex-basis:20%\">\n<h3 class=\"wp-block-heading\">Domaines d\u2019Expertise <\/h3>\n<\/div>\n\n\n\n<div class=\"wp-block-column is-layout-flow wp-block-column-is-layout-flow\" style=\"flex-basis:80%\"><div class=\"practice_areas carousel_container\"><div class=\"wrap\"><ul class=\"carousel is-set\"><li class=\"carousel-seat is-ref\"><a href=\"https:\/\/www.pnst.com.br\/fr\/domaines-dexpertise\/?item=1\" class=\"fr\"><div><span>&#8210;<\/span><br>Concurrence et Droit Economique<\/div><\/a><\/li><li class=\"carousel-seat\"><a href=\"https:\/\/www.pnst.com.br\/fr\/domaines-dexpertise\/?item=2\" class=\"fr\"><div><span>&#8210;<\/span><br>Conseil et Contentieux Civile<\/div><\/a><\/li><li class=\"carousel-seat\"><a href=\"https:\/\/www.pnst.com.br\/fr\/domaines-dexpertise\/?item=3\" class=\"fr\"><div><span>&#8210;<\/span><br>Conseil et Contentieux des Litiges du Travail<\/div><\/a><\/li><li class=\"carousel-seat\"><a href=\"https:\/\/www.pnst.com.br\/fr\/domaines-dexpertise\/?item=4\" class=\"fr\"><div><span>&#8210;<\/span><br>Conseil et Contentieux Fiscal<\/div><\/a><\/li><li class=\"carousel-seat\"><a href=\"https:\/\/www.pnst.com.br\/fr\/domaines-dexpertise\/?item=5\" class=\"fr\"><div><span>&#8210;<\/span><br>Contrats Commerciaux<\/div><\/a><\/li><li class=\"carousel-seat\"><a href=\"https:\/\/www.pnst.com.br\/fr\/domaines-dexpertise\/?item=6\" class=\"fr\"><div><span>&#8210;<\/span><br>Droit Administratif<\/div><\/a><\/li><li class=\"carousel-seat\"><a href=\"https:\/\/www.pnst.com.br\/fr\/domaines-dexpertise\/?item=7\" class=\"fr\"><div><span>&#8210;<\/span><br>Droit de la Famille et des Successions<\/div><\/a><\/li><li class=\"carousel-seat\"><a href=\"https:\/\/www.pnst.com.br\/fr\/domaines-dexpertise\/?item=8\" class=\"fr\"><div><span>&#8210;<\/span><br>Droit R\u00e9glementaire<\/div><\/a><\/li><li class=\"carousel-seat\"><a href=\"https:\/\/www.pnst.com.br\/fr\/domaines-dexpertise\/?item=9\" class=\"fr\"><div><span>&#8210;<\/span><br>Fusions et Acquisitions<\/div><\/a><\/li><li class=\"carousel-seat\"><a href=\"https:\/\/www.pnst.com.br\/fr\/domaines-dexpertise\/?item=10\" class=\"fr\"><div><span>&#8210;<\/span><br>Investissement \u00c9tranger<\/div><\/a><\/li><li class=\"carousel-seat\"><a href=\"https:\/\/www.pnst.com.br\/fr\/domaines-dexpertise\/?item=11\" class=\"fr\"><div><span>&#8210;<\/span><br>L\u00e9gislation Environnementale<\/div><\/a><\/li><li class=\"carousel-seat\"><a href=\"https:\/\/www.pnst.com.br\/fr\/domaines-dexpertise\/?item=12\" class=\"fr\"><div><span>&#8210;<\/span><br>N\u00e9gociation, M\u00e9diation et Arbitrage<\/div><\/a><\/li><li class=\"carousel-seat\"><a href=\"https:\/\/www.pnst.com.br\/fr\/domaines-dexpertise\/?item=13\" class=\"fr\"><div><span>&#8210;<\/span><br>Op\u00e9rations Immobili\u00e8res<\/div><\/a><\/li><li class=\"carousel-seat\"><a href=\"https:\/\/www.pnst.com.br\/fr\/domaines-dexpertise\/?item=14\" class=\"fr\"><div><span>&#8210;<\/span><br>Propri\u00e9t\u00e9 Intellectuelle<\/div><\/a><\/li><li class=\"carousel-seat\"><a href=\"https:\/\/www.pnst.com.br\/fr\/domaines-dexpertise\/?item=15\" class=\"fr\"><div><span>&#8210;<\/span><br>Protection des Donn\u00e9es et Confidentialit\u00e9<\/div><\/a><\/li><li class=\"carousel-seat\"><a href=\"https:\/\/www.pnst.com.br\/fr\/domaines-dexpertise\/?item=16\" class=\"fr\"><div><span>&#8210;<\/span><br>Soci\u00e9taire<\/div><\/a><\/li><\/ul><div class=\"all_posts\">\t<a href=\"https:\/\/www.pnst.com.br\/fr\/domaines-dexpertise\/\">Tous les Domaines d'Expertise<\/a><\/div><\/div><div class=\"controls\"><img decoding=\"async\" src=\"https:\/\/www.pnst.com.br\/wp-content\/plugins\/pw-pnst\/assets\/image\/toggle-left.png\" class=\"toggle\" \/><img decoding=\"async\" src=\"https:\/\/www.pnst.com.br\/wp-content\/plugins\/pw-pnst\/assets\/image\/toggle-right.png\" class=\"toggle\" data-toggle=\"next\" \/><\/div><\/div>\n<\/div>\n<\/div>\n\n\n\n<hr class=\"wp-block-separator is-style-wide\"\/>\n\n\n\n<div class=\"wp-block-columns is-layout-flex wp-container-core-columns-is-layout-9d6595d7 wp-block-columns-is-layout-flex\">\n<div class=\"wp-block-column is-layout-flow wp-block-column-is-layout-flow\" style=\"flex-basis:20%\">\n<h3 class=\"wp-block-heading\">Articles<\/h3>\n<\/div>\n\n\n\n<div class=\"wp-block-column is-layout-flow wp-block-column-is-layout-flow\" style=\"flex-basis:80%\"><div class=\"articles carousel_container\"><div class=\"wrap\"><ul class=\"carousel is-set\"><li class=\"carousel-seat\"><a href=\"https:\/\/www.pnst.com.br\/fr\/articles-fr\/startups-et-innovation\/capitalisation-de-startups-au-bresil\/\" class=\"fr\"><div class=\"block-image\"><img decoding=\"async\" src=\"https:\/\/www.pnst.com.br\/wp-content\/uploads\/2019\/05\/capitalisation-de-startups-au-bresil.jpg\" title=\"Capitalisation de Startups au Br\u00e9sil\" \/><\/div><div class=\"block-body\"><p>Startups et Innovation<\/p><h4>Capitalisation de Startups au Br\u00e9sil<\/h4><\/div><\/a><\/li><li class=\"carousel-seat is-ref\"><a href=\"https:\/\/www.pnst.com.br\/fr\/articles-fr\/conseil-et-contentieux-des-litiges-du-travail\/les-contrats-regissant-les-relations-demploi\/\" class=\"fr\"><div class=\"block-image\"><img decoding=\"async\" src=\"https:\/\/www.pnst.com.br\/wp-content\/uploads\/2019\/05\/les-contrats-regissant-les-relations-demploi.jpg\" title=\"Les Contrats R\u00e9gissant les Relations d'Emploi\" \/><\/div><div class=\"block-body\"><p>Conseil et Contentieux des Litiges du Travail<\/p><h4>Les Contrats R\u00e9gissant les Relations d'Emploi<\/h4><\/div><\/a><\/li><\/ul><div class=\"all_posts\">\t<a href=\"https:\/\/www.pnst.com.br\/fr\/articles-fr\/\">Plus d'articles<\/a><\/div><\/div><div class=\"controls\"><img decoding=\"async\" src=\"https:\/\/www.pnst.com.br\/wp-content\/plugins\/pw-pnst\/assets\/image\/toggle-left.png\" class=\"toggle\" \/><img decoding=\"async\" src=\"https:\/\/www.pnst.com.br\/wp-content\/plugins\/pw-pnst\/assets\/image\/toggle-right.png\" class=\"toggle\" data-toggle=\"next\" \/><\/div><\/div>\n<\/div>\n<\/div>\n\n\n\n<hr class=\"wp-block-separator is-style-wide\"\/>\n\n\n\n<div class=\"wp-block-columns newsletter-block is-layout-flex wp-container-core-columns-is-layout-9d6595d7 wp-block-columns-is-layout-flex\">\n<div class=\"wp-block-column is-layout-flow wp-block-column-is-layout-flow\" style=\"flex-basis:20%\">\n<h3 class=\"wp-block-heading\">Bulletin<\/h3>\n<\/div>\n\n\n\n<div class=\"wp-block-column is-layout-flow wp-block-column-is-layout-flow\" style=\"flex-basis:80%\"><script>(function() {\n\twindow.mc4wp = window.mc4wp || {\n\t\tlisteners: [],\n\t\tforms: {\n\t\t\ton: function(evt, cb) {\n\t\t\t\twindow.mc4wp.listeners.push(\n\t\t\t\t\t{\n\t\t\t\t\t\tevent   : evt,\n\t\t\t\t\t\tcallback: cb\n\t\t\t\t\t}\n\t\t\t\t);\n\t\t\t}\n\t\t}\n\t}\n})();\n<\/script><!-- Mailchimp for WordPress v4.12.5 - https:\/\/wordpress.org\/plugins\/mailchimp-for-wp\/ --><form id=\"mc4wp-form-1\" class=\"mc4wp-form mc4wp-form-17812\" method=\"post\" data-id=\"17812\" data-name=\"Bulletin\" ><div class=\"mc4wp-form-fields\"><div class=\"newsletter-form portuguese\">\r\n\t<div><input type=\"text\" name=\"FULLNAME\" placeholder=\"*Nom\" size=\"100\" required><\/div>\r\n\t<div><input type=\"email\" name=\"EMAIL\" placeholder=\"*E-mail\" size=\"100\" required><\/div>\r\n\t<div><select name=\"LANGUAGE\">\r\n        <option value=\"English\" selected>Anglais<\/option>\r\n        <option value=\"Portuguese\">Portugais<\/option>\r\n    <\/select><\/div>\r\n\t<input type=\"hidden\" name=\"ORIGINATOR\" value=\"Site\">\r\n\t<div><input type=\"submit\" value=\"Envoyer\" \/><\/div>\r\n<\/div><\/div><label style=\"display: none !important;\">Laissez ce champ vide si vous \u00eates humain\u00a0: <input type=\"text\" name=\"_mc4wp_honeypot\" value=\"\" tabindex=\"-1\" autocomplete=\"off\" \/><\/label><input type=\"hidden\" name=\"_mc4wp_timestamp\" value=\"1778618715\" \/><input type=\"hidden\" name=\"_mc4wp_form_id\" value=\"17812\" \/><input type=\"hidden\" name=\"_mc4wp_form_element_id\" value=\"mc4wp-form-1\" \/><div class=\"mc4wp-response\"><\/div><\/form><!-- \/ Mailchimp for WordPress Plugin -->\n<\/div>\n<\/div>\n\n\n\n<hr class=\"wp-block-separator is-style-wide\"\/>\n\n\n\n<div class=\"wp-block-columns efolder-block is-layout-flex wp-container-core-columns-is-layout-9d6595d7 wp-block-columns-is-layout-flex\">\n<div class=\"wp-block-column is-layout-flow wp-block-column-is-layout-flow\" style=\"flex-basis:20%\"><\/div>\n\n\n\n<div class=\"wp-block-column is-layout-flow wp-block-column-is-layout-flow\" style=\"flex-basis:80%\">\n<p><a aria-label=\"Download eFolder (opens in a new tab)\" href=\"http:\/\/www.pnst.com.br\/publico\/e-folder\/PNST-eFolder-English.pdf\" target=\"_blank\" rel=\"noreferrer noopener\">Download eFolder<\/a><\/p>\n\n\n\n<p><\/p>\n<\/div>\n<\/div>\n","protected":false},"excerpt":{"rendered":"<p>ADN Global PNST (Pacheco Neto Sanden Teisseire Advogados) est un Cabinet&nbsp;Full Service&nbsp;visant principalement une permanente assistance de plus de 20 ann\u00e9es d\u2019exp\u00e9riences et de connaissances culturelles aupr\u00e8s de clients venant de plus de 20 pays et plus sp\u00e9cialement , outre le Br\u00e9sil, d\u2019Allemagne, de France, de Scandinavie, des USA et de Chine.&nbsp; \u00c9quipe Domaines d\u2019Expertise [&hellip;]<\/p>\n","protected":false},"author":1,"featured_media":0,"parent":0,"menu_order":0,"comment_status":"closed","ping_status":"open","template":"","meta":{"_uag_custom_page_level_css":"","_genesis_hide_title":false,"_genesis_hide_breadcrumbs":false,"_genesis_hide_singular_image":false,"_genesis_hide_footer_widgets":false,"_genesis_custom_body_class":"","_genesis_custom_post_class":"","_genesis_layout":"","_joinchat":[],"footnotes":""},"class_list":{"0":"post-10278","1":"page","2":"type-page","3":"status-publish","5":"entry","6":"has-post-thumbnail"},"yoast_head":"<!-- This site is optimized with the Yoast SEO plugin v27.5 - https:\/\/yoast.com\/product\/yoast-seo-wordpress\/ -->\n<title>Accueil - PNST<\/title>\n<meta name=\"description\" content=\"Cabinet d&#039;avocats \u00e0 service complet dot\u00e9 d&#039;une exp\u00e9rience commerciale multiculturelle qui sous-tend les n\u00e9gociations nationales et internationales. Exp\u00e9rience pratique aupr\u00e8s de grandes entreprises europ\u00e9ennes.\" \/>\n<meta name=\"robots\" content=\"index, follow, max-snippet:-1, max-image-preview:large, max-video-preview:-1\" \/>\n<link rel=\"canonical\" href=\"https:\/\/www.pnst.com.br\/fr\/\" \/>\n<meta property=\"og:locale\" content=\"fr_FR\" \/>\n<meta property=\"og:type\" content=\"article\" \/>\n<meta property=\"og:title\" content=\"Accueil - PNST\" \/>\n<meta property=\"og:description\" content=\"Cabinet d&#039;avocats \u00e0 service complet dot\u00e9 d&#039;une exp\u00e9rience commerciale multiculturelle qui sous-tend les n\u00e9gociations nationales et internationales. Exp\u00e9rience pratique aupr\u00e8s de grandes entreprises europ\u00e9ennes.\" \/>\n<meta property=\"og:url\" content=\"https:\/\/www.pnst.com.br\/fr\/\" \/>\n<meta property=\"og:site_name\" content=\"PNST\" \/>\n<meta property=\"article:publisher\" content=\"https:\/\/www.facebook.com\/PNSTADVOGADOS\" \/>\n<meta property=\"article:modified_time\" content=\"2024-04-24T13:49:13+00:00\" \/>\n<meta property=\"og:image\" content=\"https:\/\/www.pnst.com.br\/wp-content\/uploads\/2020\/01\/logo-PNST.png\" \/>\n\t<meta property=\"og:image:width\" content=\"262\" \/>\n\t<meta property=\"og:image:height\" content=\"95\" \/>\n\t<meta property=\"og:image:type\" content=\"image\/png\" \/>\n<meta name=\"twitter:card\" content=\"summary_large_image\" \/>\n<meta name=\"twitter:label1\" content=\"Dur\u00e9e de lecture estim\u00e9e\" \/>\n\t<meta name=\"twitter:data1\" content=\"1 minute\" \/>\n<script type=\"application\/ld+json\" class=\"yoast-schema-graph\">{\"@context\":\"https:\\\/\\\/schema.org\",\"@graph\":[{\"@type\":\"WebPage\",\"@id\":\"https:\\\/\\\/www.pnst.com.br\\\/fr\\\/\",\"url\":\"https:\\\/\\\/www.pnst.com.br\\\/fr\\\/\",\"name\":\"Accueil - PNST\",\"isPartOf\":{\"@id\":\"https:\\\/\\\/www.pnst.com.br\\\/fr\\\/#website\"},\"datePublished\":\"2015-07-30T12:21:57+00:00\",\"dateModified\":\"2024-04-24T13:49:13+00:00\",\"description\":\"Cabinet d'avocats \u00e0 service complet dot\u00e9 d'une exp\u00e9rience commerciale multiculturelle qui sous-tend les n\u00e9gociations nationales et internationales. Exp\u00e9rience pratique aupr\u00e8s de grandes entreprises europ\u00e9ennes.\",\"breadcrumb\":{\"@id\":\"https:\\\/\\\/www.pnst.com.br\\\/fr\\\/#breadcrumb\"},\"inLanguage\":\"fr-FR\",\"potentialAction\":[{\"@type\":\"ReadAction\",\"target\":[\"https:\\\/\\\/www.pnst.com.br\\\/fr\\\/\"]}]},{\"@type\":\"BreadcrumbList\",\"@id\":\"https:\\\/\\\/www.pnst.com.br\\\/fr\\\/#breadcrumb\",\"itemListElement\":[{\"@type\":\"ListItem\",\"position\":1,\"name\":\"Accueil\",\"item\":\"https:\\\/\\\/www.pnst.com.br\\\/fr\\\/\"},{\"@type\":\"ListItem\",\"position\":2,\"name\":\"Accueil\"}]},{\"@type\":\"WebSite\",\"@id\":\"https:\\\/\\\/www.pnst.com.br\\\/fr\\\/#website\",\"url\":\"https:\\\/\\\/www.pnst.com.br\\\/fr\\\/\",\"name\":\"PNST\",\"description\":\"Pacheco Neto, Sanden, Teisseire Advogados\",\"publisher\":{\"@id\":\"https:\\\/\\\/www.pnst.com.br\\\/fr\\\/#organization\"},\"potentialAction\":[{\"@type\":\"SearchAction\",\"target\":{\"@type\":\"EntryPoint\",\"urlTemplate\":\"https:\\\/\\\/www.pnst.com.br\\\/fr\\\/?s={search_term_string}\"},\"query-input\":{\"@type\":\"PropertyValueSpecification\",\"valueRequired\":true,\"valueName\":\"search_term_string\"}}],\"inLanguage\":\"fr-FR\"},{\"@type\":\"Organization\",\"@id\":\"https:\\\/\\\/www.pnst.com.br\\\/fr\\\/#organization\",\"name\":\"PNST | Pacheco Neto, Sanden, Teisseire Advogados\",\"url\":\"https:\\\/\\\/www.pnst.com.br\\\/fr\\\/\",\"logo\":{\"@type\":\"ImageObject\",\"inLanguage\":\"fr-FR\",\"@id\":\"https:\\\/\\\/www.pnst.com.br\\\/fr\\\/#\\\/schema\\\/logo\\\/image\\\/\",\"url\":\"https:\\\/\\\/www.pnst.com.br\\\/wp-content\\\/uploads\\\/2015\\\/07\\\/PNST-Pacheco-Neto-Sanden_Teisseire.jpg\",\"contentUrl\":\"https:\\\/\\\/www.pnst.com.br\\\/wp-content\\\/uploads\\\/2015\\\/07\\\/PNST-Pacheco-Neto-Sanden_Teisseire.jpg\",\"width\":262,\"height\":95,\"caption\":\"PNST | Pacheco Neto, Sanden, Teisseire Advogados\"},\"image\":{\"@id\":\"https:\\\/\\\/www.pnst.com.br\\\/fr\\\/#\\\/schema\\\/logo\\\/image\\\/\"},\"sameAs\":[\"https:\\\/\\\/www.facebook.com\\\/PNSTADVOGADOS\"]}]}<\/script>\n<!-- \/ Yoast SEO plugin. -->","yoast_head_json":{"title":"Accueil - PNST","description":"Cabinet d'avocats \u00e0 service complet dot\u00e9 d'une exp\u00e9rience commerciale multiculturelle qui sous-tend les n\u00e9gociations nationales et internationales. Exp\u00e9rience pratique aupr\u00e8s de grandes entreprises europ\u00e9ennes.","robots":{"index":"index","follow":"follow","max-snippet":"max-snippet:-1","max-image-preview":"max-image-preview:large","max-video-preview":"max-video-preview:-1"},"canonical":"https:\/\/www.pnst.com.br\/fr\/","og_locale":"fr_FR","og_type":"article","og_title":"Accueil - PNST","og_description":"Cabinet d'avocats \u00e0 service complet dot\u00e9 d'une exp\u00e9rience commerciale multiculturelle qui sous-tend les n\u00e9gociations nationales et internationales. Exp\u00e9rience pratique aupr\u00e8s de grandes entreprises europ\u00e9ennes.","og_url":"https:\/\/www.pnst.com.br\/fr\/","og_site_name":"PNST","article_publisher":"https:\/\/www.facebook.com\/PNSTADVOGADOS","article_modified_time":"2024-04-24T13:49:13+00:00","og_image":[{"width":262,"height":95,"url":"https:\/\/www.pnst.com.br\/wp-content\/uploads\/2020\/01\/logo-PNST.png","type":"image\/png"}],"twitter_card":"summary_large_image","twitter_misc":{"Dur\u00e9e de lecture estim\u00e9e":"1 minute"},"schema":{"@context":"https:\/\/schema.org","@graph":[{"@type":"WebPage","@id":"https:\/\/www.pnst.com.br\/fr\/","url":"https:\/\/www.pnst.com.br\/fr\/","name":"Accueil - PNST","isPartOf":{"@id":"https:\/\/www.pnst.com.br\/fr\/#website"},"datePublished":"2015-07-30T12:21:57+00:00","dateModified":"2024-04-24T13:49:13+00:00","description":"Cabinet d'avocats \u00e0 service complet dot\u00e9 d'une exp\u00e9rience commerciale multiculturelle qui sous-tend les n\u00e9gociations nationales et internationales. Exp\u00e9rience pratique aupr\u00e8s de grandes entreprises europ\u00e9ennes.","breadcrumb":{"@id":"https:\/\/www.pnst.com.br\/fr\/#breadcrumb"},"inLanguage":"fr-FR","potentialAction":[{"@type":"ReadAction","target":["https:\/\/www.pnst.com.br\/fr\/"]}]},{"@type":"BreadcrumbList","@id":"https:\/\/www.pnst.com.br\/fr\/#breadcrumb","itemListElement":[{"@type":"ListItem","position":1,"name":"Accueil","item":"https:\/\/www.pnst.com.br\/fr\/"},{"@type":"ListItem","position":2,"name":"Accueil"}]},{"@type":"WebSite","@id":"https:\/\/www.pnst.com.br\/fr\/#website","url":"https:\/\/www.pnst.com.br\/fr\/","name":"PNST","description":"Pacheco Neto, Sanden, Teisseire Advogados","publisher":{"@id":"https:\/\/www.pnst.com.br\/fr\/#organization"},"potentialAction":[{"@type":"SearchAction","target":{"@type":"EntryPoint","urlTemplate":"https:\/\/www.pnst.com.br\/fr\/?s={search_term_string}"},"query-input":{"@type":"PropertyValueSpecification","valueRequired":true,"valueName":"search_term_string"}}],"inLanguage":"fr-FR"},{"@type":"Organization","@id":"https:\/\/www.pnst.com.br\/fr\/#organization","name":"PNST | Pacheco Neto, Sanden, Teisseire Advogados","url":"https:\/\/www.pnst.com.br\/fr\/","logo":{"@type":"ImageObject","inLanguage":"fr-FR","@id":"https:\/\/www.pnst.com.br\/fr\/#\/schema\/logo\/image\/","url":"https:\/\/www.pnst.com.br\/wp-content\/uploads\/2015\/07\/PNST-Pacheco-Neto-Sanden_Teisseire.jpg","contentUrl":"https:\/\/www.pnst.com.br\/wp-content\/uploads\/2015\/07\/PNST-Pacheco-Neto-Sanden_Teisseire.jpg","width":262,"height":95,"caption":"PNST | Pacheco Neto, Sanden, Teisseire Advogados"},"image":{"@id":"https:\/\/www.pnst.com.br\/fr\/#\/schema\/logo\/image\/"},"sameAs":["https:\/\/www.facebook.com\/PNSTADVOGADOS"]}]}},"featured_image_src":"","featured_image_src_square":false,"rbea_author_info":{"display_name":"admin","author_link":"https:\/\/www.pnst.com.br\/fr\/author\/admin\/"},"rbea_excerpt_info":"ADN Global PNST (Pacheco Neto Sanden Teisseire Advogados) est un Cabinet&nbsp;Full Service&nbsp;visant principalement une permanente assistance de plus de 20 ann\u00e9es d\u2019exp\u00e9riences et de connaissances culturelles aupr\u00e8s de clients venant de plus de 20 pays et plus sp\u00e9cialement , outre le Br\u00e9sil, d\u2019Allemagne, de France, de Scandinavie, des USA et de Chine.&nbsp; \u00c9quipe Domaines d\u2019Expertise [&hellip;]","uagb_featured_image_src":{"full":false,"thumbnail":false,"medium":false,"medium_large":false,"large":false,"1536x1536":false,"2048x2048":false,"single-featured-image":false,"blog-featured-image":false,"home-featured":false,"gb-block-post-grid-landscape":false,"gb-block-post-grid-square":false},"uagb_author_info":{"display_name":"admin","author_link":"https:\/\/www.pnst.com.br\/fr\/author\/admin\/"},"uagb_comment_info":0,"uagb_excerpt":"ADN Global PNST (Pacheco Neto Sanden Teisseire Advogados) est un Cabinet&nbsp;Full Service&nbsp;visant principalement une permanente assistance de plus de 20 ann\u00e9es d\u2019exp\u00e9riences et de connaissances culturelles aupr\u00e8s de clients venant de plus de 20 pays et plus sp\u00e9cialement , outre le Br\u00e9sil, d\u2019Allemagne, de France, de Scandinavie, des USA et de Chine.&nbsp; \u00c9quipe Domaines d\u2019Expertise\u2026","_links":{"self":[{"href":"https:\/\/www.pnst.com.br\/fr\/wp-json\/wp\/v2\/pages\/10278","targetHints":{"allow":["GET"]}}],"collection":[{"href":"https:\/\/www.pnst.com.br\/fr\/wp-json\/wp\/v2\/pages"}],"about":[{"href":"https:\/\/www.pnst.com.br\/fr\/wp-json\/wp\/v2\/types\/page"}],"author":[{"embeddable":true,"href":"https:\/\/www.pnst.com.br\/fr\/wp-json\/wp\/v2\/users\/1"}],"replies":[{"embeddable":true,"href":"https:\/\/www.pnst.com.br\/fr\/wp-json\/wp\/v2\/comments?post=10278"}],"version-history":[{"count":0,"href":"https:\/\/www.pnst.com.br\/fr\/wp-json\/wp\/v2\/pages\/10278\/revisions"}],"wp:attachment":[{"href":"https:\/\/www.pnst.com.br\/fr\/wp-json\/wp\/v2\/media?parent=10278"}],"curies":[{"name":"wp","href":"https:\/\/api.w.org\/{rel}","templated":true}]}}