{"id":14427,"date":"2015-08-03T13:52:16","date_gmt":"2015-08-03T16:52:16","guid":{"rendered":"https:\/\/www.pnst.com.br\/artigos\/"},"modified":"2024-02-06T22:15:49","modified_gmt":"2024-02-07T01:15:49","slug":"articles-fr","status":"publish","type":"page","link":"https:\/\/www.pnst.com.br\/fr\/articles-fr\/","title":{"rendered":"Articles"},"content":{"rendered":"<section class=\"gb-block-post-grid featuredpost aligncenter\"><div class=\"gb-post-grid-items is-list\"><article id=\"post-14435\" class=\"gb-post-grid-item post-14435 post type-post status-publish format-standard has-post-thumbnail category-startups-et-innovation entry\"><div class=\"gb-block-post-grid-image\"><a href=\"https:\/\/www.pnst.com.br\/fr\/articles-fr\/startups-et-innovation\/capitalisation-de-startups-au-bresil\/\" rel=\"bookmark\" aria-hidden=\"true\" tabindex=\"-1\"><img loading=\"lazy\" decoding=\"async\" width=\"360\" height=\"217\" src=\"https:\/\/www.pnst.com.br\/wp-content\/uploads\/2019\/05\/capitalisation-de-startups-au-bresil.jpg\" class=\"attachment-full size-full\" alt=\"\" srcset=\"https:\/\/www.pnst.com.br\/wp-content\/uploads\/2019\/05\/capitalisation-de-startups-au-bresil.jpg 360w, https:\/\/www.pnst.com.br\/wp-content\/uploads\/2019\/05\/capitalisation-de-startups-au-bresil-300x181.jpg 300w\" sizes=\"auto, (max-width: 360px) 100vw, 360px\" \/><\/a><\/div><div class=\"gb-block-post-grid-text\"><header class=\"gb-block-post-grid-header\"><h4 class=\"gb-block-post-grid-title\"><a href=\"https:\/\/www.pnst.com.br\/fr\/articles-fr\/startups-et-innovation\/capitalisation-de-startups-au-bresil\/\" rel=\"bookmark\">Capitalisation de Startups au Br\u00e9sil<\/a><\/h4><div class=\"gb-block-post-grid-byline\"><time datetime=\"2019-05-03T00:30:15-03:00\" class=\"gb-block-post-grid-date\" itemprop=\"datePublished\">3 mai 2019<\/time><\/div><\/header><div class=\"gb-block-post-grid-excerpt\"><p>La France et le Br\u00e9sil sont parmi les 10 pays qui d\u00e9tiennent le plus grand nombre de startups en activit\u00e9, selon le startupranking.com. La France occupe la 7\u00e8me position, avec 1.384 startups, et le Br\u00e9sil, en 10\u00e8me, en a 1.069. Cet article a pour but de capter cette \u00e9nergie, qui \u00e9veille la curiosit\u00e9 de plusieurs\u2026<\/p>\n<p><a class=\"gb-block-post-grid-more-link gb-text-link\" href=\"https:\/\/www.pnst.com.br\/fr\/articles-fr\/startups-et-innovation\/capitalisation-de-startups-au-bresil\/\" rel=\"bookmark\">Read More <span class=\"screen-reader-text\">Capitalisation de Startups au Br\u00e9sil<\/span><\/a><\/p><\/div><\/div><\/article>\n<article id=\"post-14429\" class=\"gb-post-grid-item post-14429 post type-post status-publish format-standard has-post-thumbnail category-conseil-et-contentieux-des-litiges-du-travail entry\"><div class=\"gb-block-post-grid-image\"><a href=\"https:\/\/www.pnst.com.br\/fr\/articles-fr\/conseil-et-contentieux-des-litiges-du-travail\/les-contrats-regissant-les-relations-demploi\/\" rel=\"bookmark\" aria-hidden=\"true\" tabindex=\"-1\"><img loading=\"lazy\" decoding=\"async\" width=\"360\" height=\"217\" src=\"https:\/\/www.pnst.com.br\/wp-content\/uploads\/2019\/05\/les-contrats-regissant-les-relations-demploi.jpg\" class=\"attachment-full size-full\" alt=\"\" srcset=\"https:\/\/www.pnst.com.br\/wp-content\/uploads\/2019\/05\/les-contrats-regissant-les-relations-demploi.jpg 360w, https:\/\/www.pnst.com.br\/wp-content\/uploads\/2019\/05\/les-contrats-regissant-les-relations-demploi-300x181.jpg 300w\" sizes=\"auto, (max-width: 360px) 100vw, 360px\" \/><\/a><\/div><div class=\"gb-block-post-grid-text\"><header class=\"gb-block-post-grid-header\"><h4 class=\"gb-block-post-grid-title\"><a href=\"https:\/\/www.pnst.com.br\/fr\/articles-fr\/conseil-et-contentieux-des-litiges-du-travail\/les-contrats-regissant-les-relations-demploi\/\" rel=\"bookmark\">Les Contrats R\u00e9gissant les Relations d&rsquo;Emploi<\/a><\/h4><div class=\"gb-block-post-grid-byline\"><time datetime=\"2019-05-02T18:06:39-03:00\" class=\"gb-block-post-grid-date\" itemprop=\"datePublished\">2 mai 2019<\/time><\/div><\/header><div class=\"gb-block-post-grid-excerpt\"><p>Il est important de faire une distinction entre la relation d&#8217;emploi et la relation de travail, la premi\u00e8re \u00e9tant une cat\u00e9gorie de la seconde. Les relations entre la personne qui rend son travail et la partie que s\u2019en b\u00e9n\u00e9ficie ne se r\u00e9sument pas uniquement aux hypoth\u00e8ses pr\u00e9vues dans la consolidation des lois du travail (CLT).\u2026<\/p>\n<p><a class=\"gb-block-post-grid-more-link gb-text-link\" href=\"https:\/\/www.pnst.com.br\/fr\/articles-fr\/conseil-et-contentieux-des-litiges-du-travail\/les-contrats-regissant-les-relations-demploi\/\" rel=\"bookmark\">Read More <span class=\"screen-reader-text\">Les Contrats R\u00e9gissant les Relations d&rsquo;Emploi<\/span><\/a><\/p><\/div><\/div><\/article>\n<\/div><\/section>","protected":false},"excerpt":{"rendered":"","protected":false},"author":1,"featured_media":0,"parent":0,"menu_order":0,"comment_status":"closed","ping_status":"closed","template":"","meta":{"_uag_custom_page_level_css":"","_genesis_hide_title":false,"_genesis_hide_breadcrumbs":false,"_genesis_hide_singular_image":false,"_genesis_hide_footer_widgets":false,"_genesis_custom_body_class":"","_genesis_custom_post_class":"","_genesis_layout":"","_joinchat":[],"footnotes":""},"class_list":{"0":"post-14427","1":"page","2":"type-page","3":"status-publish","5":"entry"},"yoast_head":"<!-- This site is optimized with the Yoast SEO plugin v27.4 - https:\/\/yoast.com\/product\/yoast-seo-wordpress\/ -->\n<title>Articles - PNST<\/title>\n<meta name=\"robots\" content=\"index, follow, max-snippet:-1, max-image-preview:large, max-video-preview:-1\" \/>\n<link rel=\"canonical\" href=\"https:\/\/www.pnst.com.br\/fr\/articles-fr\/\" \/>\n<meta property=\"og:locale\" content=\"fr_FR\" \/>\n<meta property=\"og:type\" content=\"article\" \/>\n<meta property=\"og:title\" content=\"Articles - PNST\" \/>\n<meta property=\"og:url\" content=\"https:\/\/www.pnst.com.br\/fr\/articles-fr\/\" \/>\n<meta property=\"og:site_name\" content=\"PNST\" \/>\n<meta property=\"article:publisher\" content=\"https:\/\/www.facebook.com\/PNSTADVOGADOS\" \/>\n<meta property=\"article:modified_time\" content=\"2024-02-07T01:15:49+00:00\" \/>\n<meta property=\"og:image\" content=\"https:\/\/www.pnst.com.br\/wp-content\/uploads\/2020\/01\/logo-PNST.png\" \/>\n\t<meta property=\"og:image:width\" content=\"262\" \/>\n\t<meta property=\"og:image:height\" content=\"95\" \/>\n\t<meta property=\"og:image:type\" content=\"image\/png\" \/>\n<meta name=\"twitter:card\" content=\"summary_large_image\" \/>\n<script type=\"application\/ld+json\" class=\"yoast-schema-graph\">{\"@context\":\"https:\\\/\\\/schema.org\",\"@graph\":[{\"@type\":\"WebPage\",\"@id\":\"https:\\\/\\\/www.pnst.com.br\\\/fr\\\/articles-fr\\\/\",\"url\":\"https:\\\/\\\/www.pnst.com.br\\\/fr\\\/articles-fr\\\/\",\"name\":\"Articles - PNST\",\"isPartOf\":{\"@id\":\"https:\\\/\\\/www.pnst.com.br\\\/fr\\\/#website\"},\"datePublished\":\"2015-08-03T16:52:16+00:00\",\"dateModified\":\"2024-02-07T01:15:49+00:00\",\"breadcrumb\":{\"@id\":\"https:\\\/\\\/www.pnst.com.br\\\/fr\\\/articles-fr\\\/#breadcrumb\"},\"inLanguage\":\"fr-FR\",\"potentialAction\":[{\"@type\":\"ReadAction\",\"target\":[\"https:\\\/\\\/www.pnst.com.br\\\/fr\\\/articles-fr\\\/\"]}]},{\"@type\":\"BreadcrumbList\",\"@id\":\"https:\\\/\\\/www.pnst.com.br\\\/fr\\\/articles-fr\\\/#breadcrumb\",\"itemListElement\":[{\"@type\":\"ListItem\",\"position\":1,\"name\":\"Accueil\",\"item\":\"https:\\\/\\\/www.pnst.com.br\\\/fr\\\/\"},{\"@type\":\"ListItem\",\"position\":2,\"name\":\"Articles\"}]},{\"@type\":\"WebSite\",\"@id\":\"https:\\\/\\\/www.pnst.com.br\\\/fr\\\/#website\",\"url\":\"https:\\\/\\\/www.pnst.com.br\\\/fr\\\/\",\"name\":\"PNST\",\"description\":\"Pacheco Neto, Sanden, Teisseire Advogados\",\"publisher\":{\"@id\":\"https:\\\/\\\/www.pnst.com.br\\\/fr\\\/#organization\"},\"potentialAction\":[{\"@type\":\"SearchAction\",\"target\":{\"@type\":\"EntryPoint\",\"urlTemplate\":\"https:\\\/\\\/www.pnst.com.br\\\/fr\\\/?s={search_term_string}\"},\"query-input\":{\"@type\":\"PropertyValueSpecification\",\"valueRequired\":true,\"valueName\":\"search_term_string\"}}],\"inLanguage\":\"fr-FR\"},{\"@type\":\"Organization\",\"@id\":\"https:\\\/\\\/www.pnst.com.br\\\/fr\\\/#organization\",\"name\":\"PNST | Pacheco Neto, Sanden, Teisseire Advogados\",\"url\":\"https:\\\/\\\/www.pnst.com.br\\\/fr\\\/\",\"logo\":{\"@type\":\"ImageObject\",\"inLanguage\":\"fr-FR\",\"@id\":\"https:\\\/\\\/www.pnst.com.br\\\/fr\\\/#\\\/schema\\\/logo\\\/image\\\/\",\"url\":\"https:\\\/\\\/www.pnst.com.br\\\/wp-content\\\/uploads\\\/2015\\\/07\\\/PNST-Pacheco-Neto-Sanden_Teisseire.jpg\",\"contentUrl\":\"https:\\\/\\\/www.pnst.com.br\\\/wp-content\\\/uploads\\\/2015\\\/07\\\/PNST-Pacheco-Neto-Sanden_Teisseire.jpg\",\"width\":262,\"height\":95,\"caption\":\"PNST | Pacheco Neto, Sanden, Teisseire Advogados\"},\"image\":{\"@id\":\"https:\\\/\\\/www.pnst.com.br\\\/fr\\\/#\\\/schema\\\/logo\\\/image\\\/\"},\"sameAs\":[\"https:\\\/\\\/www.facebook.com\\\/PNSTADVOGADOS\"]}]}<\/script>\n<!-- \/ Yoast SEO plugin. -->","yoast_head_json":{"title":"Articles - PNST","robots":{"index":"index","follow":"follow","max-snippet":"max-snippet:-1","max-image-preview":"max-image-preview:large","max-video-preview":"max-video-preview:-1"},"canonical":"https:\/\/www.pnst.com.br\/fr\/articles-fr\/","og_locale":"fr_FR","og_type":"article","og_title":"Articles - PNST","og_url":"https:\/\/www.pnst.com.br\/fr\/articles-fr\/","og_site_name":"PNST","article_publisher":"https:\/\/www.facebook.com\/PNSTADVOGADOS","article_modified_time":"2024-02-07T01:15:49+00:00","og_image":[{"width":262,"height":95,"url":"https:\/\/www.pnst.com.br\/wp-content\/uploads\/2020\/01\/logo-PNST.png","type":"image\/png"}],"twitter_card":"summary_large_image","schema":{"@context":"https:\/\/schema.org","@graph":[{"@type":"WebPage","@id":"https:\/\/www.pnst.com.br\/fr\/articles-fr\/","url":"https:\/\/www.pnst.com.br\/fr\/articles-fr\/","name":"Articles - PNST","isPartOf":{"@id":"https:\/\/www.pnst.com.br\/fr\/#website"},"datePublished":"2015-08-03T16:52:16+00:00","dateModified":"2024-02-07T01:15:49+00:00","breadcrumb":{"@id":"https:\/\/www.pnst.com.br\/fr\/articles-fr\/#breadcrumb"},"inLanguage":"fr-FR","potentialAction":[{"@type":"ReadAction","target":["https:\/\/www.pnst.com.br\/fr\/articles-fr\/"]}]},{"@type":"BreadcrumbList","@id":"https:\/\/www.pnst.com.br\/fr\/articles-fr\/#breadcrumb","itemListElement":[{"@type":"ListItem","position":1,"name":"Accueil","item":"https:\/\/www.pnst.com.br\/fr\/"},{"@type":"ListItem","position":2,"name":"Articles"}]},{"@type":"WebSite","@id":"https:\/\/www.pnst.com.br\/fr\/#website","url":"https:\/\/www.pnst.com.br\/fr\/","name":"PNST","description":"Pacheco Neto, Sanden, Teisseire Advogados","publisher":{"@id":"https:\/\/www.pnst.com.br\/fr\/#organization"},"potentialAction":[{"@type":"SearchAction","target":{"@type":"EntryPoint","urlTemplate":"https:\/\/www.pnst.com.br\/fr\/?s={search_term_string}"},"query-input":{"@type":"PropertyValueSpecification","valueRequired":true,"valueName":"search_term_string"}}],"inLanguage":"fr-FR"},{"@type":"Organization","@id":"https:\/\/www.pnst.com.br\/fr\/#organization","name":"PNST | Pacheco Neto, Sanden, Teisseire Advogados","url":"https:\/\/www.pnst.com.br\/fr\/","logo":{"@type":"ImageObject","inLanguage":"fr-FR","@id":"https:\/\/www.pnst.com.br\/fr\/#\/schema\/logo\/image\/","url":"https:\/\/www.pnst.com.br\/wp-content\/uploads\/2015\/07\/PNST-Pacheco-Neto-Sanden_Teisseire.jpg","contentUrl":"https:\/\/www.pnst.com.br\/wp-content\/uploads\/2015\/07\/PNST-Pacheco-Neto-Sanden_Teisseire.jpg","width":262,"height":95,"caption":"PNST | Pacheco Neto, Sanden, Teisseire Advogados"},"image":{"@id":"https:\/\/www.pnst.com.br\/fr\/#\/schema\/logo\/image\/"},"sameAs":["https:\/\/www.facebook.com\/PNSTADVOGADOS"]}]}},"featured_image_src":"","featured_image_src_square":false,"rbea_author_info":{"display_name":"admin","author_link":"https:\/\/www.pnst.com.br\/fr\/author\/admin\/"},"rbea_excerpt_info":null,"uagb_featured_image_src":{"full":false,"thumbnail":false,"medium":false,"medium_large":false,"large":false,"1536x1536":false,"2048x2048":false,"single-featured-image":false,"blog-featured-image":false,"home-featured":false,"gb-block-post-grid-landscape":false,"gb-block-post-grid-square":false},"uagb_author_info":{"display_name":"admin","author_link":"https:\/\/www.pnst.com.br\/fr\/author\/admin\/"},"uagb_comment_info":0,"uagb_excerpt":null,"_links":{"self":[{"href":"https:\/\/www.pnst.com.br\/fr\/wp-json\/wp\/v2\/pages\/14427","targetHints":{"allow":["GET"]}}],"collection":[{"href":"https:\/\/www.pnst.com.br\/fr\/wp-json\/wp\/v2\/pages"}],"about":[{"href":"https:\/\/www.pnst.com.br\/fr\/wp-json\/wp\/v2\/types\/page"}],"author":[{"embeddable":true,"href":"https:\/\/www.pnst.com.br\/fr\/wp-json\/wp\/v2\/users\/1"}],"replies":[{"embeddable":true,"href":"https:\/\/www.pnst.com.br\/fr\/wp-json\/wp\/v2\/comments?post=14427"}],"version-history":[{"count":0,"href":"https:\/\/www.pnst.com.br\/fr\/wp-json\/wp\/v2\/pages\/14427\/revisions"}],"wp:attachment":[{"href":"https:\/\/www.pnst.com.br\/fr\/wp-json\/wp\/v2\/media?parent=14427"}],"curies":[{"name":"wp","href":"https:\/\/api.w.org\/{rel}","templated":true}]}}