{"id":5314,"date":"2015-05-13T02:12:11","date_gmt":"2015-05-13T05:12:11","guid":{"rendered":"https:\/\/www.pnst.com.br\/nb\/practice-areas\/"},"modified":"2025-02-03T12:45:42","modified_gmt":"2025-02-03T15:45:42","slug":"kompetanseomraader","status":"publish","type":"page","link":"https:\/\/www.pnst.com.br\/nb\/kompetanseomraader\/","title":{"rendered":"Kompetanseomr\u00e5der"},"content":{"rendered":"\n<p>Vi bist\u00e5r v\u00e5re klienter i deres virksomhet innenfor mange ulike bransjer  b\u00e5de i Brasil og internasjonalt og p\u00e5 diverse kompetanseomr\u00e5der. <\/p>\n\n\n\n<div class=\"wp-block-genesis-blocks-gb-container areas-atuacao-acordeao gb-block-container\"><div class=\"gb-container-inside\"><div class=\"gb-container-content\" style=\"max-width:1600px\">\n<div class=\"wp-block-columns is-layout-flex wp-container-core-columns-is-layout-9d6595d7 wp-block-columns-is-layout-flex\">\n<div class=\"wp-block-column is-vertically-aligned-top is-layout-flow wp-block-column-is-layout-flow\" style=\"flex-basis:20%\">\n<h4 class=\"wp-block-heading\">Hovedtjenester<\/h4>\n<\/div>\n\n\n\n<div class=\"wp-block-column is-layout-flow wp-block-column-is-layout-flow\" style=\"flex-basis:80%\">\n<div class=\"wp-block-genesis-blocks-gb-accordion gb-block-accordion\"><details><summary class=\"gb-accordion-title\">\u00c5ndsrett<\/summary><div class=\"gb-accordion-text\">\n<p>Juridisk r\u00e5dgivning og bistand i sp\u00f8rsm\u00e5l tilknyttet varemerker,  patenter, betaling av royalties, forretningshemmeligheter,  teknologioverf\u00f8ring, opphavsrett, programvarebeskyttelse,  domeneregistrering, lisenser, overdragelser, m\u00f8nster, knowhow.<\/p>\n<\/div><\/details><\/div>\n\n\n\n<div class=\"wp-block-genesis-blocks-gb-accordion gb-block-accordion\"><details><summary class=\"gb-accordion-title\">Arbeidsrettslig R\u00e5dgivning og Arbeidstvister<\/summary><div class=\"gb-accordion-text\">\n<p>Arbeidsrettsavdelingen tilbyr forebyggende r\u00e5dgivning og bistand i  arbeidsrettslige konflikter, og representerer sine klienter i  arbeidstvister, forlik, forhandlinger med fagforeninger og i tvister  ang\u00e5ende individuelle l\u00f8nnsavtaler og tariffavtaler. Avdelingen bist\u00e5r  med r\u00e5dgivning for \u00e5 forebygge arbeidsrettssaker og minimere risikoen  for arbeidsrettslige betalingsforpliktelser som f\u00f8lge av  ansettelsesforhold og inspeksjoner foretatt av Arbeidsdepartementet  (Minist\u00e9rio do Trabalho) og Sosialdepartementet (Minist\u00e9rio da  Previd\u00eancia e Assist\u00eancia Social).<\/p>\n<\/div><\/details><\/div>\n\n\n\n<div class=\"wp-block-genesis-blocks-gb-accordion gb-block-accordion\"><details><summary class=\"gb-accordion-title\">Databeskyttelse og Personvern<\/summary><div class=\"gb-accordion-text\">\n<p>R\u00e5dgivning og juridisk bistand i samsvar med LGPD og andre gjeldende regelverk, inkludert datastyring, utforming og gjennomgang av personvernpolicyer, datakartlegging, databehandlingsavtaler, hendelsesrespons, revisjoner, prosesstilpasning, oppl\u00e6ring, due diligence og rettssaker knyttet til personvern og rettssaker knyttet til personvern og rettssaker. databeskyttelse.<\/p>\n<\/div><\/details><\/div>\n\n\n\n<div class=\"wp-block-genesis-blocks-gb-accordion gb-block-accordion\"><details><summary class=\"gb-accordion-title\">Eiendomstransaksjoner<\/summary><div class=\"gb-accordion-text\">\n<p>Omfattende r\u00e5dgivning til b\u00e5de privatpersoner og selskaper i  eiendomstransaksjoner. Vi bist\u00e5r v\u00e5re kunder i tradisjonelle  transaksjoner som kj\u00f8p og salg, bytte, datio in solutum (ytelse i stedet  for betaling), pantsetting i fast eiendom og leieavtaler samt i mer  spesialiserte transaksjoner som built to suit-avtaler  (leietakertilpasset nybygg), leaseback, ombygginger,  arealbruksrettigheter, joint ventures, spesialforetak (SPE) i  eiendomsbransjen, etablering av holdingselskaper for eiendom, flytting  av industrianlegg, etablering av investeringsfond, verdipapirisering av  fordringer i fast eiendom, strukturering av eiendomsvirksomhet, s\u00e5 som  utparsellering, eiendomsutviklingsprosjekter, hoteller,  leilighetshotelltjenester, inngjerdede boligfelter, kontorbygg,  industriparker, teknologiparker og kj\u00f8pesentre. Videre bist\u00e5r vi med \u00e5  utarbeide vekststrategier og gjennomf\u00f8re due diligence ved  grunnervervelse samt s\u00f8rge for forskriftsmessig tinglysning.<\/p>\n<\/div><\/details><\/div>\n\n\n\n<div class=\"wp-block-genesis-blocks-gb-accordion gb-block-accordion\"><details><summary class=\"gb-accordion-title\">Familie- og Arverett<\/summary><div class=\"gb-accordion-text\">\n<p>R\u00e5dgivning og juridisk bistand i rettstvister ang\u00e5ende familie- og  arvesaker, s\u00e5 som d\u00f8dsbo, testamenter, separasjoner, skilsmisser,  ektepakter, kj\u00e6reste- og samboeravtaler, barnefordelingssaker,  underholdsbidrag, booppgj\u00f8r, arveplanlegging og adopsjon, herunder  internasjonal adopsjon.<\/p>\n<\/div><\/details><\/div>\n\n\n\n<div class=\"wp-block-genesis-blocks-gb-accordion gb-block-accordion\"><details><summary class=\"gb-accordion-title\">Forretningsavtaler<\/summary><div class=\"gb-accordion-text\">\n<p>Gjennomgang, utarbeidelse, revisjon og juridisk vurdering av alle  typer forretningsavtaler, som f.eks. entreprisekontrakter,  EPCM-kontrakter, turnkey-kontrakter, agenturavtaler,  representasjonsavtaler, distribusjonsavtaler, avtaler om bruk av bilder,  l\u00e5neavtaler, avtaler om utgiftsfordeling, anleggskontrakter,  rundsumskontrakter, avtaler om bruksl\u00e5n, leveranseavtaler, avtaler om  leveranse av diverse tjenester, konsignasjonsavtaler,  forsikringsavtaler, herunder avtaler om ansvarsforsikring for  styremedlemmer og ledere, garantikontrakter, obligasjonsavtaler,  fortrolighetsavtaler (avtaler om hemmeligholdelse), avtaler om bankl\u00e5n  generelt, herunder med BNDES (Den brasilianske utviklingsbanken),  kj\u00f8pekontrakter for fast eiendom, leiekontrakter, samarbeidsavtaler,  partnerskapsavtaler, konkurransebegrensningsavtaler og letters of  comfort.<\/p>\n<\/div><\/details><\/div>\n\n\n\n<div class=\"wp-block-genesis-blocks-gb-accordion gb-block-accordion\"><details><summary class=\"gb-accordion-title\">Forvaltningsrett<\/summary><div class=\"gb-accordion-text\">\n<p>Brasiliansk forvaltningsrett styres av allmennhetens interesse. Anbud  og anskaffelser har spesielle regler som gjelder for kontraktstildeling  og konsesjon av offentlige tjenester. PNST bist\u00e5r sine klienter slik at  de er i stand til \u00e5 oppfylle kravene i brasiliansk lov og s\u00e6rlig de nye  reglene i antikorrupsjonslovgivningen.<\/p>\n<\/div><\/details><\/div>\n\n\n\n<div class=\"wp-block-genesis-blocks-gb-accordion gb-block-accordion\"><details><summary class=\"gb-accordion-title\">Fusjoner og Oppkj\u00f8p<\/summary><div class=\"gb-accordion-text\">\n<p>PNST gir ogs\u00e5 r\u00e5d n\u00e5r det gjelder M&amp;A-transaksjoner i  internasjonal sammenheng med tanke p\u00e5 bl.a. arbeidsrettslige,  skattemessige, selskapsrettslige og forretningsmessige forhold.<\/p>\n<\/div><\/details><\/div>\n\n\n\n<div class=\"wp-block-genesis-blocks-gb-accordion gb-block-accordion\"><details><summary class=\"gb-accordion-title\">Konkurranserett og \u00d8konomisk Rett<\/summary><div class=\"gb-accordion-text\">\n<p>PNST gir r\u00e5d om konsekvensene en gitt transaksjon kan f\u00e5 under  brasiliansk konkurranselovgivning. En fersk lovendring p\u00e5 omr\u00e5det fant  sted i 2012 og dette er av stor betydning for alle som \u00f8nsker \u00e5  investere og\/eller omstrukturere selskaper.<\/p>\n<\/div><\/details><\/div>\n\n\n\n<div class=\"wp-block-genesis-blocks-gb-accordion gb-block-accordion\"><details><summary class=\"gb-accordion-title\">Megling og Voldgift<\/summary><div class=\"gb-accordion-text\">\n<p>Bistand til selskaper og enkeltpersoner med ulike l\u00f8sninger p\u00e5  konflikter, s\u00e5 som megling og voldgift, b\u00e5de nasjonalt og  internasjonalt, offentlig og privat. Utforming av ekspertuttalelser,  bistand til formulering av voldgiftsklausuler og voldgiftsavtaler.<\/p>\n<\/div><\/details><\/div>\n\n\n\n<div class=\"wp-block-genesis-blocks-gb-accordion gb-block-accordion\"><details><summary class=\"gb-accordion-title\">Milj\u00f8rett<\/summary><div class=\"gb-accordion-text\">\n<p>PNST gir ogs\u00e5 r\u00e5d i forbindelse med diverse problemstillinger knyttet  til brasiliansk milj\u00f8lovgivning, alt fra n\u00f8dvendige godkjenninger for \u00e5  f\u00e5 milj\u00f8tillatelser til s\u00f8ksm\u00e5l og compliance-sp\u00f8rsm\u00e5l. B\u00f8tene kan v\u00e6re  sv\u00e6rt h\u00f8ye og korrekt juridisk veiledning er avgj\u00f8rende.<\/p>\n<\/div><\/details><\/div>\n\n\n\n<div class=\"wp-block-genesis-blocks-gb-accordion gb-block-accordion\"><details><summary class=\"gb-accordion-title\">Regulering og Kontrollorganer<\/summary><div class=\"gb-accordion-text\">\n<p>Brasilianske myndigheter har opprettet mange kontrollorganer bl.a.  innen energi, telekommunikasjon og olje. PNST bist\u00e5r sine klienter i  viktige sp\u00f8rsm\u00e5l knyttet til dette avhengig av hvilket omr\u00e5de de  opererer innenfor.<\/p>\n<\/div><\/details><\/div>\n\n\n\n<div class=\"wp-block-genesis-blocks-gb-accordion gb-block-accordion\"><details><summary class=\"gb-accordion-title\">Selskapsrett<\/summary><div class=\"gb-accordion-text\">\n<p>Planlegging og gjennomf\u00f8ring av selskapsorganiseringer og  omorganiseringer, fusjoner, selskapsdelinger, endringer av selskapsform  og avviklinger. Opprettelse av nye selskaper, enten Ltda. (privat  selskap med begrenset ansvar) eller S\/A (allmennaksjeselskap). Bistand  n\u00e5r det gjelder Den brasilianske sentralbankens forskrifter (BACEN) og  Det brasilianske finanstilsynet (CVM). R\u00e5dgivning ang\u00e5ende aktiv  eierkapital fra egenkapital eller investorkapital, risikokapital, joint  ventures, aksjon\u00e6ravtaler, innkommende og utg\u00e5ende kapitalstr\u00f8mmer,  grenseoverskridende transaksjoner og omstruktureringer. Kompetanse innen  utenlandsoverf\u00f8ringer av utbytte fra konvertering av kreditt fra  utenlandske investeringer, valutaregler, registrering av utenlandske  investeringer i Den brasilianske sentralbanken og opprettelse av  datterselskaper i Brasil, enten som selvstendige foretak eller gjennom  sammenslutninger med lokale partnere.<\/p>\n<\/div><\/details><\/div>\n\n\n\n<div class=\"wp-block-genesis-blocks-gb-accordion gb-block-accordion\"><details><summary class=\"gb-accordion-title\">Sivilrettslig R\u00e5dgivning og Rettstvister<\/summary><div class=\"gb-accordion-text\">\n<p>Utenrettslig bistand (for \u00e5 unng\u00e5 s\u00f8ksm\u00e5l) og juridisk bistand i alle  rettsinstanser, herunder h\u00f8yere domstoler, p\u00e5 f\u00f8lgende omr\u00e5der: S\u00f8ksm\u00e5l  vedr\u00f8rende allmenne, kollektive og individuelle rettigheter innenfor en  gruppe (milj\u00f8, forbrukerrelasjoner, goder og rettigheter av  kunstnerisk, estetisk, historisk, turist- og landskapsmessig verdi),  etterforskning av sivile gruppes\u00f8ksm\u00e5l og slike s\u00f8ksm\u00e5l, inndrivelse av  tilgodehavende (fremleggelse av krav og tvangsfullbyrdelse ved konkurs  og akkord) r\u00e5derett over og eiendomsrett til fast eiendom, familie- og  arverett, inkasso, utlegg m.m.<\/p>\n<\/div><\/details><\/div>\n\n\n\n<div class=\"wp-block-genesis-blocks-gb-accordion gb-block-accordion\"><details><summary class=\"gb-accordion-title\">Skatter\u00e5dgivning og Skattesaker<\/summary><div class=\"gb-accordion-text\">\n<p>Forebyggende r\u00e5dgivning og administrative og rettslige tvister  knyttet til alle typer skatter p\u00e5 f\u00f8deralt, delstatlig eller kommunalt  niv\u00e5, herunder skatteplanlegging, utarbeidelse av ekspertuttalelser  og\/eller foresp\u00f8rsler til myndighetene, klager p\u00e5 skattekrav som anses  som ulovlige eller grunnlovsstridige, juridisk bistand til skattebetaler  i forbindelse med betalingsvarsler for brudd p\u00e5 skattelovgivningen og  beregning og tilbakebetaling av skatter og avgifter.<\/p>\n<\/div><\/details><\/div>\n\n\n\n<div class=\"wp-block-genesis-blocks-gb-accordion gb-block-accordion\"><details><summary class=\"gb-accordion-title\">Utenlandsinvesteringer<\/summary><div class=\"gb-accordion-text\">\n<p>Planlegging og gjennomf\u00f8ring av selskapsorganiseringer og  omorganiseringer, fusjoner, selskapsdelinger, endringer av selskapsform  og avviklinger. Opprettelse av nye selskaper, enten Ltda. (privat  selskap med begrenset ansvar) eller S\/A (allmennaksjeselskap). Bistand  n\u00e5r det gjelder Den brasilianske sentralbankens forskrifter (BACEN) og  Det brasilianske finanstilsynet (CVM). R\u00e5dgivning ang\u00e5ende aktiv  eierkapital fra egenkapital eller investorkapital, risikokapital, joint  ventures, aksjon\u00e6ravtaler, innkommende og utg\u00e5ende kapitalstr\u00f8mmer,  grenseoverskridende transaksjoner og omstruktureringer. Kompetanse innen  utenlandsoverf\u00f8ringer av utbytte fra konvertering av kreditt fra  utenlandske investeringer, valutaregler, registrering av utenlandske  investeringer i Den brasilianske sentralbanken og opprettelse av  datterselskaper i Brasil, enten som selvstendige foretak eller gjennom  sammenslutninger med lokale partnere.<\/p>\n<\/div><\/details><\/div>\n<\/div>\n<\/div>\n<\/div><\/div><\/div>\n\n\n\n<p><\/p>\n","protected":false},"excerpt":{"rendered":"<p>Vi bist\u00e5r v\u00e5re klienter i deres virksomhet innenfor mange ulike bransjer b\u00e5de i Brasil og internasjonalt og p\u00e5 diverse kompetanseomr\u00e5der.<\/p>\n","protected":false},"author":1,"featured_media":0,"parent":0,"menu_order":1,"comment_status":"open","ping_status":"open","template":"","meta":{"_uag_custom_page_level_css":"","_genesis_hide_title":false,"_genesis_hide_breadcrumbs":false,"_genesis_hide_singular_image":false,"_genesis_hide_footer_widgets":false,"_genesis_custom_body_class":"","_genesis_custom_post_class":"","_genesis_layout":"","_joinchat":[],"footnotes":""},"class_list":{"0":"post-5314","1":"page","2":"type-page","3":"status-publish","5":"entry","6":"has-post-thumbnail"},"yoast_head":"<!-- This site is optimized with the Yoast SEO plugin v27.4 - https:\/\/yoast.com\/product\/yoast-seo-wordpress\/ -->\n<title>Kompetanseomr\u00e5der - PNST<\/title>\n<meta name=\"robots\" content=\"index, follow, max-snippet:-1, max-image-preview:large, max-video-preview:-1\" \/>\n<link rel=\"canonical\" href=\"https:\/\/www.pnst.com.br\/nb\/kompetanseomraader\/\" \/>\n<meta property=\"og:locale\" content=\"nb_NO\" \/>\n<meta property=\"og:type\" content=\"article\" \/>\n<meta property=\"og:title\" content=\"Kompetanseomr\u00e5der - PNST\" \/>\n<meta property=\"og:description\" content=\"Vi bist\u00e5r v\u00e5re klienter i deres virksomhet innenfor mange ulike bransjer b\u00e5de i Brasil og internasjonalt og p\u00e5 diverse kompetanseomr\u00e5der.\" \/>\n<meta property=\"og:url\" content=\"https:\/\/www.pnst.com.br\/nb\/kompetanseomraader\/\" \/>\n<meta property=\"og:site_name\" content=\"PNST\" \/>\n<meta property=\"article:publisher\" content=\"https:\/\/www.facebook.com\/PNSTADVOGADOS\" \/>\n<meta property=\"article:modified_time\" content=\"2025-02-03T15:45:42+00:00\" \/>\n<meta property=\"og:image\" content=\"https:\/\/www.pnst.com.br\/wp-content\/uploads\/2020\/01\/logo-PNST.png\" \/>\n\t<meta property=\"og:image:width\" content=\"262\" \/>\n\t<meta property=\"og:image:height\" content=\"95\" \/>\n\t<meta property=\"og:image:type\" content=\"image\/png\" \/>\n<meta name=\"twitter:card\" content=\"summary_large_image\" \/>\n<meta name=\"twitter:label1\" content=\"Ansl. lesetid\" \/>\n\t<meta name=\"twitter:data1\" content=\"6 minutter\" \/>\n<script type=\"application\/ld+json\" class=\"yoast-schema-graph\">{\"@context\":\"https:\\\/\\\/schema.org\",\"@graph\":[{\"@type\":\"WebPage\",\"@id\":\"https:\\\/\\\/www.pnst.com.br\\\/nb\\\/kompetanseomraader\\\/\",\"url\":\"https:\\\/\\\/www.pnst.com.br\\\/nb\\\/kompetanseomraader\\\/\",\"name\":\"Kompetanseomr\u00e5der - PNST\",\"isPartOf\":{\"@id\":\"https:\\\/\\\/www.pnst.com.br\\\/nb\\\/#website\"},\"datePublished\":\"2015-05-13T05:12:11+00:00\",\"dateModified\":\"2025-02-03T15:45:42+00:00\",\"breadcrumb\":{\"@id\":\"https:\\\/\\\/www.pnst.com.br\\\/nb\\\/kompetanseomraader\\\/#breadcrumb\"},\"inLanguage\":\"nb-NO\",\"potentialAction\":[{\"@type\":\"ReadAction\",\"target\":[\"https:\\\/\\\/www.pnst.com.br\\\/nb\\\/kompetanseomraader\\\/\"]}]},{\"@type\":\"BreadcrumbList\",\"@id\":\"https:\\\/\\\/www.pnst.com.br\\\/nb\\\/kompetanseomraader\\\/#breadcrumb\",\"itemListElement\":[{\"@type\":\"ListItem\",\"position\":1,\"name\":\"Hjem\",\"item\":\"https:\\\/\\\/www.pnst.com.br\\\/nb\\\/\"},{\"@type\":\"ListItem\",\"position\":2,\"name\":\"Kompetanseomr\u00e5der\"}]},{\"@type\":\"WebSite\",\"@id\":\"https:\\\/\\\/www.pnst.com.br\\\/nb\\\/#website\",\"url\":\"https:\\\/\\\/www.pnst.com.br\\\/nb\\\/\",\"name\":\"PNST\",\"description\":\"Pacheco Neto, Sanden, Teisseire Advogados\",\"publisher\":{\"@id\":\"https:\\\/\\\/www.pnst.com.br\\\/nb\\\/#organization\"},\"potentialAction\":[{\"@type\":\"SearchAction\",\"target\":{\"@type\":\"EntryPoint\",\"urlTemplate\":\"https:\\\/\\\/www.pnst.com.br\\\/nb\\\/?s={search_term_string}\"},\"query-input\":{\"@type\":\"PropertyValueSpecification\",\"valueRequired\":true,\"valueName\":\"search_term_string\"}}],\"inLanguage\":\"nb-NO\"},{\"@type\":\"Organization\",\"@id\":\"https:\\\/\\\/www.pnst.com.br\\\/nb\\\/#organization\",\"name\":\"PNST | Pacheco Neto, Sanden, Teisseire Advogados\",\"url\":\"https:\\\/\\\/www.pnst.com.br\\\/nb\\\/\",\"logo\":{\"@type\":\"ImageObject\",\"inLanguage\":\"nb-NO\",\"@id\":\"https:\\\/\\\/www.pnst.com.br\\\/nb\\\/#\\\/schema\\\/logo\\\/image\\\/\",\"url\":\"https:\\\/\\\/www.pnst.com.br\\\/wp-content\\\/uploads\\\/2015\\\/07\\\/PNST-Pacheco-Neto-Sanden_Teisseire.jpg\",\"contentUrl\":\"https:\\\/\\\/www.pnst.com.br\\\/wp-content\\\/uploads\\\/2015\\\/07\\\/PNST-Pacheco-Neto-Sanden_Teisseire.jpg\",\"width\":262,\"height\":95,\"caption\":\"PNST | Pacheco Neto, Sanden, Teisseire Advogados\"},\"image\":{\"@id\":\"https:\\\/\\\/www.pnst.com.br\\\/nb\\\/#\\\/schema\\\/logo\\\/image\\\/\"},\"sameAs\":[\"https:\\\/\\\/www.facebook.com\\\/PNSTADVOGADOS\"]}]}<\/script>\n<!-- \/ Yoast SEO plugin. -->","yoast_head_json":{"title":"Kompetanseomr\u00e5der - PNST","robots":{"index":"index","follow":"follow","max-snippet":"max-snippet:-1","max-image-preview":"max-image-preview:large","max-video-preview":"max-video-preview:-1"},"canonical":"https:\/\/www.pnst.com.br\/nb\/kompetanseomraader\/","og_locale":"nb_NO","og_type":"article","og_title":"Kompetanseomr\u00e5der - PNST","og_description":"Vi bist\u00e5r v\u00e5re klienter i deres virksomhet innenfor mange ulike bransjer b\u00e5de i Brasil og internasjonalt og p\u00e5 diverse kompetanseomr\u00e5der.","og_url":"https:\/\/www.pnst.com.br\/nb\/kompetanseomraader\/","og_site_name":"PNST","article_publisher":"https:\/\/www.facebook.com\/PNSTADVOGADOS","article_modified_time":"2025-02-03T15:45:42+00:00","og_image":[{"width":262,"height":95,"url":"https:\/\/www.pnst.com.br\/wp-content\/uploads\/2020\/01\/logo-PNST.png","type":"image\/png"}],"twitter_card":"summary_large_image","twitter_misc":{"Ansl. lesetid":"6 minutter"},"schema":{"@context":"https:\/\/schema.org","@graph":[{"@type":"WebPage","@id":"https:\/\/www.pnst.com.br\/nb\/kompetanseomraader\/","url":"https:\/\/www.pnst.com.br\/nb\/kompetanseomraader\/","name":"Kompetanseomr\u00e5der - PNST","isPartOf":{"@id":"https:\/\/www.pnst.com.br\/nb\/#website"},"datePublished":"2015-05-13T05:12:11+00:00","dateModified":"2025-02-03T15:45:42+00:00","breadcrumb":{"@id":"https:\/\/www.pnst.com.br\/nb\/kompetanseomraader\/#breadcrumb"},"inLanguage":"nb-NO","potentialAction":[{"@type":"ReadAction","target":["https:\/\/www.pnst.com.br\/nb\/kompetanseomraader\/"]}]},{"@type":"BreadcrumbList","@id":"https:\/\/www.pnst.com.br\/nb\/kompetanseomraader\/#breadcrumb","itemListElement":[{"@type":"ListItem","position":1,"name":"Hjem","item":"https:\/\/www.pnst.com.br\/nb\/"},{"@type":"ListItem","position":2,"name":"Kompetanseomr\u00e5der"}]},{"@type":"WebSite","@id":"https:\/\/www.pnst.com.br\/nb\/#website","url":"https:\/\/www.pnst.com.br\/nb\/","name":"PNST","description":"Pacheco Neto, Sanden, Teisseire Advogados","publisher":{"@id":"https:\/\/www.pnst.com.br\/nb\/#organization"},"potentialAction":[{"@type":"SearchAction","target":{"@type":"EntryPoint","urlTemplate":"https:\/\/www.pnst.com.br\/nb\/?s={search_term_string}"},"query-input":{"@type":"PropertyValueSpecification","valueRequired":true,"valueName":"search_term_string"}}],"inLanguage":"nb-NO"},{"@type":"Organization","@id":"https:\/\/www.pnst.com.br\/nb\/#organization","name":"PNST | Pacheco Neto, Sanden, Teisseire Advogados","url":"https:\/\/www.pnst.com.br\/nb\/","logo":{"@type":"ImageObject","inLanguage":"nb-NO","@id":"https:\/\/www.pnst.com.br\/nb\/#\/schema\/logo\/image\/","url":"https:\/\/www.pnst.com.br\/wp-content\/uploads\/2015\/07\/PNST-Pacheco-Neto-Sanden_Teisseire.jpg","contentUrl":"https:\/\/www.pnst.com.br\/wp-content\/uploads\/2015\/07\/PNST-Pacheco-Neto-Sanden_Teisseire.jpg","width":262,"height":95,"caption":"PNST | Pacheco Neto, Sanden, Teisseire Advogados"},"image":{"@id":"https:\/\/www.pnst.com.br\/nb\/#\/schema\/logo\/image\/"},"sameAs":["https:\/\/www.facebook.com\/PNSTADVOGADOS"]}]}},"featured_image_src":"","featured_image_src_square":false,"rbea_author_info":{"display_name":"admin","author_link":"https:\/\/www.pnst.com.br\/nb\/author\/admin\/"},"rbea_excerpt_info":"Vi bist\u00e5r v\u00e5re klienter i deres virksomhet innenfor mange ulike bransjer b\u00e5de i Brasil og internasjonalt og p\u00e5 diverse kompetanseomr\u00e5der.","uagb_featured_image_src":{"full":false,"thumbnail":false,"medium":false,"medium_large":false,"large":false,"1536x1536":false,"2048x2048":false,"single-featured-image":false,"blog-featured-image":false,"home-featured":false,"gb-block-post-grid-landscape":false,"gb-block-post-grid-square":false},"uagb_author_info":{"display_name":"admin","author_link":"https:\/\/www.pnst.com.br\/nb\/author\/admin\/"},"uagb_comment_info":0,"uagb_excerpt":"Vi bist\u00e5r v\u00e5re klienter i deres virksomhet innenfor mange ulike bransjer b\u00e5de i Brasil og internasjonalt og p\u00e5 diverse kompetanseomr\u00e5der.","_links":{"self":[{"href":"https:\/\/www.pnst.com.br\/nb\/wp-json\/wp\/v2\/pages\/5314","targetHints":{"allow":["GET"]}}],"collection":[{"href":"https:\/\/www.pnst.com.br\/nb\/wp-json\/wp\/v2\/pages"}],"about":[{"href":"https:\/\/www.pnst.com.br\/nb\/wp-json\/wp\/v2\/types\/page"}],"author":[{"embeddable":true,"href":"https:\/\/www.pnst.com.br\/nb\/wp-json\/wp\/v2\/users\/1"}],"replies":[{"embeddable":true,"href":"https:\/\/www.pnst.com.br\/nb\/wp-json\/wp\/v2\/comments?post=5314"}],"version-history":[{"count":0,"href":"https:\/\/www.pnst.com.br\/nb\/wp-json\/wp\/v2\/pages\/5314\/revisions"}],"wp:attachment":[{"href":"https:\/\/www.pnst.com.br\/nb\/wp-json\/wp\/v2\/media?parent=5314"}],"curies":[{"name":"wp","href":"https:\/\/api.w.org\/{rel}","templated":true}]}}