{"id":10284,"date":"2015-07-30T09:21:57","date_gmt":"2015-07-30T12:21:57","guid":{"rendered":"https:\/\/www.pnst.com.br\/sv\/home-3\/"},"modified":"2024-04-24T10:56:34","modified_gmt":"2024-04-24T13:56:34","slug":"hemsida","status":"publish","type":"page","link":"https:\/\/www.pnst.com.br\/sv\/","title":{"rendered":"Hemsida"},"content":{"rendered":"\n<hr class=\"wp-block-separator is-style-wide\"\/>\n\n\n\n<div class=\"wp-block-columns dna-global-block is-layout-flex wp-container-core-columns-is-layout-9d6595d7 wp-block-columns-is-layout-flex\">\n<div class=\"wp-block-column is-layout-flow wp-block-column-is-layout-flow\" style=\"flex-basis:20%\">\n<h3 class=\"wp-block-heading\">Globalt DNA<\/h3>\n<\/div>\n\n\n\n<div class=\"wp-block-column is-layout-flow wp-block-column-is-layout-flow\" style=\"flex-basis:80%\">\n<p><strong>Pacheco Neto Sanden Teisseire Advogados<\/strong> \u00e4r ett fullservicef\u00f6retag med fokus p\u00e5 tv\u00e5 decennier i olika kulturer och kunder i mer \u00e4n 20 l\u00e4nder f\u00f6rutom Brasilien, s\u00e4rskilt i Tyskland, Frankrike, Skandinavien, USA och Kina.<\/p>\n<\/div>\n<\/div>\n\n\n\n<div class=\"wp-block-columns team-block is-layout-flex wp-container-core-columns-is-layout-9d6595d7 wp-block-columns-is-layout-flex\">\n<div class=\"wp-block-column is-layout-flow wp-block-column-is-layout-flow\" style=\"flex-basis:20%\">\n<h3 class=\"wp-block-heading\"> Medarbetare <\/h3>\n\n\n\n<p><\/p>\n<\/div>\n\n\n\n<div class=\"wp-block-column is-layout-flow wp-block-column-is-layout-flow\" style=\"flex-basis:80%\"><div class=\"team carousel_container\"><div class=\"wrap\"><ul class=\"carousel is-set\"><li class=\"carousel-seat is-ref\"><a href=\"https:\/\/www.pnst.com.br\/sv\/profile\/andreas-sanden\/\" class=\"sv\"><img decoding=\"async\" src=\"https:\/\/www.pnst.com.br\/wp-content\/uploads\/2016\/12\/andreas-sanden-thumb-150x150.png\" title=\"Andreas Sanden\" class=\"media-image\" \/><div class=\"media-body\"><h4>Andreas Sanden<\/h4><p>\nAndreas Sanden is a founding partner of Pacheco Neto Sanden Teisseire Law Firm and a member of the Brazilian Bar Association (OAB), S\u00e3o Paulo chapter, as well as a member of the German Bar Association....<\/p><\/div><\/a><\/li><li class=\"carousel-seat\"><a href=\"https:\/\/www.pnst.com.br\/sv\/profile\/jean-francois-teisseire\/\" class=\"sv\"><img decoding=\"async\" src=\"https:\/\/www.pnst.com.br\/wp-content\/uploads\/2016\/12\/jean-francois-teisseire-thumb-150x150.png\" title=\"Jean Fran\u00e7ois Teisseire\" class=\"media-image\" \/><div class=\"media-body\"><h4>Jean Fran\u00e7ois Teisseire<\/h4><p>\nJean Fran\u00e7ois Teisseire\u00a0is a founding partner of Pacheco Neto Sanden Teisseire Law Firm. A French national, he completed his academic education in Paris at the University of Paris II (Assas). He is qualified to practice...<\/p><\/div><\/a><\/li><li class=\"carousel-seat\"><a href=\"https:\/\/www.pnst.com.br\/sv\/profile\/juliana-g-meyer-gottardi\/\" class=\"sv\"><img decoding=\"async\" src=\"https:\/\/www.pnst.com.br\/wp-content\/uploads\/2025\/02\/juliana-g-meyer-gottardi-thumb-150x150.png\" title=\"Juliana G. Meyer Gottardi\" class=\"media-image\" \/><div class=\"media-body\"><h4>Juliana G. Meyer Gottardi<\/h4><p>\nJuliana G. Meyer Gottardi\u00a0is a founding partner of Pacheco Neto Sanden Teisseire Law Firm with more than seventeen years\u2019 experience in structuring and implementing corporate agreements, real estate transactions, and advising on mergers and acquisitions....<\/p><\/div><\/a><\/li><li class=\"carousel-seat\"><a href=\"https:\/\/www.pnst.com.br\/sv\/profile\/renato-pacheco-e-silva-bacellar-neto\/\" class=\"sv\"><img decoding=\"async\" src=\"https:\/\/www.pnst.com.br\/wp-content\/uploads\/2016\/12\/renato-pacheco-e-silva-bacellar-neto-thumb-150x150.png\" title=\"Renato Pacheco e Silva Bacellar Neto\" class=\"media-image\" \/><div class=\"media-body\"><h4>Renato Pacheco e Silva Bacellar Neto<\/h4><p>\nRenato Pacheco e Silva Bacellar Neto \u00e4r grundare av Pacheco Neto Sanden Teisseire Law Firm och en internationellt h\u00f6gt ansedd jurist och spr\u00e5ktalang med ett gediget n\u00e4tverk av globala kontakter. Renatos m\u00e5l var att etablera...<\/p><\/div><\/a><\/li><\/ul><div class=\"all_posts\">\t<a href=\"https:\/\/www.pnst.com.br\/sv\/medarbetare\/\">V\u00e5ra Medarbetare<\/a><\/div><\/div><div class=\"controls\"><img decoding=\"async\" src=\"https:\/\/www.pnst.com.br\/wp-content\/plugins\/pw-pnst\/assets\/image\/toggle-left.png\" class=\"toggle\" \/><img decoding=\"async\" src=\"https:\/\/www.pnst.com.br\/wp-content\/plugins\/pw-pnst\/assets\/image\/toggle-right.png\" class=\"toggle\" data-toggle=\"next\" \/><\/div><\/div>\n<\/div>\n<\/div>\n\n\n\n<hr class=\"wp-block-separator is-style-wide\"\/>\n\n\n\n<div class=\"wp-block-columns practice-areas-block is-layout-flex wp-container-core-columns-is-layout-9d6595d7 wp-block-columns-is-layout-flex\">\n<div class=\"wp-block-column is-layout-flow wp-block-column-is-layout-flow\" style=\"flex-basis:20%\">\n<h3 class=\"wp-block-heading\">Verksamhetsomr\u00e5den <\/h3>\n<\/div>\n\n\n\n<div class=\"wp-block-column is-layout-flow wp-block-column-is-layout-flow\" style=\"flex-basis:80%\"><div class=\"practice_areas carousel_container\"><div class=\"wrap\"><ul class=\"carousel is-set\"><li class=\"carousel-seat is-ref\"><a href=\"https:\/\/www.pnst.com.br\/sv\/verksamhetsomraaden\/?item=1\" class=\"sv\"><div><span>&#8210;<\/span><br>Aff\u00e4rsavtal<\/div><\/a><\/li><li class=\"carousel-seat\"><a href=\"https:\/\/www.pnst.com.br\/sv\/verksamhetsomraaden\/?item=2\" class=\"sv\"><div><span>&#8210;<\/span><br>Arbetsr\u00e4tt och Tvister<\/div><\/a><\/li><li class=\"carousel-seat\"><a href=\"https:\/\/www.pnst.com.br\/sv\/verksamhetsomraaden\/?item=3\" class=\"sv\"><div><span>&#8210;<\/span><br>Bolagsr\u00e4tt<\/div><\/a><\/li><li class=\"carousel-seat\"><a href=\"https:\/\/www.pnst.com.br\/sv\/verksamhetsomraaden\/?item=4\" class=\"sv\"><div><span>&#8210;<\/span><br>Civilr\u00e4tt och Tvister<\/div><\/a><\/li><li class=\"carousel-seat\"><a href=\"https:\/\/www.pnst.com.br\/sv\/verksamhetsomraaden\/?item=5\" class=\"sv\"><div><span>&#8210;<\/span><br>Dataskydd och Integritet<\/div><\/a><\/li><li class=\"carousel-seat\"><a href=\"https:\/\/www.pnst.com.br\/sv\/verksamhetsomraaden\/?item=6\" class=\"sv\"><div><span>&#8210;<\/span><br>Familje- och Arvsr\u00e4tt<\/div><\/a><\/li><li class=\"carousel-seat\"><a href=\"https:\/\/www.pnst.com.br\/sv\/verksamhetsomraaden\/?item=7\" class=\"sv\"><div><span>&#8210;<\/span><br>Fastighetsr\u00e4tt<\/div><\/a><\/li><li class=\"carousel-seat\"><a href=\"https:\/\/www.pnst.com.br\/sv\/verksamhetsomraaden\/?item=8\" class=\"sv\"><div><span>&#8210;<\/span><br>F\u00f6rhandling, Medling och Skiljef\u00f6rfaranden<\/div><\/a><\/li><li class=\"carousel-seat\"><a href=\"https:\/\/www.pnst.com.br\/sv\/verksamhetsomraaden\/?item=9\" class=\"sv\"><div><span>&#8210;<\/span><br>F\u00f6rvaltningsr\u00e4tt<\/div><\/a><\/li><li class=\"carousel-seat\"><a href=\"https:\/\/www.pnst.com.br\/sv\/verksamhetsomraaden\/?item=10\" class=\"sv\"><div><span>&#8210;<\/span><br>Immaterialr\u00e4tt<\/div><\/a><\/li><li class=\"carousel-seat\"><a href=\"https:\/\/www.pnst.com.br\/sv\/verksamhetsomraaden\/?item=11\" class=\"sv\"><div><span>&#8210;<\/span><br>Konkurrensr\u00e4tt<\/div><\/a><\/li><li class=\"carousel-seat\"><a href=\"https:\/\/www.pnst.com.br\/sv\/verksamhetsomraaden\/?item=12\" class=\"sv\"><div><span>&#8210;<\/span><br>M&A<\/div><\/a><\/li><li class=\"carousel-seat\"><a href=\"https:\/\/www.pnst.com.br\/sv\/verksamhetsomraaden\/?item=13\" class=\"sv\"><div><span>&#8210;<\/span><br>Milj\u00f6r\u00e4tt<\/div><\/a><\/li><li class=\"carousel-seat\"><a href=\"https:\/\/www.pnst.com.br\/sv\/verksamhetsomraaden\/?item=14\" class=\"sv\"><div><span>&#8210;<\/span><br>Regulatoriska Fr\u00e5gor<\/div><\/a><\/li><li class=\"carousel-seat\"><a href=\"https:\/\/www.pnst.com.br\/sv\/verksamhetsomraaden\/?item=15\" class=\"sv\"><div><span>&#8210;<\/span><br>Skatter\u00e4tt och Tvister<\/div><\/a><\/li><li class=\"carousel-seat\"><a href=\"https:\/\/www.pnst.com.br\/sv\/verksamhetsomraaden\/?item=16\" class=\"sv\"><div><span>&#8210;<\/span><br>Utl\u00e4ndska Investeringar<\/div><\/a><\/li><\/ul><div class=\"all_posts\">\t<a href=\"https:\/\/www.pnst.com.br\/sv\/verksamhetsomraaden\/\">Alla Verksamhetsomr\u00e5den<\/a><\/div><\/div><div class=\"controls\"><img decoding=\"async\" src=\"https:\/\/www.pnst.com.br\/wp-content\/plugins\/pw-pnst\/assets\/image\/toggle-left.png\" class=\"toggle\" \/><img decoding=\"async\" src=\"https:\/\/www.pnst.com.br\/wp-content\/plugins\/pw-pnst\/assets\/image\/toggle-right.png\" class=\"toggle\" data-toggle=\"next\" \/><\/div><\/div>\n<\/div>\n<\/div>\n\n\n\n<hr class=\"wp-block-separator is-style-wide\"\/>\n\n\n\n<div class=\"wp-block-columns newsletter-block is-layout-flex wp-container-core-columns-is-layout-9d6595d7 wp-block-columns-is-layout-flex\">\n<div class=\"wp-block-column is-layout-flow wp-block-column-is-layout-flow\" style=\"flex-basis:20%\">\n<h3 class=\"wp-block-heading\">Nyhetsbrev<\/h3>\n<\/div>\n\n\n\n<div class=\"wp-block-column is-layout-flow wp-block-column-is-layout-flow\" style=\"flex-basis:80%\"><script>(function() {\n\twindow.mc4wp = window.mc4wp || {\n\t\tlisteners: [],\n\t\tforms: {\n\t\t\ton: function(evt, cb) {\n\t\t\t\twindow.mc4wp.listeners.push(\n\t\t\t\t\t{\n\t\t\t\t\t\tevent   : evt,\n\t\t\t\t\t\tcallback: cb\n\t\t\t\t\t}\n\t\t\t\t);\n\t\t\t}\n\t\t}\n\t}\n})();\n<\/script><!-- Mailchimp for WordPress v4.12.5 - https:\/\/wordpress.org\/plugins\/mailchimp-for-wp\/ --><form id=\"mc4wp-form-1\" class=\"mc4wp-form mc4wp-form-17806\" method=\"post\" data-id=\"17806\" data-name=\"Nyhetsbrev\" ><div class=\"mc4wp-form-fields\"><div class=\"newsletter-form portuguese\">\r\n\t<div><input type=\"text\" name=\"FULLNAME\" placeholder=\"*Namn\" size=\"100\" required><\/div>\r\n\t<div><input type=\"email\" name=\"EMAIL\" placeholder=\"*E-post\" size=\"100\" required><\/div>\r\n\t<div><select name=\"LANGUAGE\">\r\n        <option value=\"English\" selected>Engelsk<\/option>\r\n        <option value=\"Portuguese\">Portugisiska<\/option>\r\n    <\/select><\/div>\r\n\t<input type=\"hidden\" name=\"ORIGINATOR\" value=\"Site\">\r\n\t<div><input type=\"submit\" value=\"Skicka\" \/><\/div>\r\n<\/div><\/div><label style=\"display: none !important;\">L\u00e5t detta f\u00e4lt vara tomt om du \u00e4r m\u00e4nniska: <input type=\"text\" name=\"_mc4wp_honeypot\" value=\"\" tabindex=\"-1\" autocomplete=\"off\" \/><\/label><input type=\"hidden\" name=\"_mc4wp_timestamp\" value=\"1778745149\" \/><input type=\"hidden\" name=\"_mc4wp_form_id\" value=\"17806\" \/><input type=\"hidden\" name=\"_mc4wp_form_element_id\" value=\"mc4wp-form-1\" \/><div class=\"mc4wp-response\"><\/div><\/form><!-- \/ Mailchimp for WordPress Plugin -->\n<\/div>\n<\/div>\n\n\n\n<hr class=\"wp-block-separator is-style-wide\"\/>\n\n\n\n<div class=\"wp-block-columns efolder-block is-layout-flex wp-container-core-columns-is-layout-9d6595d7 wp-block-columns-is-layout-flex\">\n<div class=\"wp-block-column is-layout-flow wp-block-column-is-layout-flow\" style=\"flex-basis:20%\"><\/div>\n\n\n\n<div class=\"wp-block-column is-layout-flow wp-block-column-is-layout-flow\" style=\"flex-basis:80%\">\n<p><a href=\"http:\/\/www.pnst.com.br\/publico\/e-folder\/PNST-eFolder-English.pdf\" target=\"_blank\" rel=\"noreferrer noopener\" aria-label=\"Download eFolder (opens in a new tab)\">Download eFolder<\/a><\/p>\n<\/div>\n<\/div>\n","protected":false},"excerpt":{"rendered":"<p>Globalt DNA Pacheco Neto Sanden Teisseire Advogados \u00e4r ett fullservicef\u00f6retag med fokus p\u00e5 tv\u00e5 decennier i olika kulturer och kunder i mer \u00e4n 20 l\u00e4nder f\u00f6rutom Brasilien, s\u00e4rskilt i Tyskland, Frankrike, Skandinavien, USA och Kina. Medarbetare Verksamhetsomr\u00e5den Nyhetsbrev Download eFolder<\/p>\n","protected":false},"author":1,"featured_media":0,"parent":0,"menu_order":0,"comment_status":"closed","ping_status":"open","template":"","meta":{"_uag_custom_page_level_css":"","_genesis_hide_title":false,"_genesis_hide_breadcrumbs":false,"_genesis_hide_singular_image":false,"_genesis_hide_footer_widgets":false,"_genesis_custom_body_class":"","_genesis_custom_post_class":"","_genesis_layout":"","_joinchat":[],"footnotes":""},"class_list":{"0":"post-10284","1":"page","2":"type-page","3":"status-publish","5":"entry","6":"has-post-thumbnail"},"yoast_head":"<!-- This site is optimized with the Yoast SEO plugin v27.5 - https:\/\/yoast.com\/product\/yoast-seo-wordpress\/ -->\n<title>Hemsida - PNST<\/title>\n<meta name=\"description\" content=\"Fullservice advokatbyr\u00e5 med m\u00e5ngkulturell aff\u00e4rserfarenhet som ligger till grund f\u00f6r inhemska och internationella f\u00f6rhandlingar. Praktisk erfarenhet av st\u00f6rre europeiska f\u00f6retag.\" \/>\n<meta name=\"robots\" content=\"index, follow, max-snippet:-1, max-image-preview:large, max-video-preview:-1\" \/>\n<link rel=\"canonical\" href=\"https:\/\/www.pnst.com.br\/sv\/\" \/>\n<meta property=\"og:locale\" content=\"sv_SE\" \/>\n<meta property=\"og:type\" content=\"article\" \/>\n<meta property=\"og:title\" content=\"Hemsida - PNST\" \/>\n<meta property=\"og:description\" content=\"Fullservice advokatbyr\u00e5 med m\u00e5ngkulturell aff\u00e4rserfarenhet som ligger till grund f\u00f6r inhemska och internationella f\u00f6rhandlingar. Praktisk erfarenhet av st\u00f6rre europeiska f\u00f6retag.\" \/>\n<meta property=\"og:url\" content=\"https:\/\/www.pnst.com.br\/sv\/\" \/>\n<meta property=\"og:site_name\" content=\"PNST\" \/>\n<meta property=\"article:publisher\" content=\"https:\/\/www.facebook.com\/PNSTADVOGADOS\" \/>\n<meta property=\"article:modified_time\" content=\"2024-04-24T13:56:34+00:00\" \/>\n<meta property=\"og:image\" content=\"https:\/\/www.pnst.com.br\/wp-content\/uploads\/2020\/01\/logo-PNST.png\" \/>\n\t<meta property=\"og:image:width\" content=\"262\" \/>\n\t<meta property=\"og:image:height\" content=\"95\" \/>\n\t<meta property=\"og:image:type\" content=\"image\/png\" \/>\n<meta name=\"twitter:card\" content=\"summary_large_image\" \/>\n<meta name=\"twitter:label1\" content=\"Ber\u00e4knad l\u00e4stid\" \/>\n\t<meta name=\"twitter:data1\" content=\"1 minut\" \/>\n<script type=\"application\/ld+json\" class=\"yoast-schema-graph\">{\"@context\":\"https:\\\/\\\/schema.org\",\"@graph\":[{\"@type\":\"WebPage\",\"@id\":\"https:\\\/\\\/www.pnst.com.br\\\/sv\\\/\",\"url\":\"https:\\\/\\\/www.pnst.com.br\\\/sv\\\/\",\"name\":\"Hemsida - PNST\",\"isPartOf\":{\"@id\":\"https:\\\/\\\/www.pnst.com.br\\\/sv\\\/#website\"},\"datePublished\":\"2015-07-30T12:21:57+00:00\",\"dateModified\":\"2024-04-24T13:56:34+00:00\",\"description\":\"Fullservice advokatbyr\u00e5 med m\u00e5ngkulturell aff\u00e4rserfarenhet som ligger till grund f\u00f6r inhemska och internationella f\u00f6rhandlingar. Praktisk erfarenhet av st\u00f6rre europeiska f\u00f6retag.\",\"breadcrumb\":{\"@id\":\"https:\\\/\\\/www.pnst.com.br\\\/sv\\\/#breadcrumb\"},\"inLanguage\":\"sv-SE\",\"potentialAction\":[{\"@type\":\"ReadAction\",\"target\":[\"https:\\\/\\\/www.pnst.com.br\\\/sv\\\/\"]}]},{\"@type\":\"BreadcrumbList\",\"@id\":\"https:\\\/\\\/www.pnst.com.br\\\/sv\\\/#breadcrumb\",\"itemListElement\":[{\"@type\":\"ListItem\",\"position\":1,\"name\":\"Hemsida\",\"item\":\"https:\\\/\\\/www.pnst.com.br\\\/sv\\\/\"},{\"@type\":\"ListItem\",\"position\":2,\"name\":\"Hemsida\"}]},{\"@type\":\"WebSite\",\"@id\":\"https:\\\/\\\/www.pnst.com.br\\\/sv\\\/#website\",\"url\":\"https:\\\/\\\/www.pnst.com.br\\\/sv\\\/\",\"name\":\"PNST\",\"description\":\"Pacheco Neto, Sanden, Teisseire Advogados\",\"publisher\":{\"@id\":\"https:\\\/\\\/www.pnst.com.br\\\/sv\\\/#organization\"},\"potentialAction\":[{\"@type\":\"SearchAction\",\"target\":{\"@type\":\"EntryPoint\",\"urlTemplate\":\"https:\\\/\\\/www.pnst.com.br\\\/sv\\\/?s={search_term_string}\"},\"query-input\":{\"@type\":\"PropertyValueSpecification\",\"valueRequired\":true,\"valueName\":\"search_term_string\"}}],\"inLanguage\":\"sv-SE\"},{\"@type\":\"Organization\",\"@id\":\"https:\\\/\\\/www.pnst.com.br\\\/sv\\\/#organization\",\"name\":\"PNST | Pacheco Neto, Sanden, Teisseire Advogados\",\"url\":\"https:\\\/\\\/www.pnst.com.br\\\/sv\\\/\",\"logo\":{\"@type\":\"ImageObject\",\"inLanguage\":\"sv-SE\",\"@id\":\"https:\\\/\\\/www.pnst.com.br\\\/sv\\\/#\\\/schema\\\/logo\\\/image\\\/\",\"url\":\"https:\\\/\\\/www.pnst.com.br\\\/wp-content\\\/uploads\\\/2015\\\/07\\\/PNST-Pacheco-Neto-Sanden_Teisseire.jpg\",\"contentUrl\":\"https:\\\/\\\/www.pnst.com.br\\\/wp-content\\\/uploads\\\/2015\\\/07\\\/PNST-Pacheco-Neto-Sanden_Teisseire.jpg\",\"width\":262,\"height\":95,\"caption\":\"PNST | Pacheco Neto, Sanden, Teisseire Advogados\"},\"image\":{\"@id\":\"https:\\\/\\\/www.pnst.com.br\\\/sv\\\/#\\\/schema\\\/logo\\\/image\\\/\"},\"sameAs\":[\"https:\\\/\\\/www.facebook.com\\\/PNSTADVOGADOS\"]}]}<\/script>\n<!-- \/ Yoast SEO plugin. -->","yoast_head_json":{"title":"Hemsida - PNST","description":"Fullservice advokatbyr\u00e5 med m\u00e5ngkulturell aff\u00e4rserfarenhet som ligger till grund f\u00f6r inhemska och internationella f\u00f6rhandlingar. Praktisk erfarenhet av st\u00f6rre europeiska f\u00f6retag.","robots":{"index":"index","follow":"follow","max-snippet":"max-snippet:-1","max-image-preview":"max-image-preview:large","max-video-preview":"max-video-preview:-1"},"canonical":"https:\/\/www.pnst.com.br\/sv\/","og_locale":"sv_SE","og_type":"article","og_title":"Hemsida - PNST","og_description":"Fullservice advokatbyr\u00e5 med m\u00e5ngkulturell aff\u00e4rserfarenhet som ligger till grund f\u00f6r inhemska och internationella f\u00f6rhandlingar. Praktisk erfarenhet av st\u00f6rre europeiska f\u00f6retag.","og_url":"https:\/\/www.pnst.com.br\/sv\/","og_site_name":"PNST","article_publisher":"https:\/\/www.facebook.com\/PNSTADVOGADOS","article_modified_time":"2024-04-24T13:56:34+00:00","og_image":[{"width":262,"height":95,"url":"https:\/\/www.pnst.com.br\/wp-content\/uploads\/2020\/01\/logo-PNST.png","type":"image\/png"}],"twitter_card":"summary_large_image","twitter_misc":{"Ber\u00e4knad l\u00e4stid":"1 minut"},"schema":{"@context":"https:\/\/schema.org","@graph":[{"@type":"WebPage","@id":"https:\/\/www.pnst.com.br\/sv\/","url":"https:\/\/www.pnst.com.br\/sv\/","name":"Hemsida - PNST","isPartOf":{"@id":"https:\/\/www.pnst.com.br\/sv\/#website"},"datePublished":"2015-07-30T12:21:57+00:00","dateModified":"2024-04-24T13:56:34+00:00","description":"Fullservice advokatbyr\u00e5 med m\u00e5ngkulturell aff\u00e4rserfarenhet som ligger till grund f\u00f6r inhemska och internationella f\u00f6rhandlingar. Praktisk erfarenhet av st\u00f6rre europeiska f\u00f6retag.","breadcrumb":{"@id":"https:\/\/www.pnst.com.br\/sv\/#breadcrumb"},"inLanguage":"sv-SE","potentialAction":[{"@type":"ReadAction","target":["https:\/\/www.pnst.com.br\/sv\/"]}]},{"@type":"BreadcrumbList","@id":"https:\/\/www.pnst.com.br\/sv\/#breadcrumb","itemListElement":[{"@type":"ListItem","position":1,"name":"Hemsida","item":"https:\/\/www.pnst.com.br\/sv\/"},{"@type":"ListItem","position":2,"name":"Hemsida"}]},{"@type":"WebSite","@id":"https:\/\/www.pnst.com.br\/sv\/#website","url":"https:\/\/www.pnst.com.br\/sv\/","name":"PNST","description":"Pacheco Neto, Sanden, Teisseire Advogados","publisher":{"@id":"https:\/\/www.pnst.com.br\/sv\/#organization"},"potentialAction":[{"@type":"SearchAction","target":{"@type":"EntryPoint","urlTemplate":"https:\/\/www.pnst.com.br\/sv\/?s={search_term_string}"},"query-input":{"@type":"PropertyValueSpecification","valueRequired":true,"valueName":"search_term_string"}}],"inLanguage":"sv-SE"},{"@type":"Organization","@id":"https:\/\/www.pnst.com.br\/sv\/#organization","name":"PNST | Pacheco Neto, Sanden, Teisseire Advogados","url":"https:\/\/www.pnst.com.br\/sv\/","logo":{"@type":"ImageObject","inLanguage":"sv-SE","@id":"https:\/\/www.pnst.com.br\/sv\/#\/schema\/logo\/image\/","url":"https:\/\/www.pnst.com.br\/wp-content\/uploads\/2015\/07\/PNST-Pacheco-Neto-Sanden_Teisseire.jpg","contentUrl":"https:\/\/www.pnst.com.br\/wp-content\/uploads\/2015\/07\/PNST-Pacheco-Neto-Sanden_Teisseire.jpg","width":262,"height":95,"caption":"PNST | Pacheco Neto, Sanden, Teisseire Advogados"},"image":{"@id":"https:\/\/www.pnst.com.br\/sv\/#\/schema\/logo\/image\/"},"sameAs":["https:\/\/www.facebook.com\/PNSTADVOGADOS"]}]}},"featured_image_src":"","featured_image_src_square":false,"rbea_author_info":{"display_name":"admin","author_link":"https:\/\/www.pnst.com.br\/sv\/author\/admin\/"},"rbea_excerpt_info":"Globalt DNA Pacheco Neto Sanden Teisseire Advogados \u00e4r ett fullservicef\u00f6retag med fokus p\u00e5 tv\u00e5 decennier i olika kulturer och kunder i mer \u00e4n 20 l\u00e4nder f\u00f6rutom Brasilien, s\u00e4rskilt i Tyskland, Frankrike, Skandinavien, USA och Kina. Medarbetare Verksamhetsomr\u00e5den Nyhetsbrev Download eFolder","uagb_featured_image_src":{"full":false,"thumbnail":false,"medium":false,"medium_large":false,"large":false,"1536x1536":false,"2048x2048":false,"single-featured-image":false,"blog-featured-image":false,"home-featured":false,"gb-block-post-grid-landscape":false,"gb-block-post-grid-square":false},"uagb_author_info":{"display_name":"admin","author_link":"https:\/\/www.pnst.com.br\/sv\/author\/admin\/"},"uagb_comment_info":0,"uagb_excerpt":"Globalt DNA Pacheco Neto Sanden Teisseire Advogados \u00e4r ett fullservicef\u00f6retag med fokus p\u00e5 tv\u00e5 decennier i olika kulturer och kunder i mer \u00e4n 20 l\u00e4nder f\u00f6rutom Brasilien, s\u00e4rskilt i Tyskland, Frankrike, Skandinavien, USA och Kina. Medarbetare Verksamhetsomr\u00e5den Nyhetsbrev Download eFolder","_links":{"self":[{"href":"https:\/\/www.pnst.com.br\/sv\/wp-json\/wp\/v2\/pages\/10284","targetHints":{"allow":["GET"]}}],"collection":[{"href":"https:\/\/www.pnst.com.br\/sv\/wp-json\/wp\/v2\/pages"}],"about":[{"href":"https:\/\/www.pnst.com.br\/sv\/wp-json\/wp\/v2\/types\/page"}],"author":[{"embeddable":true,"href":"https:\/\/www.pnst.com.br\/sv\/wp-json\/wp\/v2\/users\/1"}],"replies":[{"embeddable":true,"href":"https:\/\/www.pnst.com.br\/sv\/wp-json\/wp\/v2\/comments?post=10284"}],"version-history":[{"count":0,"href":"https:\/\/www.pnst.com.br\/sv\/wp-json\/wp\/v2\/pages\/10284\/revisions"}],"wp:attachment":[{"href":"https:\/\/www.pnst.com.br\/sv\/wp-json\/wp\/v2\/media?parent=10284"}],"curies":[{"name":"wp","href":"https:\/\/api.w.org\/{rel}","templated":true}]}}