{"id":4839,"date":"2014-09-29T01:28:47","date_gmt":"2014-09-29T04:28:47","guid":{"rendered":"https:\/\/www.pnst.com.br\/sv\/team\/"},"modified":"2024-10-25T21:19:39","modified_gmt":"2024-10-26T00:19:39","slug":"medarbetare","status":"publish","type":"page","link":"https:\/\/www.pnst.com.br\/sv\/medarbetare\/","title":{"rendered":"Medarbetare"},"content":{"rendered":"\n<div class=\"wp-block-genesis-blocks-gb-container gb-block-container\"><div class=\"gb-container-inside\"><div class=\"gb-container-content\" style=\"max-width:1600px\">\n<div class=\"wp-block-columns is-layout-flex wp-container-core-columns-is-layout-9d6595d7 wp-block-columns-is-layout-flex\">\n<div class=\"wp-block-column is-layout-flow wp-block-column-is-layout-flow\" style=\"flex-basis:20%\"><\/div>\n\n\n\n<div class=\"wp-block-column is-layout-flow wp-block-column-is-layout-flow\" style=\"flex-basis:80%\">\n<h3 class=\"wp-block-heading subtitulo\">Ett team, m\u00e5nga kulturer<\/h3>\n\n\n\n<p>Att handskas med m\u00e4nniskor av andra nationaliteter \u00e4r en del av vardagen f\u00f6r dem som arbetar p\u00e5 <strong>Pacheco Neto Sanden Teisseire Law Firm<\/strong>. F\u00f6rutom att hantera kunder fr\u00e5n olika delar av v\u00e4rlden, pr\u00e4glas \u00e4ven f\u00f6retagets personalstyrka av m\u00e5ngfald. Det finns alltid n\u00e5gon som kan bidra med sin syn p\u00e5 samma \u00e4rende med en annan infallsvinkel, utifr\u00e5n deras erfarenhet och nationalitet.<\/p>\n\n\n\n<p><strong>Bland annat kinesiska-, tyska-, franska- och engelsktalande klienter, betj\u00e4nas p\u00e5 respektive spr\u00e5k.<\/strong><\/p>\n<\/div>\n<\/div>\n<\/div><\/div><\/div>\n\n\n\n<hr class=\"wp-block-separator has-css-opacity is-style-wide\"\/>\n\n\n\n<h3 class=\"wp-block-heading\">Styrelseledam\u00f6ter<\/h3>\n\n\n<div class=\"lawyers-container\"><div class=\"lawyer-seat\"><div class=\"wrap\"><a href=\"https:\/\/www.pnst.com.br\/sv\/profile\/andreas-sanden\/\" class=\"link\"><img loading=\"lazy\" decoding=\"async\" src=\"https:\/\/www.pnst.com.br\/wp-content\/uploads\/2016\/12\/andreas-sanden-thumb.png\" title=\"Andreas Sanden\" width=\"150\" height=\"150\" \/><p>Andreas Sanden<\/p><\/a><p class=\"vcard\"><a href=\"https:\/\/www.pnst.com.br\/sv\/profile\/andreas-sanden\/\">Mer<\/a> | <a href=\"https:\/\/www.pnst.com.br\/vCards\/vcard-andreas-sanden.pdf\" target=\"_blank\">vCard<\/a><\/p><\/div><\/div><div class=\"lawyer-seat\"><div class=\"wrap\"><a href=\"https:\/\/www.pnst.com.br\/sv\/profile\/jean-francois-teisseire\/\" class=\"link\"><img loading=\"lazy\" decoding=\"async\" src=\"https:\/\/www.pnst.com.br\/wp-content\/uploads\/2016\/12\/jean-francois-teisseire-thumb.png\" title=\"Jean Fran\u00e7ois Teisseire\" width=\"150\" height=\"150\" \/><p>Jean Fran\u00e7ois Teisseire<\/p><\/a><p class=\"vcard\"><a href=\"https:\/\/www.pnst.com.br\/sv\/profile\/jean-francois-teisseire\/\">Mer<\/a> | <a href=\"https:\/\/www.pnst.com.br\/vCards\/vcard-jean-francois-teisseire.pdf\" target=\"_blank\">vCard<\/a><\/p><\/div><\/div><div class=\"lawyer-seat\"><div class=\"wrap\"><a href=\"https:\/\/www.pnst.com.br\/sv\/profile\/juliana-g-meyer-gottardi\/\" class=\"link\"><img loading=\"lazy\" decoding=\"async\" src=\"https:\/\/www.pnst.com.br\/wp-content\/uploads\/2025\/02\/juliana-g-meyer-gottardi-thumb.png\" title=\"Juliana G. Meyer Gottardi\" width=\"150\" height=\"150\" \/><p>Juliana G. Meyer Gottardi<\/p><\/a><p class=\"vcard\"><a href=\"https:\/\/www.pnst.com.br\/sv\/profile\/juliana-g-meyer-gottardi\/\">Mer<\/a> | <a href=\"https:\/\/www.pnst.com.br\/vCards\/vcard-juliana-g-meyer-gottardi.pdf\" target=\"_blank\">vCard<\/a><\/p><\/div><\/div><div class=\"lawyer-seat\"><div class=\"wrap\"><a href=\"https:\/\/www.pnst.com.br\/sv\/profile\/renato-pacheco-e-silva-bacellar-neto\/\" class=\"link\"><img loading=\"lazy\" decoding=\"async\" src=\"https:\/\/www.pnst.com.br\/wp-content\/uploads\/2016\/12\/renato-pacheco-e-silva-bacellar-neto-thumb.png\" title=\"Renato Pacheco e Silva Bacellar Neto\" width=\"150\" height=\"150\" \/><p>Renato Pacheco e Silva Bacellar Neto<\/p><\/a><p class=\"vcard\"><a href=\"https:\/\/www.pnst.com.br\/sv\/profile\/renato-pacheco-e-silva-bacellar-neto\/\">Mer<\/a> | <a href=\"https:\/\/www.pnst.com.br\/vCards\/vcard-renato-pacheco-e-silva-bacellar-neto.pdf\" target=\"_blank\">vCard<\/a><\/p><\/div><\/div><\/div>\n\n\n\n<hr class=\"wp-block-separator has-css-opacity is-style-wide\"\/>\n\n\n\n<h3 class=\"wp-block-heading\">Partners<\/h3>\n\n\n<div class=\"lawyers-container\"><div class=\"lawyer-seat\"><div class=\"wrap\"><a href=\"https:\/\/www.pnst.com.br\/sv\/profile\/andreas-robert-beyersdorf\/\" class=\"link\"><img loading=\"lazy\" decoding=\"async\" src=\"https:\/\/www.pnst.com.br\/wp-content\/uploads\/2016\/12\/andreas-robert-beyersdorf-thumb.webp\" title=\"Andreas Beyersdorf\" width=\"150\" height=\"150\" \/><p>Andreas Beyersdorf<\/p><\/a><p class=\"vcard\"><a href=\"https:\/\/www.pnst.com.br\/sv\/profile\/andreas-robert-beyersdorf\/\">Mer<\/a> | <a href=\"https:\/\/www.pnst.com.br\/vCards\/vcard-andreas-robert-beyersdorf.pdf\" target=\"_blank\">vCard<\/a><\/p><\/div><\/div><div class=\"lawyer-seat\"><div class=\"wrap\"><a href=\"https:\/\/www.pnst.com.br\/sv\/profile\/bruno-mirabile\/\" class=\"link\"><img loading=\"lazy\" decoding=\"async\" src=\"https:\/\/www.pnst.com.br\/wp-content\/uploads\/2016\/12\/bruno-mirabile-thumb.png\" title=\"Bruno Mirabile\" width=\"150\" height=\"150\" \/><p>Bruno Mirabile<\/p><\/a><p class=\"vcard\"><a href=\"https:\/\/www.pnst.com.br\/sv\/profile\/bruno-mirabile\/\">Mer<\/a> | <a href=\"https:\/\/www.pnst.com.br\/vCards\/vcard-bruno-mirabile.pdf\" target=\"_blank\">vCard<\/a><\/p><\/div><\/div><div class=\"lawyer-seat\"><div class=\"wrap\"><a href=\"https:\/\/www.pnst.com.br\/sv\/profile\/graziella-junqueira\/\" class=\"link\"><img loading=\"lazy\" decoding=\"async\" src=\"https:\/\/www.pnst.com.br\/wp-content\/uploads\/2026\/02\/graziella-junqueira-thumb.jpg\" title=\"Graziella Junqueira\" width=\"150\" height=\"150\" \/><p>Graziella Junqueira<\/p><\/a><p class=\"vcard\"><a href=\"https:\/\/www.pnst.com.br\/sv\/profile\/graziella-junqueira\/\">Mer<\/a><\/p><\/div><\/div><div class=\"lawyer-seat\"><div class=\"wrap\"><a href=\"https:\/\/www.pnst.com.br\/sv\/profile\/luccas-miranda-machado-de-melo-mendonca\/\" class=\"link\"><img loading=\"lazy\" decoding=\"async\" src=\"https:\/\/www.pnst.com.br\/wp-content\/uploads\/2024\/07\/luccas-miranda-machado-de-melo-mendonca-thumb.webp\" title=\"Luccas Miranda Machado de Melo Mendon\u00e7a\" width=\"150\" height=\"150\" \/><p>Luccas Miranda Machado de Melo Mendon\u00e7a<\/p><\/a><p class=\"vcard\"><a href=\"https:\/\/www.pnst.com.br\/sv\/profile\/luccas-miranda-machado-de-melo-mendonca\/\">Mer<\/a> | <a href=\"https:\/\/www.pnst.com.br\/vCards\/vcard-luccas-miranda-machado-de-melo-mendonca.pdf\" target=\"_blank\">vCard<\/a><\/p><\/div><\/div><div class=\"lawyer-seat\"><div class=\"wrap\"><a href=\"https:\/\/www.pnst.com.br\/sv\/profile\/marilene-novelli-siragna\/\" class=\"link\"><img loading=\"lazy\" decoding=\"async\" src=\"https:\/\/www.pnst.com.br\/wp-content\/uploads\/2016\/12\/marilene-novelli-siragna-thumb.png\" title=\"Marilene Novelli Siragna\" width=\"150\" height=\"150\" \/><p>Marilene Novelli Siragna<\/p><\/a><p class=\"vcard\"><a href=\"https:\/\/www.pnst.com.br\/sv\/profile\/marilene-novelli-siragna\/\">Mer<\/a> | <a href=\"https:\/\/www.pnst.com.br\/vCards\/vcard-marilene-novelli-siragna.pdf\" target=\"_blank\">vCard<\/a><\/p><\/div><\/div><div class=\"lawyer-seat\"><div class=\"wrap\"><a href=\"https:\/\/www.pnst.com.br\/sv\/profile\/paola-vasconcelos-costa-nalepa\/\" class=\"link\"><img loading=\"lazy\" decoding=\"async\" src=\"https:\/\/www.pnst.com.br\/wp-content\/uploads\/2025\/06\/paola-vasconcelos-costa-nalepa-thumb.webp\" title=\"Paola Vasconcelos Costa Nalepa\" width=\"150\" height=\"150\" \/><p>Paola Vasconcelos Costa Nalepa<\/p><\/a><p class=\"vcard\"><a href=\"https:\/\/www.pnst.com.br\/sv\/profile\/paola-vasconcelos-costa-nalepa\/\">Mer<\/a><\/p><\/div><\/div><div class=\"lawyer-seat\"><div class=\"wrap\"><a href=\"https:\/\/www.pnst.com.br\/sv\/profile\/patricia-rodrigues-da-silva\/\" class=\"link\"><img loading=\"lazy\" decoding=\"async\" src=\"https:\/\/www.pnst.com.br\/wp-content\/uploads\/2016\/12\/patricia-rodrigues-da-silva-thumb.png\" title=\"Patr\u00edcia Rodrigues da Silva\" width=\"150\" height=\"150\" \/><p>Patr\u00edcia Rodrigues da Silva<\/p><\/a><p class=\"vcard\"><a href=\"https:\/\/www.pnst.com.br\/sv\/profile\/patricia-rodrigues-da-silva\/\">Mer<\/a><\/p><\/div><\/div><div class=\"lawyer-seat\"><div class=\"wrap\"><a href=\"https:\/\/www.pnst.com.br\/sv\/profile\/priscila-marcia-da-silva-santos\/\" class=\"link\"><img loading=\"lazy\" decoding=\"async\" src=\"https:\/\/www.pnst.com.br\/wp-content\/uploads\/2016\/12\/priscila-marcia-da-silva-santos-thumb.webp\" title=\"Priscila M\u00e1rcia da Silva Santos\" width=\"150\" height=\"150\" \/><p>Priscila M\u00e1rcia da Silva Santos<\/p><\/a><p class=\"vcard\"><a href=\"https:\/\/www.pnst.com.br\/sv\/profile\/priscila-marcia-da-silva-santos\/\">Mer<\/a> | <a href=\"https:\/\/www.pnst.com.br\/vCards\/vcard-priscila-marcia-da-silva-santos.pdf\" target=\"_blank\">vCard<\/a><\/p><\/div><\/div><\/div>\n\n\n\n<hr class=\"wp-block-separator has-css-opacity is-style-wide\"\/>\n\n\n\n<h3 class=\"wp-block-heading\">Expertr\u00e5dgivare<\/h3>\n\n\n<div class=\"lawyers-container\"><div class=\"lawyer-seat\"><div class=\"wrap\"><a href=\"https:\/\/www.pnst.com.br\/sv\/profile\/cecilia-vidigal\/\" class=\"link\"><img loading=\"lazy\" decoding=\"async\" src=\"https:\/\/www.pnst.com.br\/wp-content\/uploads\/2024\/08\/cecilia-vidigal-thumb.png\" title=\"Cecilia Vidigal\" width=\"150\" height=\"150\" \/><p>Cecilia Vidigal<\/p><\/a><p class=\"vcard\"><a href=\"https:\/\/www.pnst.com.br\/sv\/profile\/cecilia-vidigal\/\">Mer<\/a> | <a href=\"https:\/\/www.pnst.com.br\/vCards\/vcard-cecilia-vidigal.pdf\" target=\"_blank\">vCard<\/a><\/p><\/div><\/div><div class=\"lawyer-seat\"><div class=\"wrap\"><a href=\"https:\/\/www.pnst.com.br\/sv\/profile\/celso-fernandes-campilongo\/\" class=\"link\"><img loading=\"lazy\" decoding=\"async\" src=\"https:\/\/www.pnst.com.br\/wp-content\/uploads\/2020\/09\/celso-fernandes-campilongo-thumb-1.png\" title=\"Celso Fernandes Campilongo\" width=\"150\" height=\"150\" \/><p>Celso Fernandes Campilongo<\/p><\/a><p class=\"vcard\"><a href=\"https:\/\/www.pnst.com.br\/sv\/profile\/celso-fernandes-campilongo\/\">Mer<\/a><\/p><\/div><\/div><div class=\"lawyer-seat\"><div class=\"wrap\"><a href=\"https:\/\/www.pnst.com.br\/sv\/profile\/hugo-snobohm-hartzell\/\" class=\"link\"><img loading=\"lazy\" decoding=\"async\" src=\"https:\/\/www.pnst.com.br\/wp-content\/uploads\/2025\/02\/hugo-snobohm-hartzell2-thumb.png\" title=\"Hugo Snobohm Hartzell\" width=\"150\" height=\"150\" \/><p>Hugo Snobohm Hartzell<\/p><\/a><p class=\"vcard\"><a href=\"https:\/\/www.pnst.com.br\/sv\/profile\/hugo-snobohm-hartzell\/\">Mer<\/a> | <a href=\"https:\/\/www.pnst.com.br\/vCards\/vcard-hugo-snobohm-hartzell.pdf\" target=\"_blank\">vCard<\/a><\/p><\/div><\/div><div class=\"lawyer-seat\"><div class=\"wrap\"><a href=\"https:\/\/www.pnst.com.br\/sv\/profile\/julia-de-menezes-nogueira\/\" class=\"link\"><img loading=\"lazy\" decoding=\"async\" src=\"https:\/\/www.pnst.com.br\/wp-content\/uploads\/2025\/02\/julia-de-menezes-nogueira-thumb.webp\" title=\"Julia de Menezes Nogueira\" width=\"150\" height=\"150\" \/><p>Julia de Menezes Nogueira<\/p><\/a><p class=\"vcard\"><a href=\"https:\/\/www.pnst.com.br\/sv\/profile\/julia-de-menezes-nogueira\/\">Mer<\/a> | <a href=\"https:\/\/www.pnst.com.br\/vCards\/vcard-julia-de-menezes-nogueira.pdf\" target=\"_blank\">vCard<\/a><\/p><\/div><\/div><div class=\"lawyer-seat\"><div class=\"wrap\"><a href=\"https:\/\/www.pnst.com.br\/sv\/profile\/julia-krautter-romeiro\/\" class=\"link\"><img loading=\"lazy\" decoding=\"async\" src=\"https:\/\/www.pnst.com.br\/wp-content\/uploads\/2016\/12\/julia-krautter-romeiro-thumb.png\" title=\"Julia Krautter Romeiro\" width=\"150\" height=\"150\" \/><p>Julia Krautter Romeiro<\/p><\/a><p class=\"vcard\"><a href=\"https:\/\/www.pnst.com.br\/sv\/profile\/julia-krautter-romeiro\/\">Mer<\/a> | <a href=\"https:\/\/www.pnst.com.br\/vCards\/vcard-julia-krautter-romeiro.pdf\" target=\"_blank\">vCard<\/a><\/p><\/div><\/div><div class=\"lawyer-seat\"><div class=\"wrap\"><a href=\"https:\/\/www.pnst.com.br\/sv\/profile\/maria-pereira-martins-de-carvalho\/\" class=\"link\"><img loading=\"lazy\" decoding=\"async\" src=\"https:\/\/www.pnst.com.br\/wp-content\/uploads\/2019\/08\/maria-pereira-martins-de-carvalho-thumb.png\" title=\"M\u00e1ria Pereira Martins de Carvalho\" width=\"150\" height=\"150\" \/><p>M\u00e1ria Pereira Martins de Carvalho<\/p><\/a><p class=\"vcard\"><a href=\"https:\/\/www.pnst.com.br\/sv\/profile\/maria-pereira-martins-de-carvalho\/\">Mer<\/a><\/p><\/div><\/div><div class=\"lawyer-seat\"><div class=\"wrap\"><a href=\"https:\/\/www.pnst.com.br\/sv\/profile\/parvis-papoli-barawati\/\" class=\"link\"><img loading=\"lazy\" decoding=\"async\" src=\"https:\/\/www.pnst.com.br\/wp-content\/uploads\/2020\/09\/parvis-papoli-barawati-thumb.png\" title=\"Parvis Papoli Barawati\" width=\"150\" height=\"150\" \/><p>Parvis Papoli Barawati<\/p><\/a><p class=\"vcard\"><a href=\"https:\/\/www.pnst.com.br\/sv\/profile\/parvis-papoli-barawati\/\">Mer<\/a><\/p><\/div><\/div><div class=\"lawyer-seat\"><div class=\"wrap\"><a href=\"https:\/\/www.pnst.com.br\/sv\/profile\/pedro-leonardo-stein-messetti\/\" class=\"link\"><img loading=\"lazy\" decoding=\"async\" src=\"https:\/\/www.pnst.com.br\/wp-content\/uploads\/2016\/12\/pedro-leonardo-stein-messetti-thumb.png\" title=\"Pedro Leonardo Stein Messetti\" width=\"150\" height=\"150\" \/><p>Pedro Leonardo Stein Messetti<\/p><\/a><p class=\"vcard\"><a href=\"https:\/\/www.pnst.com.br\/sv\/profile\/pedro-leonardo-stein-messetti\/\">Mer<\/a><\/p><\/div><\/div><\/div>\n\n\n\n<hr class=\"wp-block-separator has-css-opacity is-style-wide\"\/>\n\n\n\n<h3 class=\"wp-block-heading trainees\" id=\"trainees\">Praktikanter<\/h3>\n\n\n<div class=\"lawyers-container\"><\/div>\n\n\n\n<hr class=\"wp-block-separator has-css-opacity is-style-wide trainees\"\/>\n\n\n\n<h3 class=\"wp-block-heading\">Administration<\/h3>\n\n\n<div class=\"lawyers-container\"><div class=\"lawyer-seat\"><div class=\"wrap\"><a href=\"https:\/\/www.pnst.com.br\/sv\/profile\/tais-helena-bacellar\/\" class=\"link\"><img loading=\"lazy\" decoding=\"async\" src=\"https:\/\/www.pnst.com.br\/wp-content\/uploads\/2016\/12\/tais-helena-bacellar-thumb.png\" title=\"Tais Helena Bacellar\" width=\"150\" height=\"150\" \/><p>Tais Helena Bacellar<\/p><\/a><p class=\"vcard\"><a href=\"https:\/\/www.pnst.com.br\/sv\/profile\/tais-helena-bacellar\/\">Mer<\/a> | <a href=\"https:\/\/www.pnst.com.br\/vCards\/vcard-tais-helena-bacellar.pdf\" target=\"_blank\">vCard<\/a><\/p><\/div><\/div><div class=\"lawyer-seat\"><div class=\"wrap\"><a href=\"https:\/\/www.pnst.com.br\/sv\/profile\/danielle-van-tongeren\/\" class=\"link\"><img loading=\"lazy\" decoding=\"async\" src=\"https:\/\/www.pnst.com.br\/wp-content\/uploads\/2016\/12\/danielle-van-tongeren-thumb.png\" title=\"Danielle van Tongeren\" width=\"150\" height=\"150\" \/><p>Danielle van Tongeren<\/p><\/a><p class=\"vcard\"><a href=\"https:\/\/www.pnst.com.br\/sv\/profile\/danielle-van-tongeren\/\">Mer<\/a> | <a href=\"https:\/\/www.pnst.com.br\/vCards\/vcard-danielle-van-tongeren.pdf\" target=\"_blank\">vCard<\/a><\/p><\/div><\/div><div class=\"lawyer-seat\"><div class=\"wrap\"><a href=\"https:\/\/www.pnst.com.br\/sv\/profile\/felipe-marques-zanetti\/\" class=\"link\"><img loading=\"lazy\" decoding=\"async\" src=\"https:\/\/www.pnst.com.br\/wp-content\/uploads\/2021\/01\/felipe-marques-zanetti-thumb.png\" title=\"Felipe Marques Zanetti\" width=\"150\" height=\"150\" \/><p>Felipe Marques Zanetti<\/p><\/a><p class=\"vcard\"><a href=\"https:\/\/www.pnst.com.br\/sv\/profile\/felipe-marques-zanetti\/\">Mer<\/a><\/p><\/div><\/div><div class=\"lawyer-seat\"><div class=\"wrap\"><a href=\"https:\/\/www.pnst.com.br\/sv\/profile\/danilo-mori\/\" class=\"link\"><img loading=\"lazy\" decoding=\"async\" src=\"https:\/\/www.pnst.com.br\/wp-content\/uploads\/2021\/01\/danilo-mori-thumb.jpg\" title=\"Danilo Mori\" width=\"150\" height=\"150\" \/><p>Danilo Mori<\/p><\/a><p class=\"vcard\"><a href=\"https:\/\/www.pnst.com.br\/sv\/profile\/danilo-mori\/\">Mer<\/a> | <a href=\"https:\/\/www.pnst.com.br\/vCards\/vcard-danilo-mori.pdf\" target=\"_blank\">vCard<\/a><\/p><\/div><\/div><div class=\"lawyer-seat\"><div class=\"wrap\"><a href=\"https:\/\/www.pnst.com.br\/sv\/profile\/steffani-lopes-magalhaes\/\" class=\"link\"><img loading=\"lazy\" decoding=\"async\" src=\"https:\/\/www.pnst.com.br\/wp-content\/uploads\/2021\/01\/steffani-lopes-magalhaes-thumb.png\" title=\"St\u00e9ffani Lopes Magalh\u00e3es\" width=\"150\" height=\"150\" \/><p>St\u00e9ffani Lopes Magalh\u00e3es<\/p><\/a><p class=\"vcard\"><a href=\"https:\/\/www.pnst.com.br\/sv\/profile\/steffani-lopes-magalhaes\/\">Mer<\/a><\/p><\/div><\/div><\/div>\n\n\n\n<hr class=\"wp-block-separator has-css-opacity is-style-wide\"\/>\n\n\n\n<div class=\"wp-block-genesis-blocks-gb-container gb-block-container\"><div class=\"gb-container-inside\"><div class=\"gb-container-content\" style=\"max-width:1600px\">\n<div class=\"wp-block-columns is-layout-flex wp-container-core-columns-is-layout-9d6595d7 wp-block-columns-is-layout-flex\">\n<div class=\"wp-block-column is-layout-flow wp-block-column-is-layout-flow\">\n<h3 class=\"wp-block-heading\"> PNST-ZALAF \/ Interior SP <\/h3>\n\n\n<ul class=\"wp-block-list\">\r\n<li><a href=\"https:\/\/www.linkedin.com\/in\/claudio-zalaf-26a47885\/\" target=\"_blank\" rel=\"noreferrer noopener\">Cl\u00e1udio Felippe Zalaf<\/a><\/li>\r\n<li><a href=\"https:\/\/www.linkedin.com\/in\/felipe-zalaf-21a4a616\/\" target=\"_blank\" rel=\"noreferrer noopener\">Felipe Schmidt Zalaf<\/a><\/li>\r\n<li><a href=\"https:\/\/www.linkedin.com\/in\/lucas-ciarrocchi-malavasi-4b343014b\/\" target=\"_blank\" rel=\"noreferrer noopener\">Lucas Ciarrocchi Malavasi<\/a><\/li>\r\n<li><a href=\"https:\/\/www.linkedin.com\/in\/guilherme-gut-29907333\/\" target=\"_blank\" rel=\"noreferrer noopener\">Guilherme Gut S\u00e1 Peixoto Castro<\/a><\/li>\r\n<li><a href=\"https:\/\/www.linkedin.com\/in\/andr%C3%A9ia-da-costa-ferreira-3a502136\/\" target=\"_blank\" rel=\"noreferrer noopener\">Andr\u00e9ia da Costa Ferreira<\/a><\/li>\r\n<\/ul>\n<\/div>\n\n\n\n<div class=\"wp-block-column is-layout-flow wp-block-column-is-layout-flow\"><\/div>\n<\/div>\n<\/div><\/div><\/div>\n","protected":false},"excerpt":{"rendered":"<p>Styrelseledam\u00f6ter Partners Expertr\u00e5dgivare Praktikanter Administration<\/p>\n","protected":false},"author":1,"featured_media":0,"parent":0,"menu_order":0,"comment_status":"closed","ping_status":"open","template":"","meta":{"_uag_custom_page_level_css":"","_genesis_hide_title":false,"_genesis_hide_breadcrumbs":false,"_genesis_hide_singular_image":false,"_genesis_hide_footer_widgets":false,"_genesis_custom_body_class":"","_genesis_custom_post_class":"","_genesis_layout":"","_joinchat":[],"footnotes":""},"class_list":{"0":"post-4839","1":"page","2":"type-page","3":"status-publish","5":"entry","6":"has-post-thumbnail"},"yoast_head":"<!-- This site is optimized with the Yoast SEO plugin v27.4 - https:\/\/yoast.com\/product\/yoast-seo-wordpress\/ -->\n<title>Medarbetare - PNST<\/title>\n<meta name=\"robots\" content=\"index, follow, max-snippet:-1, max-image-preview:large, max-video-preview:-1\" \/>\n<link rel=\"canonical\" href=\"https:\/\/www.pnst.com.br\/sv\/medarbetare\/\" \/>\n<meta property=\"og:locale\" content=\"sv_SE\" \/>\n<meta property=\"og:type\" content=\"article\" \/>\n<meta property=\"og:title\" content=\"Medarbetare - PNST\" \/>\n<meta property=\"og:description\" content=\"Styrelseledam\u00f6ter Partners Expertr\u00e5dgivare Praktikanter Administration\" \/>\n<meta property=\"og:url\" content=\"https:\/\/www.pnst.com.br\/sv\/medarbetare\/\" \/>\n<meta property=\"og:site_name\" content=\"PNST\" \/>\n<meta property=\"article:publisher\" content=\"https:\/\/www.facebook.com\/PNSTADVOGADOS\" \/>\n<meta property=\"article:modified_time\" content=\"2024-10-26T00:19:39+00:00\" \/>\n<meta property=\"og:image\" content=\"https:\/\/www.pnst.com.br\/wp-content\/uploads\/2020\/01\/logo-PNST.png\" \/>\n\t<meta property=\"og:image:width\" content=\"262\" \/>\n\t<meta property=\"og:image:height\" content=\"95\" \/>\n\t<meta property=\"og:image:type\" content=\"image\/png\" \/>\n<meta name=\"twitter:card\" content=\"summary_large_image\" \/>\n<meta name=\"twitter:label1\" content=\"Ber\u00e4knad l\u00e4stid\" \/>\n\t<meta name=\"twitter:data1\" content=\"1 minut\" \/>\n<script type=\"application\/ld+json\" class=\"yoast-schema-graph\">{\"@context\":\"https:\\\/\\\/schema.org\",\"@graph\":[{\"@type\":\"WebPage\",\"@id\":\"https:\\\/\\\/www.pnst.com.br\\\/sv\\\/medarbetare\\\/\",\"url\":\"https:\\\/\\\/www.pnst.com.br\\\/sv\\\/medarbetare\\\/\",\"name\":\"Medarbetare - PNST\",\"isPartOf\":{\"@id\":\"https:\\\/\\\/www.pnst.com.br\\\/sv\\\/#website\"},\"datePublished\":\"2014-09-29T04:28:47+00:00\",\"dateModified\":\"2024-10-26T00:19:39+00:00\",\"breadcrumb\":{\"@id\":\"https:\\\/\\\/www.pnst.com.br\\\/sv\\\/medarbetare\\\/#breadcrumb\"},\"inLanguage\":\"sv-SE\",\"potentialAction\":[{\"@type\":\"ReadAction\",\"target\":[\"https:\\\/\\\/www.pnst.com.br\\\/sv\\\/medarbetare\\\/\"]}]},{\"@type\":\"BreadcrumbList\",\"@id\":\"https:\\\/\\\/www.pnst.com.br\\\/sv\\\/medarbetare\\\/#breadcrumb\",\"itemListElement\":[{\"@type\":\"ListItem\",\"position\":1,\"name\":\"Hemsida\",\"item\":\"https:\\\/\\\/www.pnst.com.br\\\/sv\\\/\"},{\"@type\":\"ListItem\",\"position\":2,\"name\":\"Medarbetare\"}]},{\"@type\":\"WebSite\",\"@id\":\"https:\\\/\\\/www.pnst.com.br\\\/sv\\\/#website\",\"url\":\"https:\\\/\\\/www.pnst.com.br\\\/sv\\\/\",\"name\":\"PNST\",\"description\":\"Pacheco Neto, Sanden, Teisseire Advogados\",\"publisher\":{\"@id\":\"https:\\\/\\\/www.pnst.com.br\\\/sv\\\/#organization\"},\"potentialAction\":[{\"@type\":\"SearchAction\",\"target\":{\"@type\":\"EntryPoint\",\"urlTemplate\":\"https:\\\/\\\/www.pnst.com.br\\\/sv\\\/?s={search_term_string}\"},\"query-input\":{\"@type\":\"PropertyValueSpecification\",\"valueRequired\":true,\"valueName\":\"search_term_string\"}}],\"inLanguage\":\"sv-SE\"},{\"@type\":\"Organization\",\"@id\":\"https:\\\/\\\/www.pnst.com.br\\\/sv\\\/#organization\",\"name\":\"PNST | Pacheco Neto, Sanden, Teisseire Advogados\",\"url\":\"https:\\\/\\\/www.pnst.com.br\\\/sv\\\/\",\"logo\":{\"@type\":\"ImageObject\",\"inLanguage\":\"sv-SE\",\"@id\":\"https:\\\/\\\/www.pnst.com.br\\\/sv\\\/#\\\/schema\\\/logo\\\/image\\\/\",\"url\":\"https:\\\/\\\/www.pnst.com.br\\\/wp-content\\\/uploads\\\/2015\\\/07\\\/PNST-Pacheco-Neto-Sanden_Teisseire.jpg\",\"contentUrl\":\"https:\\\/\\\/www.pnst.com.br\\\/wp-content\\\/uploads\\\/2015\\\/07\\\/PNST-Pacheco-Neto-Sanden_Teisseire.jpg\",\"width\":262,\"height\":95,\"caption\":\"PNST | Pacheco Neto, Sanden, Teisseire Advogados\"},\"image\":{\"@id\":\"https:\\\/\\\/www.pnst.com.br\\\/sv\\\/#\\\/schema\\\/logo\\\/image\\\/\"},\"sameAs\":[\"https:\\\/\\\/www.facebook.com\\\/PNSTADVOGADOS\"]}]}<\/script>\n<!-- \/ Yoast SEO plugin. -->","yoast_head_json":{"title":"Medarbetare - PNST","robots":{"index":"index","follow":"follow","max-snippet":"max-snippet:-1","max-image-preview":"max-image-preview:large","max-video-preview":"max-video-preview:-1"},"canonical":"https:\/\/www.pnst.com.br\/sv\/medarbetare\/","og_locale":"sv_SE","og_type":"article","og_title":"Medarbetare - PNST","og_description":"Styrelseledam\u00f6ter Partners Expertr\u00e5dgivare Praktikanter Administration","og_url":"https:\/\/www.pnst.com.br\/sv\/medarbetare\/","og_site_name":"PNST","article_publisher":"https:\/\/www.facebook.com\/PNSTADVOGADOS","article_modified_time":"2024-10-26T00:19:39+00:00","og_image":[{"width":262,"height":95,"url":"https:\/\/www.pnst.com.br\/wp-content\/uploads\/2020\/01\/logo-PNST.png","type":"image\/png"}],"twitter_card":"summary_large_image","twitter_misc":{"Ber\u00e4knad l\u00e4stid":"1 minut"},"schema":{"@context":"https:\/\/schema.org","@graph":[{"@type":"WebPage","@id":"https:\/\/www.pnst.com.br\/sv\/medarbetare\/","url":"https:\/\/www.pnst.com.br\/sv\/medarbetare\/","name":"Medarbetare - PNST","isPartOf":{"@id":"https:\/\/www.pnst.com.br\/sv\/#website"},"datePublished":"2014-09-29T04:28:47+00:00","dateModified":"2024-10-26T00:19:39+00:00","breadcrumb":{"@id":"https:\/\/www.pnst.com.br\/sv\/medarbetare\/#breadcrumb"},"inLanguage":"sv-SE","potentialAction":[{"@type":"ReadAction","target":["https:\/\/www.pnst.com.br\/sv\/medarbetare\/"]}]},{"@type":"BreadcrumbList","@id":"https:\/\/www.pnst.com.br\/sv\/medarbetare\/#breadcrumb","itemListElement":[{"@type":"ListItem","position":1,"name":"Hemsida","item":"https:\/\/www.pnst.com.br\/sv\/"},{"@type":"ListItem","position":2,"name":"Medarbetare"}]},{"@type":"WebSite","@id":"https:\/\/www.pnst.com.br\/sv\/#website","url":"https:\/\/www.pnst.com.br\/sv\/","name":"PNST","description":"Pacheco Neto, Sanden, Teisseire Advogados","publisher":{"@id":"https:\/\/www.pnst.com.br\/sv\/#organization"},"potentialAction":[{"@type":"SearchAction","target":{"@type":"EntryPoint","urlTemplate":"https:\/\/www.pnst.com.br\/sv\/?s={search_term_string}"},"query-input":{"@type":"PropertyValueSpecification","valueRequired":true,"valueName":"search_term_string"}}],"inLanguage":"sv-SE"},{"@type":"Organization","@id":"https:\/\/www.pnst.com.br\/sv\/#organization","name":"PNST | Pacheco Neto, Sanden, Teisseire Advogados","url":"https:\/\/www.pnst.com.br\/sv\/","logo":{"@type":"ImageObject","inLanguage":"sv-SE","@id":"https:\/\/www.pnst.com.br\/sv\/#\/schema\/logo\/image\/","url":"https:\/\/www.pnst.com.br\/wp-content\/uploads\/2015\/07\/PNST-Pacheco-Neto-Sanden_Teisseire.jpg","contentUrl":"https:\/\/www.pnst.com.br\/wp-content\/uploads\/2015\/07\/PNST-Pacheco-Neto-Sanden_Teisseire.jpg","width":262,"height":95,"caption":"PNST | Pacheco Neto, Sanden, Teisseire Advogados"},"image":{"@id":"https:\/\/www.pnst.com.br\/sv\/#\/schema\/logo\/image\/"},"sameAs":["https:\/\/www.facebook.com\/PNSTADVOGADOS"]}]}},"featured_image_src":"","featured_image_src_square":false,"rbea_author_info":{"display_name":"admin","author_link":"https:\/\/www.pnst.com.br\/sv\/author\/admin\/"},"rbea_excerpt_info":"Styrelseledam\u00f6ter Partners Expertr\u00e5dgivare Praktikanter Administration","uagb_featured_image_src":{"full":false,"thumbnail":false,"medium":false,"medium_large":false,"large":false,"1536x1536":false,"2048x2048":false,"single-featured-image":false,"blog-featured-image":false,"home-featured":false,"gb-block-post-grid-landscape":false,"gb-block-post-grid-square":false},"uagb_author_info":{"display_name":"admin","author_link":"https:\/\/www.pnst.com.br\/sv\/author\/admin\/"},"uagb_comment_info":0,"uagb_excerpt":"Styrelseledam\u00f6ter Partners Expertr\u00e5dgivare Praktikanter Administration","_links":{"self":[{"href":"https:\/\/www.pnst.com.br\/sv\/wp-json\/wp\/v2\/pages\/4839","targetHints":{"allow":["GET"]}}],"collection":[{"href":"https:\/\/www.pnst.com.br\/sv\/wp-json\/wp\/v2\/pages"}],"about":[{"href":"https:\/\/www.pnst.com.br\/sv\/wp-json\/wp\/v2\/types\/page"}],"author":[{"embeddable":true,"href":"https:\/\/www.pnst.com.br\/sv\/wp-json\/wp\/v2\/users\/1"}],"replies":[{"embeddable":true,"href":"https:\/\/www.pnst.com.br\/sv\/wp-json\/wp\/v2\/comments?post=4839"}],"version-history":[{"count":0,"href":"https:\/\/www.pnst.com.br\/sv\/wp-json\/wp\/v2\/pages\/4839\/revisions"}],"wp:attachment":[{"href":"https:\/\/www.pnst.com.br\/sv\/wp-json\/wp\/v2\/media?parent=4839"}],"curies":[{"name":"wp","href":"https:\/\/api.w.org\/{rel}","templated":true}]}}