{"id":4842,"date":"2015-05-13T02:12:11","date_gmt":"2015-05-13T05:12:11","guid":{"rendered":"https:\/\/www.pnst.com.br\/sv\/practice-areas\/"},"modified":"2025-02-03T12:44:07","modified_gmt":"2025-02-03T15:44:07","slug":"verksamhetsomraaden","status":"publish","type":"page","link":"https:\/\/www.pnst.com.br\/sv\/verksamhetsomraaden\/","title":{"rendered":"Verksamhetsomr\u00e5den"},"content":{"rendered":"\n<p>Vi hj\u00e4lper v\u00e5ra klienter vid aff\u00e4rer inom de mest skiftande  n\u00e4ringsgrenarna b\u00e5de inhemskt och internationellt inom m\u00e5nga juridiska  omr\u00e5den:<\/p>\n\n\n\n<div class=\"wp-block-genesis-blocks-gb-container areas-atuacao-acordeao gb-block-container\"><div class=\"gb-container-inside\"><div class=\"gb-container-content\" style=\"max-width:1600px\">\n<div class=\"wp-block-columns is-layout-flex wp-container-core-columns-is-layout-9d6595d7 wp-block-columns-is-layout-flex\">\n<div class=\"wp-block-column is-vertically-aligned-top is-layout-flow wp-block-column-is-layout-flow\" style=\"flex-basis:20%\">\n<h4 class=\"wp-block-heading\">V\u00e5ra Tj\u00e4nsterz<\/h4>\n<\/div>\n\n\n\n<div class=\"wp-block-column is-layout-flow wp-block-column-is-layout-flow\" style=\"flex-basis:80%\">\n<div class=\"wp-block-genesis-blocks-gb-accordion gb-block-accordion\"><details><summary class=\"gb-accordion-title\">Aff\u00e4rsavtal<\/summary><div class=\"gb-accordion-text\">\n<p>Analys, utarbetande, revision och expertutl\u00e5tanden kring alla typer  av aff\u00e4rsavtal s\u00e5som entreprenadkontrakt, EPC-kontrakt, turn-key,  agentur, representation, distribution, upphovsr\u00e4tt kring bilder, l\u00e5n,  kostnadsf\u00f6rdelning, byggavtal och entreprenadbyggen, utl\u00e5ningsavtal,  leverant\u00f6rsavtal, tillhandah\u00e5llande av diverse tj\u00e4nster, konsignation,  f\u00f6rs\u00e4kringar, inklusive f\u00f6r vd- och styrelseansvar, garantiavtal,  obligationer, bankgaranti, sekretessavtal, allehanda bankl\u00e5n, inklusive  fr\u00e5n BNDES (den brasilianska utvecklingsbanken), k\u00f6p och f\u00f6rs\u00e4ljning av  fastigheter, leasningar, samarbeten och partnerskap,  icke-konkurrensavtal, letter of comfort, med flera.<\/p>\n<\/div><\/details><\/div>\n\n\n\n<div class=\"wp-block-genesis-blocks-gb-accordion gb-block-accordion\"><details><summary class=\"gb-accordion-title\">Arbetsr\u00e4tt och Tvister<\/summary><div class=\"gb-accordion-text\">\n<p>V\u00e5rt arbetsr\u00e4ttsliga team erbjuder f\u00f6rebyggande och processr\u00e4ttslig  r\u00e5dgivning och f\u00f6retr\u00e4der v\u00e5ra klienter i arbetstvister. Vi bist\u00e5r \u00e4ven  vid f\u00f6rlikningar, f\u00f6rhandlingar med fackf\u00f6rbund och avtalsf\u00f6rhandlingar  b\u00e5de vad g\u00e4ller individuella och kollektiva anst\u00e4llningar. Vidare  hj\u00e4lper vi till med att f\u00f6rebygga arbetsr\u00e4ttsliga processer och att  minimisera risken f\u00f6r ers\u00e4ttningskrav som r\u00f6r anst\u00e4llningar eller som  kan resultera av granskningar fr\u00e5n arbetsmarknads- eller  socialdepartement.<\/p>\n<\/div><\/details><\/div>\n\n\n\n<div class=\"wp-block-genesis-blocks-gb-accordion gb-block-accordion\"><details><summary class=\"gb-accordion-title\">Bolagsr\u00e4tt<\/summary><div class=\"gb-accordion-text\">\n<p>Planering och organisationsbildning, omorganisation, fusioner,  delningar, omvandlingar, och likvidation. Bildning av b\u00e5de onoterade  (LTDA) och noterade (S\/A) f\u00f6retag. Juridiskt bist\u00e5nd f\u00f6r att m\u00f6ta den  brasilianska centralbankens och finansinspektionens krav. R\u00e5dgivning i  private equity-fr\u00e5gor, b\u00e5de ang\u00e5ende eget eller investerarkapital, i  venture capital, joint venture, aktie\u00e4garavtal, kapitalr\u00f6relser (in- och  utfl\u00f6den), gr\u00e4ns\u00f6verskridande transaktioner och vid  f\u00f6retagsomstruktureringar. Vidare hj\u00e4lp med regler kring valutav\u00e4xling,  registrering av utl\u00e4ndska investeringar hos den brasilianska  centralbanken och i samband med bildning av filial i Brasilien, vare sig  som sj\u00e4lvst\u00e4ndig organisation eller genom association med en lokal  samarbetspartner.<\/p>\n<\/div><\/details><\/div>\n\n\n\n<div class=\"wp-block-genesis-blocks-gb-accordion gb-block-accordion\"><details><summary class=\"gb-accordion-title\">Civilr\u00e4tt och Tvister<\/summary><div class=\"gb-accordion-text\">\n<p>Utomr\u00e4ttslig r\u00e5dgivning (undvikande av domstolstvist) s\u00e5v\u00e4l som  juridiskt bitr\u00e4de i alla instanser, inklusive H\u00f6gsta domstolen, inom  f\u00f6ljande omr\u00e5den: processer som r\u00f6r allm\u00e4nna, kollektiva eller likartade  enskilda intressen (milj\u00f6fr\u00e5gor, konsumentr\u00e4tt, r\u00e4ttigheter kring  tillg\u00e5ngar av konstn\u00e4rligt, estetiskt, historiskt och landskapligt  v\u00e4rde), f\u00f6runders\u00f6kningar vid grupptalan och juridiskt bist\u00e5nd vid  gruppr\u00e4tteg\u00e5ngar, indrivning av fordringar (betalningsf\u00f6rel\u00e4gganden och  exekution vid konkurs och reorganisering), f\u00f6rfogande och \u00e4gander\u00e4tt av  fastigheter, familje- och arvsr\u00e4tt, betalningskrav, exekution, med mera.<\/p>\n<\/div><\/details><\/div>\n\n\n\n<div class=\"wp-block-genesis-blocks-gb-accordion gb-block-accordion\"><details><summary class=\"gb-accordion-title\">Dataskydd och Integritet<\/summary><div class=\"gb-accordion-text\">\n<p>Konsulttj\u00e4nster och juridisk assistans i enlighet med LGPD och andra till\u00e4mpliga best\u00e4mmelser, inklusive datastyrning, utarbetande och granskning av sekretesspolicyer, datakartl\u00e4ggning, databehandlingsavtal, incidentrespons, revisioner, processanpassning, utbildning, due diligence och r\u00e4ttstvister relaterade till integritet och dataskydd.<\/p>\n<\/div><\/details><\/div>\n\n\n\n<div class=\"wp-block-genesis-blocks-gb-accordion gb-block-accordion\"><details><summary class=\"gb-accordion-title\">Familje- och Arvsr\u00e4tt<\/summary><div class=\"gb-accordion-text\">\n<p>Juridisk r\u00e5dgivning och r\u00e4ttsst\u00f6d i familje- och arvsfr\u00e5gor s\u00e5som  d\u00f6dsbo, testamente, separationer, skilsm\u00e4ssa, \u00e4ktenskapsf\u00f6rord,  relations- och samboavtal, v\u00e5rdnad och umg\u00e4nge med barn, underh\u00e5ll,  bodelning, arv samt inhemsk och internationell adoption.<\/p>\n<\/div><\/details><\/div>\n\n\n\n<div class=\"wp-block-genesis-blocks-gb-accordion gb-block-accordion\"><details><summary class=\"gb-accordion-title\">Fastighetsr\u00e4tt<\/summary><div class=\"gb-accordion-text\">\n<p>Bred r\u00e5dgivning till b\u00e5de privatpersoner och f\u00f6retag vid  fastighetstransaktioner. Vi bist\u00e5r v\u00e5ra klienter i samband med regulj\u00e4ra  transaktioner s\u00e5som k\u00f6p och f\u00f6rs\u00e4ljningar, byten, \u00f6verl\u00e5telse som  betalning (datio in solutum), hypotek och uthyrningar, men \u00e4ven vid mer  avancerade transaktioner s\u00e5som built-to-suit-kontrakt, lease back-avtal,  eftermontering, markr\u00e4ttigheter, joint ventures, specialf\u00f6retag (SPE)  inom fastighetsbranschen, grundande av fastighetsholdingbolag,  fabriksflytt, v\u00e4rdepapperisering av fordringar, uppr\u00e4ttande av  investeringsfonder, strukturering av fastighetsverksamhet i allm\u00e4nhet  s\u00e5som fastighetsplaner (tomtindelning), hotell, l\u00e4genhetshotell,  bost\u00e4der, kontorshus, teknologi- och industrianl\u00e4ggningar och  k\u00f6pcentrum. Vi hj\u00e4lper vidare till med att l\u00e4gga upp strategier f\u00f6r  verksamhetsexpansion, due diligence vid markf\u00f6rv\u00e4rv samt bist\u00e5r vid  reglering i samband med fastighetsindelning.<\/p>\n<\/div><\/details><\/div>\n\n\n\n<div class=\"wp-block-genesis-blocks-gb-accordion gb-block-accordion\"><details><summary class=\"gb-accordion-title\">F\u00f6rhandling, Medling och Skiljef\u00f6rfaranden<\/summary><div class=\"gb-accordion-text\">\n<p>Vi bist\u00e5r b\u00e5de f\u00f6retag och privatpersoner med alternativa l\u00f6sningar  s\u00e5som skiljef\u00f6rfaranden och medlingar av b\u00e5de inhemska och  internationella tvister.<\/p>\n<\/div><\/details><\/div>\n\n\n\n<div class=\"wp-block-genesis-blocks-gb-accordion gb-block-accordion\"><details><summary class=\"gb-accordion-title\">F\u00f6rvaltningsr\u00e4tt<\/summary><div class=\"gb-accordion-text\">\n<p>Brasiliansk f\u00f6rvaltningsr\u00e4tt styrs av allm\u00e4nintresset. Anbud och  upphandling har speciella regler som g\u00e4ller vid koncession f\u00f6r  offentliga tj\u00e4nster. PNST hj\u00e4lper sina klienter med att anpassa sig  efter brasiliansk lag och i synnerhet efter de anti-korruptionslagarna  som nyligen tr\u00e4tt i kraft i landet.<\/p>\n<\/div><\/details><\/div>\n\n\n\n<div class=\"wp-block-genesis-blocks-gb-accordion gb-block-accordion\"><details><summary class=\"gb-accordion-title\">Immaterialr\u00e4tt<\/summary><div class=\"gb-accordion-text\">\n<p>Juridisk r\u00e5dgivning och bist\u00e5nd kring fr\u00e5gor s\u00e5som varum\u00e4rken,  patent, royalty, aff\u00e4rssekretess, teknologi\u00f6verf\u00f6ring, upphovsr\u00e4tt,  programvaruskydd, registrering av dom\u00e4nnamn, licenser, \u00f6verl\u00e5telser,  industriell formgivning, know-how.<\/p>\n<\/div><\/details><\/div>\n\n\n\n<div class=\"wp-block-genesis-blocks-gb-accordion gb-block-accordion\"><details><summary class=\"gb-accordion-title\">Konkurrensr\u00e4tt<\/summary><div class=\"gb-accordion-text\">\n<p>PNST ger r\u00e5dgivning om de konsekvenser en viss transaktion kan f\u00e5 ur  den brasilianska konkurrenslagens perspektiv. Lagen \u00e4ndrades \u00e5r 2012 och  p\u00e5verkar b\u00e5de investeringar och\/eller omstrukturering av f\u00f6retag.<\/p>\n<\/div><\/details><\/div>\n\n\n\n<div class=\"wp-block-genesis-blocks-gb-accordion gb-block-accordion\"><details><summary class=\"gb-accordion-title\">M&amp;A<\/summary><div class=\"gb-accordion-text\">\n<p>PNST r\u00e5dgiver ocks\u00e5 i samband med internationella  M&amp;A-transaktioner med fokus p\u00e5 arbetsfr\u00e5gor, skatt och bolags- och  handelsr\u00e4tt.<\/p>\n<\/div><\/details><\/div>\n\n\n\n<div class=\"wp-block-genesis-blocks-gb-accordion gb-block-accordion\"><details><summary class=\"gb-accordion-title\">Milj\u00f6r\u00e4tt<\/summary><div class=\"gb-accordion-text\">\n<p>PNST r\u00e5dgiver ocks\u00e5 i samband med fr\u00e5gor som r\u00f6r den brasilianska  milj\u00f6lagstiftningen i allt fr\u00e5n n\u00f6dv\u00e4ndiga licenser till tvister och  compliancefr\u00e5gor. Sanktionsavgifterna kan vara mycket h\u00f6ga och att f\u00e5  korrekt juridisk r\u00e5dgivning \u00e4r helt avg\u00f6rande.<\/p>\n<\/div><\/details><\/div>\n\n\n\n<div class=\"wp-block-genesis-blocks-gb-accordion gb-block-accordion\"><details><summary class=\"gb-accordion-title\">Regulatoriska Fr\u00e5gor<\/summary><div class=\"gb-accordion-text\">\n<p>Brasilien har inr\u00e4ttat flera statliga verk inom bland annat energi,  telekom och olja. PNST ger klienterna den information som beh\u00f6vs f\u00f6r att  kunna verka inom dessa och andra omr\u00e5den.<\/p>\n<\/div><\/details><\/div>\n\n\n\n<div class=\"wp-block-genesis-blocks-gb-accordion gb-block-accordion\"><details><summary class=\"gb-accordion-title\">Skatter\u00e4tt och Tvister<\/summary><div class=\"gb-accordion-text\">\n<p>F\u00f6rebyggande r\u00e5dgivning och administrativa och r\u00e4ttsliga tvister  kring skatter p\u00e5 alla niv\u00e5er; federala, delstatliga eller kommunala.  Skatteplanering, r\u00e4ttsliga specialistutl\u00e5tanden kring administration  och\/eller formell r\u00e5dfr\u00e5gning till skatteverk, klagom\u00e5l kring illegala  eller icke-konstitutionella skattekrav, bitr\u00e4de i samband med inkomna  betalningskrav samt kalkylering och r\u00e4ttm\u00e4tig \u00e5terbetalning av skatter  och avgifter.<\/p>\n<\/div><\/details><\/div>\n\n\n\n<div class=\"wp-block-genesis-blocks-gb-accordion gb-block-accordion\"><details><summary class=\"gb-accordion-title\">Utl\u00e4ndska Investeringar<\/summary><div class=\"gb-accordion-text\">\n<p>Planering och organisationsbildning, omorganisation, fusioner,  delningar, omvandlingar, och likvidation. Bildning av b\u00e5de onoterade  (LTDA) och noterade (S\/A) f\u00f6retag. Juridiskt bist\u00e5nd f\u00f6r att m\u00f6ta den  brasilianska centralbankens och finansinspektionens krav. R\u00e5dgivning i  private equity-fr\u00e5gor, b\u00e5de ang\u00e5ende eget eller investerarkapital, i  venture capital, joint venture, aktie\u00e4garavtal, kapitalr\u00f6relser (in- och  utfl\u00f6den), gr\u00e4ns\u00f6verskridande transaktioner och vid  f\u00f6retagsomstruktureringar. Vidare hj\u00e4lp med regler kring valutav\u00e4xling,  registrering av utl\u00e4ndska investeringar hos den brasilianska  centralbanken och i samband med bildning av filial i Brasilien, vare sig  som sj\u00e4lvst\u00e4ndig organisation eller genom association med en lokal  samarbetspartner.<\/p>\n<\/div><\/details><\/div>\n<\/div>\n<\/div>\n<\/div><\/div><\/div>\n\n\n\n<p><\/p>\n","protected":false},"excerpt":{"rendered":"<p>Vi hj\u00e4lper v\u00e5ra klienter vid aff\u00e4rer inom de mest skiftande n\u00e4ringsgrenarna b\u00e5de inhemskt och internationellt inom m\u00e5nga juridiska omr\u00e5den:<\/p>\n","protected":false},"author":1,"featured_media":0,"parent":0,"menu_order":1,"comment_status":"open","ping_status":"open","template":"","meta":{"_uag_custom_page_level_css":"","_genesis_hide_title":false,"_genesis_hide_breadcrumbs":false,"_genesis_hide_singular_image":false,"_genesis_hide_footer_widgets":false,"_genesis_custom_body_class":"","_genesis_custom_post_class":"","_genesis_layout":"","_joinchat":[],"footnotes":""},"class_list":{"0":"post-4842","1":"page","2":"type-page","3":"status-publish","5":"entry","6":"has-post-thumbnail"},"yoast_head":"<!-- This site is optimized with the Yoast SEO plugin v27.4 - https:\/\/yoast.com\/product\/yoast-seo-wordpress\/ -->\n<title>Verksamhetsomr\u00e5den - PNST<\/title>\n<meta name=\"robots\" content=\"index, follow, max-snippet:-1, max-image-preview:large, max-video-preview:-1\" \/>\n<link rel=\"canonical\" href=\"https:\/\/www.pnst.com.br\/sv\/verksamhetsomraaden\/\" \/>\n<meta property=\"og:locale\" content=\"sv_SE\" \/>\n<meta property=\"og:type\" content=\"article\" \/>\n<meta property=\"og:title\" content=\"Verksamhetsomr\u00e5den - PNST\" \/>\n<meta property=\"og:description\" content=\"Vi hj\u00e4lper v\u00e5ra klienter vid aff\u00e4rer inom de mest skiftande n\u00e4ringsgrenarna b\u00e5de inhemskt och internationellt inom m\u00e5nga juridiska omr\u00e5den:\" \/>\n<meta property=\"og:url\" content=\"https:\/\/www.pnst.com.br\/sv\/verksamhetsomraaden\/\" \/>\n<meta property=\"og:site_name\" content=\"PNST\" \/>\n<meta property=\"article:publisher\" content=\"https:\/\/www.facebook.com\/PNSTADVOGADOS\" \/>\n<meta property=\"article:modified_time\" content=\"2025-02-03T15:44:07+00:00\" \/>\n<meta property=\"og:image\" content=\"https:\/\/www.pnst.com.br\/wp-content\/uploads\/2020\/01\/logo-PNST.png\" \/>\n\t<meta property=\"og:image:width\" content=\"262\" \/>\n\t<meta property=\"og:image:height\" content=\"95\" \/>\n\t<meta property=\"og:image:type\" content=\"image\/png\" \/>\n<meta name=\"twitter:card\" content=\"summary_large_image\" \/>\n<meta name=\"twitter:label1\" content=\"Ber\u00e4knad l\u00e4stid\" \/>\n\t<meta name=\"twitter:data1\" content=\"5 minuter\" \/>\n<script type=\"application\/ld+json\" class=\"yoast-schema-graph\">{\"@context\":\"https:\\\/\\\/schema.org\",\"@graph\":[{\"@type\":\"WebPage\",\"@id\":\"https:\\\/\\\/www.pnst.com.br\\\/sv\\\/verksamhetsomraaden\\\/\",\"url\":\"https:\\\/\\\/www.pnst.com.br\\\/sv\\\/verksamhetsomraaden\\\/\",\"name\":\"Verksamhetsomr\u00e5den - PNST\",\"isPartOf\":{\"@id\":\"https:\\\/\\\/www.pnst.com.br\\\/sv\\\/#website\"},\"datePublished\":\"2015-05-13T05:12:11+00:00\",\"dateModified\":\"2025-02-03T15:44:07+00:00\",\"breadcrumb\":{\"@id\":\"https:\\\/\\\/www.pnst.com.br\\\/sv\\\/verksamhetsomraaden\\\/#breadcrumb\"},\"inLanguage\":\"sv-SE\",\"potentialAction\":[{\"@type\":\"ReadAction\",\"target\":[\"https:\\\/\\\/www.pnst.com.br\\\/sv\\\/verksamhetsomraaden\\\/\"]}]},{\"@type\":\"BreadcrumbList\",\"@id\":\"https:\\\/\\\/www.pnst.com.br\\\/sv\\\/verksamhetsomraaden\\\/#breadcrumb\",\"itemListElement\":[{\"@type\":\"ListItem\",\"position\":1,\"name\":\"Hemsida\",\"item\":\"https:\\\/\\\/www.pnst.com.br\\\/sv\\\/\"},{\"@type\":\"ListItem\",\"position\":2,\"name\":\"Verksamhetsomr\u00e5den\"}]},{\"@type\":\"WebSite\",\"@id\":\"https:\\\/\\\/www.pnst.com.br\\\/sv\\\/#website\",\"url\":\"https:\\\/\\\/www.pnst.com.br\\\/sv\\\/\",\"name\":\"PNST\",\"description\":\"Pacheco Neto, Sanden, Teisseire Advogados\",\"publisher\":{\"@id\":\"https:\\\/\\\/www.pnst.com.br\\\/sv\\\/#organization\"},\"potentialAction\":[{\"@type\":\"SearchAction\",\"target\":{\"@type\":\"EntryPoint\",\"urlTemplate\":\"https:\\\/\\\/www.pnst.com.br\\\/sv\\\/?s={search_term_string}\"},\"query-input\":{\"@type\":\"PropertyValueSpecification\",\"valueRequired\":true,\"valueName\":\"search_term_string\"}}],\"inLanguage\":\"sv-SE\"},{\"@type\":\"Organization\",\"@id\":\"https:\\\/\\\/www.pnst.com.br\\\/sv\\\/#organization\",\"name\":\"PNST | Pacheco Neto, Sanden, Teisseire Advogados\",\"url\":\"https:\\\/\\\/www.pnst.com.br\\\/sv\\\/\",\"logo\":{\"@type\":\"ImageObject\",\"inLanguage\":\"sv-SE\",\"@id\":\"https:\\\/\\\/www.pnst.com.br\\\/sv\\\/#\\\/schema\\\/logo\\\/image\\\/\",\"url\":\"https:\\\/\\\/www.pnst.com.br\\\/wp-content\\\/uploads\\\/2015\\\/07\\\/PNST-Pacheco-Neto-Sanden_Teisseire.jpg\",\"contentUrl\":\"https:\\\/\\\/www.pnst.com.br\\\/wp-content\\\/uploads\\\/2015\\\/07\\\/PNST-Pacheco-Neto-Sanden_Teisseire.jpg\",\"width\":262,\"height\":95,\"caption\":\"PNST | Pacheco Neto, Sanden, Teisseire Advogados\"},\"image\":{\"@id\":\"https:\\\/\\\/www.pnst.com.br\\\/sv\\\/#\\\/schema\\\/logo\\\/image\\\/\"},\"sameAs\":[\"https:\\\/\\\/www.facebook.com\\\/PNSTADVOGADOS\"]}]}<\/script>\n<!-- \/ Yoast SEO plugin. -->","yoast_head_json":{"title":"Verksamhetsomr\u00e5den - PNST","robots":{"index":"index","follow":"follow","max-snippet":"max-snippet:-1","max-image-preview":"max-image-preview:large","max-video-preview":"max-video-preview:-1"},"canonical":"https:\/\/www.pnst.com.br\/sv\/verksamhetsomraaden\/","og_locale":"sv_SE","og_type":"article","og_title":"Verksamhetsomr\u00e5den - PNST","og_description":"Vi hj\u00e4lper v\u00e5ra klienter vid aff\u00e4rer inom de mest skiftande n\u00e4ringsgrenarna b\u00e5de inhemskt och internationellt inom m\u00e5nga juridiska omr\u00e5den:","og_url":"https:\/\/www.pnst.com.br\/sv\/verksamhetsomraaden\/","og_site_name":"PNST","article_publisher":"https:\/\/www.facebook.com\/PNSTADVOGADOS","article_modified_time":"2025-02-03T15:44:07+00:00","og_image":[{"width":262,"height":95,"url":"https:\/\/www.pnst.com.br\/wp-content\/uploads\/2020\/01\/logo-PNST.png","type":"image\/png"}],"twitter_card":"summary_large_image","twitter_misc":{"Ber\u00e4knad l\u00e4stid":"5 minuter"},"schema":{"@context":"https:\/\/schema.org","@graph":[{"@type":"WebPage","@id":"https:\/\/www.pnst.com.br\/sv\/verksamhetsomraaden\/","url":"https:\/\/www.pnst.com.br\/sv\/verksamhetsomraaden\/","name":"Verksamhetsomr\u00e5den - PNST","isPartOf":{"@id":"https:\/\/www.pnst.com.br\/sv\/#website"},"datePublished":"2015-05-13T05:12:11+00:00","dateModified":"2025-02-03T15:44:07+00:00","breadcrumb":{"@id":"https:\/\/www.pnst.com.br\/sv\/verksamhetsomraaden\/#breadcrumb"},"inLanguage":"sv-SE","potentialAction":[{"@type":"ReadAction","target":["https:\/\/www.pnst.com.br\/sv\/verksamhetsomraaden\/"]}]},{"@type":"BreadcrumbList","@id":"https:\/\/www.pnst.com.br\/sv\/verksamhetsomraaden\/#breadcrumb","itemListElement":[{"@type":"ListItem","position":1,"name":"Hemsida","item":"https:\/\/www.pnst.com.br\/sv\/"},{"@type":"ListItem","position":2,"name":"Verksamhetsomr\u00e5den"}]},{"@type":"WebSite","@id":"https:\/\/www.pnst.com.br\/sv\/#website","url":"https:\/\/www.pnst.com.br\/sv\/","name":"PNST","description":"Pacheco Neto, Sanden, Teisseire Advogados","publisher":{"@id":"https:\/\/www.pnst.com.br\/sv\/#organization"},"potentialAction":[{"@type":"SearchAction","target":{"@type":"EntryPoint","urlTemplate":"https:\/\/www.pnst.com.br\/sv\/?s={search_term_string}"},"query-input":{"@type":"PropertyValueSpecification","valueRequired":true,"valueName":"search_term_string"}}],"inLanguage":"sv-SE"},{"@type":"Organization","@id":"https:\/\/www.pnst.com.br\/sv\/#organization","name":"PNST | Pacheco Neto, Sanden, Teisseire Advogados","url":"https:\/\/www.pnst.com.br\/sv\/","logo":{"@type":"ImageObject","inLanguage":"sv-SE","@id":"https:\/\/www.pnst.com.br\/sv\/#\/schema\/logo\/image\/","url":"https:\/\/www.pnst.com.br\/wp-content\/uploads\/2015\/07\/PNST-Pacheco-Neto-Sanden_Teisseire.jpg","contentUrl":"https:\/\/www.pnst.com.br\/wp-content\/uploads\/2015\/07\/PNST-Pacheco-Neto-Sanden_Teisseire.jpg","width":262,"height":95,"caption":"PNST | Pacheco Neto, Sanden, Teisseire Advogados"},"image":{"@id":"https:\/\/www.pnst.com.br\/sv\/#\/schema\/logo\/image\/"},"sameAs":["https:\/\/www.facebook.com\/PNSTADVOGADOS"]}]}},"featured_image_src":"","featured_image_src_square":false,"rbea_author_info":{"display_name":"admin","author_link":"https:\/\/www.pnst.com.br\/sv\/author\/admin\/"},"rbea_excerpt_info":"Vi hj\u00e4lper v\u00e5ra klienter vid aff\u00e4rer inom de mest skiftande n\u00e4ringsgrenarna b\u00e5de inhemskt och internationellt inom m\u00e5nga juridiska omr\u00e5den:","uagb_featured_image_src":{"full":false,"thumbnail":false,"medium":false,"medium_large":false,"large":false,"1536x1536":false,"2048x2048":false,"single-featured-image":false,"blog-featured-image":false,"home-featured":false,"gb-block-post-grid-landscape":false,"gb-block-post-grid-square":false},"uagb_author_info":{"display_name":"admin","author_link":"https:\/\/www.pnst.com.br\/sv\/author\/admin\/"},"uagb_comment_info":0,"uagb_excerpt":"Vi hj\u00e4lper v\u00e5ra klienter vid aff\u00e4rer inom de mest skiftande n\u00e4ringsgrenarna b\u00e5de inhemskt och internationellt inom m\u00e5nga juridiska omr\u00e5den:","_links":{"self":[{"href":"https:\/\/www.pnst.com.br\/sv\/wp-json\/wp\/v2\/pages\/4842","targetHints":{"allow":["GET"]}}],"collection":[{"href":"https:\/\/www.pnst.com.br\/sv\/wp-json\/wp\/v2\/pages"}],"about":[{"href":"https:\/\/www.pnst.com.br\/sv\/wp-json\/wp\/v2\/types\/page"}],"author":[{"embeddable":true,"href":"https:\/\/www.pnst.com.br\/sv\/wp-json\/wp\/v2\/users\/1"}],"replies":[{"embeddable":true,"href":"https:\/\/www.pnst.com.br\/sv\/wp-json\/wp\/v2\/comments?post=4842"}],"version-history":[{"count":0,"href":"https:\/\/www.pnst.com.br\/sv\/wp-json\/wp\/v2\/pages\/4842\/revisions"}],"wp:attachment":[{"href":"https:\/\/www.pnst.com.br\/sv\/wp-json\/wp\/v2\/media?parent=4842"}],"curies":[{"name":"wp","href":"https:\/\/api.w.org\/{rel}","templated":true}]}}